{"id":17764,"date":"2024-09-13T15:23:24","date_gmt":"2024-09-13T13:23:24","guid":{"rendered":"https:\/\/novogreen.net\/?post_type=product&#038;p=17764"},"modified":"2026-04-28T23:49:28","modified_gmt":"2026-04-28T21:49:28","slug":"zoysia-stadium","status":"publish","type":"product","link":"https:\/\/novogreen.net\/pt\/producto\/zoysia-stadium\/","title":{"rendered":"Est\u00e1dio Zoysia"},"content":{"rendered":"<table id=\"tablepress-32\" class=\"tablepress tablepress-id-32\">\n<tbody class=\"row-striping row-hover\">\n<tr class=\"row-1\">\n\t<td class=\"column-1\">Usar<\/td><td class=\"column-2\">Campos de golf, terrenos deportivos, resorts, jardiner\u00eda<\/td>\n<\/tr>\n<tr class=\"row-2\">\n\t<td class=\"column-1\">Cor<\/td><td class=\"column-2\">Verde escuro<\/td>\n<\/tr>\n<tr class=\"row-3\">\n\t<td class=\"column-1\">Largura da l\u00c1\u00a2mina<\/td><td class=\"column-2\">Fina-media<\/td>\n<\/tr>\n<tr class=\"row-4\">\n\t<td class=\"column-1\">Dorm\u00c1\u00aancia de inverno<\/td><td class=\"column-2\">P\u00e9rdida de color por debajo de los 2\u00b0C<\/td>\n<\/tr>\n<tr class=\"row-5\">\n\t<td class=\"column-1\">Solos<\/td><td class=\"column-2\">Crece en una amplia gama de suelos<\/td>\n<\/tr>\n<tr class=\"row-6\">\n\t<td class=\"column-1\">Crescimento\/Reprodu\u00c1\u00a7\u00c1\u00a3o<\/td><td class=\"column-2\">Lento\/ Reproducci\u00f3n por tepe y esquejes<\/td>\n<\/tr>\n<tr class=\"row-7\">\n\t<td class=\"column-1\">Desgaste\/Pisoteio<\/td><td class=\"column-2\">Resistencia muy alta. Gran tolerancia al pisoteo debido a su densidad<\/td>\n<\/tr>\n<tr class=\"row-8\">\n\t<td class=\"column-1\">Recupera\u00c1\u00a7\u00c1\u00a3o de danos<\/td><td class=\"column-2\">M\u00e9dia<\/td>\n<\/tr>\n<tr class=\"row-9\">\n\t<td class=\"column-1\">Calor<\/td><td class=\"column-2\">Alta resist\u00c1\u00aancia.<\/td>\n<\/tr>\n<tr class=\"row-10\">\n\t<td class=\"column-1\">Frio<\/td><td class=\"column-2\">Alta resist\u00c1\u00aancia.<\/td>\n<\/tr>\n<tr class=\"row-11\">\n\t<td class=\"column-1\">Sombra<\/td><td class=\"column-2\">resist\u00c1\u00aancia m\u00e9dia-alta<\/td>\n<\/tr>\n<tr class=\"row-12\">\n\t<td class=\"column-1\">Seca<\/td><td class=\"column-2\">Resistecia muy alta<\/td>\n<\/tr>\n<tr class=\"row-13\">\n\t<td class=\"column-1\">Salinidade<\/td><td class=\"column-2\">Alta<\/td>\n<\/tr>\n<tr class=\"row-14\">\n\t<td class=\"column-1\">Necessidades h\u00eddricas<\/td><td class=\"column-2\">Muito baixo. Muito resistente \u00c1\u00a0 seca, tolera longos per\u00edodos sem irriga\u00c1\u00a7\u00c1\u00a3o.<\/td>\n<\/tr>\n<tr class=\"row-15\">\n\t<td class=\"column-1\">Corte<\/td><td class=\"column-2\">Muy baja frecuencia<\/td>\n<\/tr>\n<tr class=\"row-16\">\n\t<td class=\"column-1\">Ervas daninhas<\/td><td class=\"column-2\">Baixo impacto como infestante<\/td>\n<\/tr>\n<tr class=\"row-17\">\n\t<td class=\"column-1\">Pragas<\/td><td class=\"column-2\">Alta resist\u00c1\u00aancia.<\/td>\n<\/tr>\n<tr class=\"row-18\">\n\t<td class=\"column-1\">Doen\u00c1\u00a7as<\/td><td class=\"column-2\">Alta<\/td>\n<\/tr>\n<tr class=\"row-19\">\n\t<td class=\"column-1\">Fertilizantes<\/td><td class=\"column-2\">Baixas exig\u00c1\u00aancias<\/td>\n<\/tr>\n<\/tbody>\n<\/table>\n<!-- #tablepress-32 from cache -->","protected":false},"excerpt":{"rendered":"<p>Stadium es ideal para su uso en instalaciones deportivas, especialmente golf; y gracias a su amplia gama de alturas de corte tambi\u00e9n es muy apropiada para uso ornamental y jardiner\u00eda.<\/p>\n<p style=\"font-weight: 400;\">Su alta capacidad de recuperaci\u00f3n y densidad proporcionan una excelente superficie de juego que puede soportar tr\u00e1fico intenso. Posee una capacidad de crecimiento lateral muy superior a las Zoysias existentes en el mercado y por lo tanto una mayor rapidez de establecimiento, por lo que resulta apropiada para siembras de esquejes en campos de golf y grandes superficies.<\/p>\n<p style=\"font-weight: 400;\">Stadium es una zoysia de textura fina que exhibe un color verde m\u00e1s oscuro que cualquier otra zoysia. Extremadamente tolerante al calor y a la sequ\u00eda, es la opci\u00f3n perfecta para superficies respetuosas con el medio ambiente por su bajo consumo de agua y fertilizantes.<\/p>","protected":false},"featured_media":17768,"comment_status":"closed","ping_status":"closed","template":"","meta":{"_acf_changed":false,"_et_pb_use_builder":"","_et_pb_old_content":"","_et_gb_content_width":""},"product_brand":[],"product_cat":[195,200],"product_tag":[],"class_list":{"0":"post-17764","1":"product","2":"type-product","3":"status-publish","4":"has-post-thumbnail","6":"product_cat-variedades","7":"product_cat-zoysia","8":"pa_uso-deportivo","9":"pa_uso-futbol","10":"pa_uso-golf","11":"pa_uso-otros-deportes","12":"pa_uso-paisajismo-premium","14":"first","15":"instock","16":"shipping-taxable","17":"product-type-simple"},"acf":[],"yoast_head":"<!-- This site is optimized with the Yoast SEO plugin v27.4 - https:\/\/yoast.com\/product\/yoast-seo-wordpress\/ -->\n<title>Zoysia Stadium - C\u00e9sped Natural Novogreen<\/title>\n<meta name=\"robots\" content=\"index, follow, max-snippet:-1, max-image-preview:large, max-video-preview:-1\" \/>\n<link rel=\"canonical\" href=\"https:\/\/novogreen.net\/pt\/produto\/zoysia-stadium\/\" \/>\n<meta property=\"og:locale\" content=\"pt_PT\" \/>\n<meta property=\"og:type\" content=\"article\" \/>\n<meta property=\"og:title\" content=\"Zoysia Stadium - C\u00e9sped Natural Novogreen\" \/>\n<meta property=\"og:description\" content=\"Stadium es ideal para su uso en instalaciones deportivas, especialmente golf; y gracias a su amplia gama de alturas de corte tambi\u00e9n es muy apropiada para uso ornamental y jardiner\u00eda. Su alta capacidad de recuperaci\u00f3n y densidad proporcionan una excelente superficie de juego que puede soportar tr\u00e1fico intenso. Posee una capacidad de crecimiento lateral muy superior a las Zoysias existentes en el mercado y por lo tanto una mayor rapidez de establecimiento, por lo que resulta apropiada para siembras de esquejes en campos de golf y grandes superficies. Stadium es una zoysia de textura fina que exhibe un color verde m\u00e1s oscuro que cualquier otra zoysia. Extremadamente tolerante al calor y a la sequ\u00eda, es la opci\u00f3n perfecta para superficies respetuosas con el medio ambiente por su bajo consumo de agua y fertilizantes.\" \/>\n<meta property=\"og:url\" content=\"https:\/\/novogreen.net\/pt\/produto\/zoysia-stadium\/\" \/>\n<meta property=\"og:site_name\" content=\"C\u00e9sped Natural Novogreen\" \/>\n<meta property=\"article:publisher\" content=\"https:\/\/www.facebook.com\/novogreencesped\" \/>\n<meta property=\"article:modified_time\" content=\"2026-04-28T21:49:28+00:00\" \/>\n<meta property=\"og:image\" content=\"https:\/\/novogreen.net\/wp-content\/uploads\/2024\/09\/detalle-Stadium.jpg\" \/>\n\t<meta property=\"og:image:width\" content=\"1512\" \/>\n\t<meta property=\"og:image:height\" content=\"2016\" \/>\n\t<meta property=\"og:image:type\" content=\"image\/jpeg\" \/>\n<meta name=\"twitter:card\" content=\"summary_large_image\" \/>\n<meta name=\"twitter:site\" content=\"@Novogreen_sod\" \/>\n<meta name=\"twitter:label1\" content=\"Tempo estimado de leitura\" \/>\n\t<meta name=\"twitter:data1\" content=\"1 minuto\" \/>\n<script type=\"application\/ld+json\" class=\"yoast-schema-graph\">{\"@context\":\"https:\\\/\\\/schema.org\",\"@graph\":[{\"@type\":\"WebPage\",\"@id\":\"https:\\\/\\\/novogreen.net\\\/producto\\\/zoysia-stadium\\\/\",\"url\":\"https:\\\/\\\/novogreen.net\\\/producto\\\/zoysia-stadium\\\/\",\"name\":\"Zoysia Stadium - C\u00e9sped Natural Novogreen\",\"isPartOf\":{\"@id\":\"https:\\\/\\\/novogreen.net\\\/#website\"},\"primaryImageOfPage\":{\"@id\":\"https:\\\/\\\/novogreen.net\\\/producto\\\/zoysia-stadium\\\/#primaryimage\"},\"image\":{\"@id\":\"https:\\\/\\\/novogreen.net\\\/producto\\\/zoysia-stadium\\\/#primaryimage\"},\"thumbnailUrl\":\"https:\\\/\\\/novogreen.net\\\/wp-content\\\/uploads\\\/2024\\\/09\\\/detalle-Stadium.jpg\",\"datePublished\":\"2024-09-13T13:23:24+00:00\",\"dateModified\":\"2026-04-28T21:49:28+00:00\",\"breadcrumb\":{\"@id\":\"https:\\\/\\\/novogreen.net\\\/producto\\\/zoysia-stadium\\\/#breadcrumb\"},\"inLanguage\":\"pt-PT\",\"potentialAction\":[{\"@type\":\"ReadAction\",\"target\":[\"https:\\\/\\\/novogreen.net\\\/producto\\\/zoysia-stadium\\\/\"]}]},{\"@type\":\"ImageObject\",\"inLanguage\":\"pt-PT\",\"@id\":\"https:\\\/\\\/novogreen.net\\\/producto\\\/zoysia-stadium\\\/#primaryimage\",\"url\":\"https:\\\/\\\/novogreen.net\\\/wp-content\\\/uploads\\\/2024\\\/09\\\/detalle-Stadium.jpg\",\"contentUrl\":\"https:\\\/\\\/novogreen.net\\\/wp-content\\\/uploads\\\/2024\\\/09\\\/detalle-Stadium.jpg\",\"width\":1512,\"height\":2016},{\"@type\":\"BreadcrumbList\",\"@id\":\"https:\\\/\\\/novogreen.net\\\/producto\\\/zoysia-stadium\\\/#breadcrumb\",\"itemListElement\":[{\"@type\":\"ListItem\",\"position\":1,\"name\":\"Portada\",\"item\":\"https:\\\/\\\/novogreen.net\\\/\"},{\"@type\":\"ListItem\",\"position\":2,\"name\":\"Productos\",\"item\":\"https:\\\/\\\/novogreen.net\\\/tienda\\\/\"},{\"@type\":\"ListItem\",\"position\":3,\"name\":\"Zoysia Stadium\"}]},{\"@type\":\"WebSite\",\"@id\":\"https:\\\/\\\/novogreen.net\\\/#website\",\"url\":\"https:\\\/\\\/novogreen.net\\\/\",\"name\":\"C\u00e9sped Natural Novogreen\",\"description\":\"\",\"potentialAction\":[{\"@type\":\"SearchAction\",\"target\":{\"@type\":\"EntryPoint\",\"urlTemplate\":\"https:\\\/\\\/novogreen.net\\\/?s={search_term_string}\"},\"query-input\":{\"@type\":\"PropertyValueSpecification\",\"valueRequired\":true,\"valueName\":\"search_term_string\"}}],\"inLanguage\":\"pt-PT\"}]}<\/script>\n<!-- \/ Yoast SEO plugin. -->","yoast_head_json":{"title":"Zoysia Stadium - C\u00e9sped Natural Novogreen","robots":{"index":"index","follow":"follow","max-snippet":"max-snippet:-1","max-image-preview":"max-image-preview:large","max-video-preview":"max-video-preview:-1"},"canonical":"https:\/\/novogreen.net\/pt\/produto\/zoysia-stadium\/","og_locale":"pt_PT","og_type":"article","og_title":"Zoysia Stadium - C\u00e9sped Natural Novogreen","og_description":"Stadium es ideal para su uso en instalaciones deportivas, especialmente golf; y gracias a su amplia gama de alturas de corte tambi\u00e9n es muy apropiada para uso ornamental y jardiner\u00eda. Su alta capacidad de recuperaci\u00f3n y densidad proporcionan una excelente superficie de juego que puede soportar tr\u00e1fico intenso. Posee una capacidad de crecimiento lateral muy superior a las Zoysias existentes en el mercado y por lo tanto una mayor rapidez de establecimiento, por lo que resulta apropiada para siembras de esquejes en campos de golf y grandes superficies. Stadium es una zoysia de textura fina que exhibe un color verde m\u00e1s oscuro que cualquier otra zoysia. Extremadamente tolerante al calor y a la sequ\u00eda, es la opci\u00f3n perfecta para superficies respetuosas con el medio ambiente por su bajo consumo de agua y fertilizantes.","og_url":"https:\/\/novogreen.net\/pt\/produto\/zoysia-stadium\/","og_site_name":"C\u00e9sped Natural Novogreen","article_publisher":"https:\/\/www.facebook.com\/novogreencesped","article_modified_time":"2026-04-28T21:49:28+00:00","og_image":[{"width":1512,"height":2016,"url":"https:\/\/novogreen.net\/wp-content\/uploads\/2024\/09\/detalle-Stadium.jpg","type":"image\/jpeg"}],"twitter_card":"summary_large_image","twitter_site":"@Novogreen_sod","twitter_misc":{"Tempo estimado de leitura":"1 minuto"},"schema":{"@context":"https:\/\/schema.org","@graph":[{"@type":"WebPage","@id":"https:\/\/novogreen.net\/producto\/zoysia-stadium\/","url":"https:\/\/novogreen.net\/producto\/zoysia-stadium\/","name":"Zoysia Stadium - C\u00e9sped Natural Novogreen","isPartOf":{"@id":"https:\/\/novogreen.net\/#website"},"primaryImageOfPage":{"@id":"https:\/\/novogreen.net\/producto\/zoysia-stadium\/#primaryimage"},"image":{"@id":"https:\/\/novogreen.net\/producto\/zoysia-stadium\/#primaryimage"},"thumbnailUrl":"https:\/\/novogreen.net\/wp-content\/uploads\/2024\/09\/detalle-Stadium.jpg","datePublished":"2024-09-13T13:23:24+00:00","dateModified":"2026-04-28T21:49:28+00:00","breadcrumb":{"@id":"https:\/\/novogreen.net\/producto\/zoysia-stadium\/#breadcrumb"},"inLanguage":"pt-PT","potentialAction":[{"@type":"ReadAction","target":["https:\/\/novogreen.net\/producto\/zoysia-stadium\/"]}]},{"@type":"ImageObject","inLanguage":"pt-PT","@id":"https:\/\/novogreen.net\/producto\/zoysia-stadium\/#primaryimage","url":"https:\/\/novogreen.net\/wp-content\/uploads\/2024\/09\/detalle-Stadium.jpg","contentUrl":"https:\/\/novogreen.net\/wp-content\/uploads\/2024\/09\/detalle-Stadium.jpg","width":1512,"height":2016},{"@type":"BreadcrumbList","@id":"https:\/\/novogreen.net\/producto\/zoysia-stadium\/#breadcrumb","itemListElement":[{"@type":"ListItem","position":1,"name":"Portada","item":"https:\/\/novogreen.net\/"},{"@type":"ListItem","position":2,"name":"Productos","item":"https:\/\/novogreen.net\/tienda\/"},{"@type":"ListItem","position":3,"name":"Zoysia Stadium"}]},{"@type":"WebSite","@id":"https:\/\/novogreen.net\/#website","url":"https:\/\/novogreen.net\/","name":"Grama Natural Novogreen","description":"","potentialAction":[{"@type":"SearchAction","target":{"@type":"EntryPoint","urlTemplate":"https:\/\/novogreen.net\/?s={search_term_string}"},"query-input":{"@type":"PropertyValueSpecification","valueRequired":true,"valueName":"search_term_string"}}],"inLanguage":"pt-PT"}]}},"_links":{"self":[{"href":"https:\/\/novogreen.net\/pt\/wp-json\/wp\/v2\/product\/17764","targetHints":{"allow":["GET"]}}],"collection":[{"href":"https:\/\/novogreen.net\/pt\/wp-json\/wp\/v2\/product"}],"about":[{"href":"https:\/\/novogreen.net\/pt\/wp-json\/wp\/v2\/types\/product"}],"replies":[{"embeddable":true,"href":"https:\/\/novogreen.net\/pt\/wp-json\/wp\/v2\/comments?post=17764"}],"wp:featuredmedia":[{"embeddable":true,"href":"https:\/\/novogreen.net\/pt\/wp-json\/wp\/v2\/media\/17768"}],"wp:attachment":[{"href":"https:\/\/novogreen.net\/pt\/wp-json\/wp\/v2\/media?parent=17764"}],"wp:term":[{"taxonomy":"product_brand","embeddable":true,"href":"https:\/\/novogreen.net\/pt\/wp-json\/wp\/v2\/product_brand?post=17764"},{"taxonomy":"product_cat","embeddable":true,"href":"https:\/\/novogreen.net\/pt\/wp-json\/wp\/v2\/product_cat?post=17764"},{"taxonomy":"product_tag","embeddable":true,"href":"https:\/\/novogreen.net\/pt\/wp-json\/wp\/v2\/product_tag?post=17764"}],"curies":[{"name":"wp","href":"https:\/\/api.w.org\/{rel}","templated":true}]}}