{"id":15679,"date":"2022-05-06T09:59:18","date_gmt":"2022-05-06T07:59:18","guid":{"rendered":"https:\/\/novogreen.net\/producto\/dichondra-repens\/"},"modified":"2026-03-25T16:08:31","modified_gmt":"2026-03-25T15:08:31","slug":"dichondra-repens","status":"publish","type":"product","link":"https:\/\/novogreen.net\/pt\/produto\/dichondra-repens\/","title":{"rendered":"Dichondra repens"},"content":{"rendered":"<table id=\"tablepress-13\" class=\"tablepress tablepress-id-13\">\n<tbody class=\"row-striping row-hover\">\n<tr class=\"row-1\">\n\t<td class=\"column-1\">Usar<\/td><td class=\"column-2\">Jardinagem, paisagismo, ornamenta\u00c1\u00a7\u00c1\u00a3o<\/td>\n<\/tr>\n<tr class=\"row-2\">\n\t<td class=\"column-1\">Cor<\/td><td class=\"column-2\">cerceta<\/td>\n<\/tr>\n<tr class=\"row-3\">\n\t<td class=\"column-1\">Largura da l\u00c1\u00a2mina<\/td><td class=\"column-2\">largura globular<\/td>\n<\/tr>\n<tr class=\"row-4\">\n\t<td class=\"column-1\">Dorm\u00c1\u00aancia de inverno<\/td><td class=\"column-2\">P\u00e9rdida de color por debajo de los 5\u00b0C<\/td>\n<\/tr>\n<tr class=\"row-5\">\n\t<td class=\"column-1\">Solos<\/td><td class=\"column-2\">N\u00c1\u00a3o precisa de solo muito f\u00e9rtil, mas precisa de solo bem drenado.<\/td>\n<\/tr>\n<tr class=\"row-6\">\n\t<td class=\"column-1\">Crescimento\/Reprodu\u00c1\u00a7\u00c1\u00a3o<\/td><td class=\"column-2\">Por rizomas<\/td>\n<\/tr>\n<tr class=\"row-7\">\n\t<td class=\"column-1\">Desgaste\/Pisoteio<\/td><td class=\"column-2\">Baixa resist\u00c1\u00aancia<\/td>\n<\/tr>\n<tr class=\"row-8\">\n\t<td class=\"column-1\">Recupera\u00c1\u00a7\u00c1\u00a3o de danos<\/td><td class=\"column-2\">Alta<\/td>\n<\/tr>\n<tr class=\"row-9\">\n\t<td class=\"column-1\">Calor<\/td><td class=\"column-2\">Alta<\/td>\n<\/tr>\n<tr class=\"row-10\">\n\t<td class=\"column-1\">Frio<\/td><td class=\"column-2\">En climas fr\u00edos se vuelve marr\u00f3n. Resiste hasta los - 9\u00b0C.<\/td>\n<\/tr>\n<tr class=\"row-11\">\n\t<td class=\"column-1\">Sombra<\/td><td class=\"column-2\">Alta resist\u00c1\u00aancia.<\/td>\n<\/tr>\n<tr class=\"row-12\">\n\t<td class=\"column-1\">Seca<\/td><td class=\"column-2\">Baixa resist\u00c1\u00aancia<\/td>\n<\/tr>\n<tr class=\"row-13\">\n\t<td class=\"column-1\">Salinidade<\/td><td class=\"column-2\">Baixa resist\u00c1\u00aancia<\/td>\n<\/tr>\n<tr class=\"row-14\">\n\t<td class=\"column-1\">Necessidades h\u00eddricas<\/td><td class=\"column-2\">Meias<\/td>\n<\/tr>\n<tr class=\"row-15\">\n\t<td class=\"column-1\">Corte<\/td><td class=\"column-2\">N\u00c1\u00a3o precisa ser cortado.<\/td>\n<\/tr>\n<tr class=\"row-16\">\n\t<td class=\"column-1\">Ervas daninhas<\/td><td class=\"column-2\">Impacto m\u00e9dio das ervas daninhas<\/td>\n<\/tr>\n<tr class=\"row-17\">\n\t<td class=\"column-1\">Pragas<\/td><td class=\"column-2\">Alta<\/td>\n<\/tr>\n<tr class=\"row-18\">\n\t<td class=\"column-1\">Doen\u00c1\u00a7as<\/td><td class=\"column-2\">resist\u00c1\u00aancia m\u00e9dia-alta<\/td>\n<\/tr>\n<tr class=\"row-19\">\n\t<td class=\"column-1\">Fertilizantes<\/td><td class=\"column-2\">necessidades m\u00e9dias a altas<\/td>\n<\/tr>\n<\/tbody>\n<\/table>","protected":false},"excerpt":{"rendered":"<p>A Dichondra repens, esp\u00e9cie ideal para jardinagem, \u00e9 mais uma planta rasteira do que um gramado no sentido estrito.<\/p>\n<p>Em alguns projetos espec\u00edficos, uma cobertura de solo \u00c1\u00a0 base de Dichondra \u00e9 mais interessante e vantajosa do que um gramado, devido \u00c1\u00a0 sua beleza espetacular.<\/p>\n<p>Tolera sol pleno e tamb\u00e9m cresce excepcionalmente bem em condi\u00c1\u00a7\u00c1\u00b5es de sombra. Prefere climas temperados quentes para um desenvolvimento ideal.<\/p>\n<p>Al\u00e9m disso, n\u00c1\u00a3o requer solos f\u00e9rteis e sua maior vantagem sobre outras esp\u00e9cies de grama \u00e9 a baixa necessidade de corte.<\/p>","protected":false},"featured_media":10380,"comment_status":"closed","ping_status":"closed","template":"","meta":{"_acf_changed":false,"_et_pb_use_builder":"","_et_pb_old_content":"","_et_gb_content_width":""},"product_brand":[],"product_cat":[196,202,197,195],"product_tag":[],"class_list":{"0":"post-15679","1":"product","2":"type-product","3":"status-publish","4":"has-post-thumbnail","6":"product_cat-clima-calido","7":"product_cat-dichondra","8":"product_cat-otras","9":"product_cat-variedades","10":"pa_uso-golf","11":"pa_uso-ornamental","12":"pa_uso-otros-deportes","14":"first","15":"instock","16":"featured","17":"shipping-taxable","18":"product-type-simple"},"acf":[],"yoast_head":"<!-- This site is optimized with the Yoast SEO plugin v27.2 - https:\/\/yoast.com\/product\/yoast-seo-wordpress\/ -->\n<title>Dichondra repens - C\u00e9sped Natural Novogreen<\/title>\n<meta name=\"robots\" content=\"index, follow, max-snippet:-1, max-image-preview:large, max-video-preview:-1\" \/>\n<link rel=\"canonical\" href=\"https:\/\/novogreen.net\/pt\/produto\/dichondra-repens\/\" \/>\n<meta property=\"og:locale\" content=\"pt_PT\" \/>\n<meta property=\"og:type\" content=\"article\" \/>\n<meta property=\"og:title\" content=\"Dichondra repens - C\u00e9sped Natural Novogreen\" \/>\n<meta property=\"og:description\" content=\"Especie ideal para jardiner\u00eda, Dichondra repens es m\u00e1s bien una especie tapizante que un c\u00e9sped en sentido estricto.  Una cubierta vegetal a base de Dichondra es m\u00e1s interesante y ventajosa que un c\u00e9sped en algunos proyectos espec\u00edficos, debido a su belleza espectacular.  Soporta la exposici\u00f3n a pleno de sol adem\u00e1s de vegetar excepcionalmente bien en condiciones de sombra. Prefiere los climas templado-c\u00e1lidos para su perfecto desarrollo.  Adem\u00e1s, no requiere suelos f\u00e9rtiles y su mayor ventaja sobre otras especies cespitosas es su poca necesidad de siega.\" \/>\n<meta property=\"og:url\" content=\"https:\/\/novogreen.net\/pt\/produto\/dichondra-repens\/\" \/>\n<meta property=\"og:site_name\" content=\"C\u00e9sped Natural Novogreen\" \/>\n<meta property=\"article:publisher\" content=\"https:\/\/www.facebook.com\/novogreencesped\" \/>\n<meta property=\"article:modified_time\" content=\"2026-03-25T15:08:31+00:00\" \/>\n<meta property=\"og:image\" content=\"https:\/\/novogreen.net\/wp-content\/uploads\/2022\/05\/DICHONDRA-MICRO.jpg\" \/>\n\t<meta property=\"og:image:width\" content=\"300\" \/>\n\t<meta property=\"og:image:height\" content=\"300\" \/>\n\t<meta property=\"og:image:type\" content=\"image\/jpeg\" \/>\n<meta name=\"twitter:card\" content=\"summary_large_image\" \/>\n<meta name=\"twitter:site\" content=\"@Novogreen_sod\" \/>\n<meta name=\"twitter:label1\" content=\"Tempo estimado de leitura\" \/>\n\t<meta name=\"twitter:data1\" content=\"1 minuto\" \/>\n<script type=\"application\/ld+json\" class=\"yoast-schema-graph\">{\"@context\":\"https:\/\/schema.org\",\"@graph\":[{\"@type\":\"WebPage\",\"@id\":\"https:\/\/novogreen.net\/producto\/dichondra-repens\/\",\"url\":\"https:\/\/novogreen.net\/producto\/dichondra-repens\/\",\"name\":\"Dichondra repens - C\u00e9sped Natural Novogreen\",\"isPartOf\":{\"@id\":\"https:\/\/novogreen.net\/#website\"},\"primaryImageOfPage\":{\"@id\":\"https:\/\/novogreen.net\/producto\/dichondra-repens\/#primaryimage\"},\"image\":{\"@id\":\"https:\/\/novogreen.net\/producto\/dichondra-repens\/#primaryimage\"},\"thumbnailUrl\":\"https:\/\/novogreen.net\/wp-content\/uploads\/2022\/05\/DICHONDRA-MICRO.jpg\",\"datePublished\":\"2022-05-06T07:59:18+00:00\",\"dateModified\":\"2026-03-25T15:08:31+00:00\",\"breadcrumb\":{\"@id\":\"https:\/\/novogreen.net\/producto\/dichondra-repens\/#breadcrumb\"},\"inLanguage\":\"pt-PT\",\"potentialAction\":[{\"@type\":\"ReadAction\",\"target\":[\"https:\/\/novogreen.net\/producto\/dichondra-repens\/\"]}]},{\"@type\":\"ImageObject\",\"inLanguage\":\"pt-PT\",\"@id\":\"https:\/\/novogreen.net\/producto\/dichondra-repens\/#primaryimage\",\"url\":\"https:\/\/novogreen.net\/wp-content\/uploads\/2022\/05\/DICHONDRA-MICRO.jpg\",\"contentUrl\":\"https:\/\/novogreen.net\/wp-content\/uploads\/2022\/05\/DICHONDRA-MICRO.jpg\",\"width\":300,\"height\":300},{\"@type\":\"BreadcrumbList\",\"@id\":\"https:\/\/novogreen.net\/producto\/dichondra-repens\/#breadcrumb\",\"itemListElement\":[{\"@type\":\"ListItem\",\"position\":1,\"name\":\"Portada\",\"item\":\"https:\/\/novogreen.net\/\"},{\"@type\":\"ListItem\",\"position\":2,\"name\":\"Productos\",\"item\":\"https:\/\/novogreen.net\/tienda\/\"},{\"@type\":\"ListItem\",\"position\":3,\"name\":\"Dichondra repens\"}]},{\"@type\":\"WebSite\",\"@id\":\"https:\/\/novogreen.net\/#website\",\"url\":\"https:\/\/novogreen.net\/\",\"name\":\"C\u00e9sped Natural Novogreen\",\"description\":\"\",\"potentialAction\":[{\"@type\":\"SearchAction\",\"target\":{\"@type\":\"EntryPoint\",\"urlTemplate\":\"https:\/\/novogreen.net\/?s={search_term_string}\"},\"query-input\":{\"@type\":\"PropertyValueSpecification\",\"valueRequired\":true,\"valueName\":\"search_term_string\"}}],\"inLanguage\":\"pt-PT\"}]}<\/script>\n<!-- \/ Yoast SEO plugin. -->","yoast_head_json":{"title":"Dichondra repens - C\u00e9sped Natural Novogreen","robots":{"index":"index","follow":"follow","max-snippet":"max-snippet:-1","max-image-preview":"max-image-preview:large","max-video-preview":"max-video-preview:-1"},"canonical":"https:\/\/novogreen.net\/pt\/produto\/dichondra-repens\/","og_locale":"pt_PT","og_type":"article","og_title":"Dichondra repens - C\u00e9sped Natural Novogreen","og_description":"Especie ideal para jardiner\u00eda, Dichondra repens es m\u00e1s bien una especie tapizante que un c\u00e9sped en sentido estricto.  Una cubierta vegetal a base de Dichondra es m\u00e1s interesante y ventajosa que un c\u00e9sped en algunos proyectos espec\u00edficos, debido a su belleza espectacular.  Soporta la exposici\u00f3n a pleno de sol adem\u00e1s de vegetar excepcionalmente bien en condiciones de sombra. Prefiere los climas templado-c\u00e1lidos para su perfecto desarrollo.  Adem\u00e1s, no requiere suelos f\u00e9rtiles y su mayor ventaja sobre otras especies cespitosas es su poca necesidad de siega.","og_url":"https:\/\/novogreen.net\/pt\/produto\/dichondra-repens\/","og_site_name":"C\u00e9sped Natural Novogreen","article_publisher":"https:\/\/www.facebook.com\/novogreencesped","article_modified_time":"2026-03-25T15:08:31+00:00","og_image":[{"width":300,"height":300,"url":"https:\/\/novogreen.net\/wp-content\/uploads\/2022\/05\/DICHONDRA-MICRO.jpg","type":"image\/jpeg"}],"twitter_card":"summary_large_image","twitter_site":"@Novogreen_sod","twitter_misc":{"Tempo estimado de leitura":"1 minuto"},"schema":{"@context":"https:\/\/schema.org","@graph":[{"@type":"WebPage","@id":"https:\/\/novogreen.net\/producto\/dichondra-repens\/","url":"https:\/\/novogreen.net\/producto\/dichondra-repens\/","name":"Dichondra repens - C\u00e9sped Natural Novogreen","isPartOf":{"@id":"https:\/\/novogreen.net\/#website"},"primaryImageOfPage":{"@id":"https:\/\/novogreen.net\/producto\/dichondra-repens\/#primaryimage"},"image":{"@id":"https:\/\/novogreen.net\/producto\/dichondra-repens\/#primaryimage"},"thumbnailUrl":"https:\/\/novogreen.net\/wp-content\/uploads\/2022\/05\/DICHONDRA-MICRO.jpg","datePublished":"2022-05-06T07:59:18+00:00","dateModified":"2026-03-25T15:08:31+00:00","breadcrumb":{"@id":"https:\/\/novogreen.net\/producto\/dichondra-repens\/#breadcrumb"},"inLanguage":"pt-PT","potentialAction":[{"@type":"ReadAction","target":["https:\/\/novogreen.net\/producto\/dichondra-repens\/"]}]},{"@type":"ImageObject","inLanguage":"pt-PT","@id":"https:\/\/novogreen.net\/producto\/dichondra-repens\/#primaryimage","url":"https:\/\/novogreen.net\/wp-content\/uploads\/2022\/05\/DICHONDRA-MICRO.jpg","contentUrl":"https:\/\/novogreen.net\/wp-content\/uploads\/2022\/05\/DICHONDRA-MICRO.jpg","width":300,"height":300},{"@type":"BreadcrumbList","@id":"https:\/\/novogreen.net\/producto\/dichondra-repens\/#breadcrumb","itemListElement":[{"@type":"ListItem","position":1,"name":"Portada","item":"https:\/\/novogreen.net\/"},{"@type":"ListItem","position":2,"name":"Productos","item":"https:\/\/novogreen.net\/tienda\/"},{"@type":"ListItem","position":3,"name":"Dichondra repens"}]},{"@type":"WebSite","@id":"https:\/\/novogreen.net\/#website","url":"https:\/\/novogreen.net\/","name":"Grama Natural Novogreen","description":"","potentialAction":[{"@type":"SearchAction","target":{"@type":"EntryPoint","urlTemplate":"https:\/\/novogreen.net\/?s={search_term_string}"},"query-input":{"@type":"PropertyValueSpecification","valueRequired":true,"valueName":"search_term_string"}}],"inLanguage":"pt-PT"}]}},"_links":{"self":[{"href":"https:\/\/novogreen.net\/pt\/wp-json\/wp\/v2\/product\/15679","targetHints":{"allow":["GET"]}}],"collection":[{"href":"https:\/\/novogreen.net\/pt\/wp-json\/wp\/v2\/product"}],"about":[{"href":"https:\/\/novogreen.net\/pt\/wp-json\/wp\/v2\/types\/product"}],"replies":[{"embeddable":true,"href":"https:\/\/novogreen.net\/pt\/wp-json\/wp\/v2\/comments?post=15679"}],"wp:featuredmedia":[{"embeddable":true,"href":"https:\/\/novogreen.net\/pt\/wp-json\/wp\/v2\/media\/10380"}],"wp:attachment":[{"href":"https:\/\/novogreen.net\/pt\/wp-json\/wp\/v2\/media?parent=15679"}],"wp:term":[{"taxonomy":"product_brand","embeddable":true,"href":"https:\/\/novogreen.net\/pt\/wp-json\/wp\/v2\/product_brand?post=15679"},{"taxonomy":"product_cat","embeddable":true,"href":"https:\/\/novogreen.net\/pt\/wp-json\/wp\/v2\/product_cat?post=15679"},{"taxonomy":"product_tag","embeddable":true,"href":"https:\/\/novogreen.net\/pt\/wp-json\/wp\/v2\/product_tag?post=15679"}],"curies":[{"name":"wp","href":"https:\/\/api.w.org\/{rel}","templated":true}]}}