{"id":15667,"date":"2022-05-06T09:19:21","date_gmt":"2022-05-06T07:19:21","guid":{"rendered":"https:\/\/novogreen.net\/producto\/bermuda-tifway-419\/"},"modified":"2026-04-18T01:38:37","modified_gmt":"2026-04-17T23:38:37","slug":"bermuda-tifway-419","status":"publish","type":"product","link":"https:\/\/novogreen.net\/pt\/producto\/bermuda-tifway-419\/","title":{"rendered":"Bermuda Tifway 419"},"content":{"rendered":"<table id=\"tablepress-7\" class=\"tablepress tablepress-id-7\">\n<tbody class=\"row-striping row-hover\">\n<tr class=\"row-1\">\n\t<td class=\"column-1\">Usar<\/td><td class=\"column-2\">Estadios deportivos, campos de golf, jardiner\u00eda, parques<\/td><td class=\"column-3\"><\/td><td class=\"column-4\"><\/td>\n<\/tr>\n<tr class=\"row-2\">\n\t<td class=\"column-1\">Cor<\/td><td class=\"column-2\">Verde claro<\/td><td class=\"column-3\"><\/td><td class=\"column-4\"><\/td>\n<\/tr>\n<tr class=\"row-3\">\n\t<td class=\"column-1\">Largura da l\u00c1\u00a2mina<\/td><td class=\"column-2\">Gramado compacto de folhas finas<\/td><td class=\"column-3\"><\/td><td class=\"column-4\"><\/td>\n<\/tr>\n<tr class=\"row-4\">\n\t<td class=\"column-1\">Dorm\u00c1\u00aancia de inverno<\/td><td class=\"column-2\">Perda de cor abaixo dos 10\u00c2\u00b0C<\/td><td class=\"column-3\"><\/td><td class=\"column-4\"><\/td>\n<\/tr>\n<tr class=\"row-5\">\n\t<td class=\"column-1\">Solos<\/td><td class=\"column-2\">Todo tipo de suelos. pH entre 5.5 y 8.5 Crecimiento \/ Reproducci\u00f3n<\/td><td class=\"column-3\">Por estolones y rizomas. Muy r\u00e1pido Desgaste\/ Pisoteo<\/td><td class=\"column-4\">Alta<\/td>\n<\/tr>\n<tr class=\"row-6\">\n\t<td class=\"column-1\">Recupera\u00c1\u00a7\u00c1\u00a3o de danos<\/td><td class=\"column-2\">Alta<\/td><td class=\"column-3\"><\/td><td class=\"column-4\"><\/td>\n<\/tr>\n<tr class=\"row-7\">\n\t<td class=\"column-1\">Calor<\/td><td class=\"column-2\">Alta resist\u00c1\u00aancia.<\/td><td class=\"column-3\"><\/td><td class=\"column-4\"><\/td>\n<\/tr>\n<tr class=\"row-8\">\n\t<td class=\"column-1\">Frio<\/td><td class=\"column-2\">Alta<\/td><td class=\"column-3\"><\/td><td class=\"column-4\"><\/td>\n<\/tr>\n<tr class=\"row-9\">\n\t<td class=\"column-1\">Sombra<\/td><td class=\"column-2\">Baixa resist\u00c1\u00aancia<\/td><td class=\"column-3\"><\/td><td class=\"column-4\"><\/td>\n<\/tr>\n<tr class=\"row-10\">\n\t<td class=\"column-1\">Seca<\/td><td class=\"column-2\">Alta resist\u00c1\u00aancia.<\/td><td class=\"column-3\"><\/td><td class=\"column-4\"><\/td>\n<\/tr>\n<tr class=\"row-11\">\n\t<td class=\"column-1\">Salinidade<\/td><td class=\"column-2\">Alta<\/td><td class=\"column-3\"><\/td><td class=\"column-4\"><\/td>\n<\/tr>\n<tr class=\"row-12\">\n\t<td class=\"column-1\">Necessidades h\u00eddricas<\/td><td class=\"column-2\">Baixa.<\/td><td class=\"column-3\"><\/td><td class=\"column-4\"><\/td>\n<\/tr>\n<tr class=\"row-13\">\n\t<td class=\"column-1\">Corte<\/td><td class=\"column-2\">Frecuencia alta.<\/td><td class=\"column-3\"><\/td><td class=\"column-4\"><\/td>\n<\/tr>\n<tr class=\"row-14\">\n\t<td class=\"column-1\">Ervas daninhas<\/td><td class=\"column-2\">Baixo impacto como infestante<\/td><td class=\"column-3\"><\/td><td class=\"column-4\"><\/td>\n<\/tr>\n<tr class=\"row-15\">\n\t<td class=\"column-1\">Pragas<\/td><td class=\"column-2\">Alta<\/td><td class=\"column-3\"><\/td><td class=\"column-4\"><\/td>\n<\/tr>\n<tr class=\"row-16\">\n\t<td class=\"column-1\">Doen\u00c1\u00a7as<\/td><td class=\"column-2\">Alta resist\u00c1\u00aancia.<\/td><td class=\"column-3\"><\/td><td class=\"column-4\"><\/td>\n<\/tr>\n<tr class=\"row-17\">\n\t<td class=\"column-1\">Fertilizantes<\/td><td class=\"column-2\">Necesidades bajas.<\/td><td class=\"column-3\"><\/td><td class=\"column-4\"><\/td>\n<\/tr>\n<\/tbody>\n<\/table>\n<!-- #tablepress-7 from cache -->","protected":false},"excerpt":{"rendered":"<p>Es el c\u00e9sped cl\u00e1sico por excelencia, ideal tanto para jardiner\u00eda como para todo tipo de instalaciones deportivas, lleva m\u00e1s de 60 a\u00f1os ocupando los primeros puestos en ventas a nivel internacional.<\/p>\n<p>De hoja fina y muy compacto, soporta muy bien la sequ\u00eda, las sales y el desgaste, pero no se adapta muy bien al fr\u00edo ni a la sombra.<\/p>","protected":false},"featured_media":12005,"comment_status":"closed","ping_status":"closed","template":"","meta":{"_acf_changed":false,"_et_pb_use_builder":"","_et_pb_old_content":"","_et_gb_content_width":""},"product_brand":[],"product_cat":[201,195],"product_tag":[],"class_list":{"0":"post-15667","1":"product","2":"type-product","3":"status-publish","4":"has-post-thumbnail","6":"product_cat-bermuda","7":"product_cat-variedades","8":"pa_uso-deportivo","9":"pa_uso-futbol","10":"pa_uso-golf","11":"pa_uso-ornamental","12":"pa_uso-otros-deportes","14":"first","15":"instock","16":"shipping-taxable","17":"product-type-simple"},"acf":[],"yoast_head":"<!-- This site is optimized with the Yoast SEO plugin v27.4 - https:\/\/yoast.com\/product\/yoast-seo-wordpress\/ -->\n<title>Bermuda Tifway 419 - C\u00e9sped Natural Novogreen<\/title>\n<meta name=\"robots\" content=\"index, follow, max-snippet:-1, max-image-preview:large, max-video-preview:-1\" \/>\n<link rel=\"canonical\" href=\"https:\/\/novogreen.net\/pt\/produto\/bermuda-tifway-419\/\" \/>\n<meta property=\"og:locale\" content=\"pt_PT\" \/>\n<meta property=\"og:type\" content=\"article\" \/>\n<meta property=\"og:title\" content=\"Bermuda Tifway 419 - C\u00e9sped Natural Novogreen\" \/>\n<meta property=\"og:description\" content=\"Es el c\u00e9sped cl\u00e1sico por excelencia, ideal tanto para jardiner\u00eda como para todo tipo de instalaciones deportivas, lleva m\u00e1s de 60 a\u00f1os ocupando los primeros puestos en ventas a nivel internacional.  De hoja fina y muy compacto, soporta muy bien la sequ\u00eda, las sales y el desgaste, pero no se adapta muy bien al fr\u00edo ni a la sombra.\" \/>\n<meta property=\"og:url\" content=\"https:\/\/novogreen.net\/pt\/produto\/bermuda-tifway-419\/\" \/>\n<meta property=\"og:site_name\" content=\"C\u00e9sped Natural Novogreen\" \/>\n<meta property=\"article:publisher\" content=\"https:\/\/www.facebook.com\/novogreencesped\" \/>\n<meta property=\"article:modified_time\" content=\"2026-04-17T23:38:37+00:00\" \/>\n<meta property=\"og:image\" content=\"https:\/\/novogreen.net\/wp-content\/uploads\/2022\/05\/11.jpg\" \/>\n\t<meta property=\"og:image:width\" content=\"1200\" \/>\n\t<meta property=\"og:image:height\" content=\"800\" \/>\n\t<meta property=\"og:image:type\" content=\"image\/jpeg\" \/>\n<meta name=\"twitter:card\" content=\"summary_large_image\" \/>\n<meta name=\"twitter:site\" content=\"@Novogreen_sod\" \/>\n<meta name=\"twitter:label1\" content=\"Tempo estimado de leitura\" \/>\n\t<meta name=\"twitter:data1\" content=\"1 minuto\" \/>\n<script type=\"application\/ld+json\" class=\"yoast-schema-graph\">{\"@context\":\"https:\\\/\\\/schema.org\",\"@graph\":[{\"@type\":\"WebPage\",\"@id\":\"https:\\\/\\\/novogreen.net\\\/producto\\\/bermuda-tifway-419\\\/\",\"url\":\"https:\\\/\\\/novogreen.net\\\/producto\\\/bermuda-tifway-419\\\/\",\"name\":\"Bermuda Tifway 419 - C\u00e9sped Natural Novogreen\",\"isPartOf\":{\"@id\":\"https:\\\/\\\/novogreen.net\\\/#website\"},\"primaryImageOfPage\":{\"@id\":\"https:\\\/\\\/novogreen.net\\\/producto\\\/bermuda-tifway-419\\\/#primaryimage\"},\"image\":{\"@id\":\"https:\\\/\\\/novogreen.net\\\/producto\\\/bermuda-tifway-419\\\/#primaryimage\"},\"thumbnailUrl\":\"https:\\\/\\\/novogreen.net\\\/wp-content\\\/uploads\\\/2022\\\/05\\\/11.jpg\",\"datePublished\":\"2022-05-06T07:19:21+00:00\",\"dateModified\":\"2026-04-17T23:38:37+00:00\",\"breadcrumb\":{\"@id\":\"https:\\\/\\\/novogreen.net\\\/producto\\\/bermuda-tifway-419\\\/#breadcrumb\"},\"inLanguage\":\"pt-PT\",\"potentialAction\":[{\"@type\":\"ReadAction\",\"target\":[\"https:\\\/\\\/novogreen.net\\\/producto\\\/bermuda-tifway-419\\\/\"]}]},{\"@type\":\"ImageObject\",\"inLanguage\":\"pt-PT\",\"@id\":\"https:\\\/\\\/novogreen.net\\\/producto\\\/bermuda-tifway-419\\\/#primaryimage\",\"url\":\"https:\\\/\\\/novogreen.net\\\/wp-content\\\/uploads\\\/2022\\\/05\\\/11.jpg\",\"contentUrl\":\"https:\\\/\\\/novogreen.net\\\/wp-content\\\/uploads\\\/2022\\\/05\\\/11.jpg\",\"width\":1200,\"height\":800},{\"@type\":\"BreadcrumbList\",\"@id\":\"https:\\\/\\\/novogreen.net\\\/producto\\\/bermuda-tifway-419\\\/#breadcrumb\",\"itemListElement\":[{\"@type\":\"ListItem\",\"position\":1,\"name\":\"Portada\",\"item\":\"https:\\\/\\\/novogreen.net\\\/\"},{\"@type\":\"ListItem\",\"position\":2,\"name\":\"Productos\",\"item\":\"https:\\\/\\\/novogreen.net\\\/tienda\\\/\"},{\"@type\":\"ListItem\",\"position\":3,\"name\":\"Bermuda Tifway 419\"}]},{\"@type\":\"WebSite\",\"@id\":\"https:\\\/\\\/novogreen.net\\\/#website\",\"url\":\"https:\\\/\\\/novogreen.net\\\/\",\"name\":\"C\u00e9sped Natural Novogreen\",\"description\":\"\",\"potentialAction\":[{\"@type\":\"SearchAction\",\"target\":{\"@type\":\"EntryPoint\",\"urlTemplate\":\"https:\\\/\\\/novogreen.net\\\/?s={search_term_string}\"},\"query-input\":{\"@type\":\"PropertyValueSpecification\",\"valueRequired\":true,\"valueName\":\"search_term_string\"}}],\"inLanguage\":\"pt-PT\"}]}<\/script>\n<!-- \/ Yoast SEO plugin. -->","yoast_head_json":{"title":"Bermuda Tifway 419 - C\u00e9sped Natural Novogreen","robots":{"index":"index","follow":"follow","max-snippet":"max-snippet:-1","max-image-preview":"max-image-preview:large","max-video-preview":"max-video-preview:-1"},"canonical":"https:\/\/novogreen.net\/pt\/produto\/bermuda-tifway-419\/","og_locale":"pt_PT","og_type":"article","og_title":"Bermuda Tifway 419 - C\u00e9sped Natural Novogreen","og_description":"Es el c\u00e9sped cl\u00e1sico por excelencia, ideal tanto para jardiner\u00eda como para todo tipo de instalaciones deportivas, lleva m\u00e1s de 60 a\u00f1os ocupando los primeros puestos en ventas a nivel internacional.  De hoja fina y muy compacto, soporta muy bien la sequ\u00eda, las sales y el desgaste, pero no se adapta muy bien al fr\u00edo ni a la sombra.","og_url":"https:\/\/novogreen.net\/pt\/produto\/bermuda-tifway-419\/","og_site_name":"C\u00e9sped Natural Novogreen","article_publisher":"https:\/\/www.facebook.com\/novogreencesped","article_modified_time":"2026-04-17T23:38:37+00:00","og_image":[{"width":1200,"height":800,"url":"https:\/\/novogreen.net\/wp-content\/uploads\/2022\/05\/11.jpg","type":"image\/jpeg"}],"twitter_card":"summary_large_image","twitter_site":"@Novogreen_sod","twitter_misc":{"Tempo estimado de leitura":"1 minuto"},"schema":{"@context":"https:\/\/schema.org","@graph":[{"@type":"WebPage","@id":"https:\/\/novogreen.net\/producto\/bermuda-tifway-419\/","url":"https:\/\/novogreen.net\/producto\/bermuda-tifway-419\/","name":"Bermuda Tifway 419 - C\u00e9sped Natural Novogreen","isPartOf":{"@id":"https:\/\/novogreen.net\/#website"},"primaryImageOfPage":{"@id":"https:\/\/novogreen.net\/producto\/bermuda-tifway-419\/#primaryimage"},"image":{"@id":"https:\/\/novogreen.net\/producto\/bermuda-tifway-419\/#primaryimage"},"thumbnailUrl":"https:\/\/novogreen.net\/wp-content\/uploads\/2022\/05\/11.jpg","datePublished":"2022-05-06T07:19:21+00:00","dateModified":"2026-04-17T23:38:37+00:00","breadcrumb":{"@id":"https:\/\/novogreen.net\/producto\/bermuda-tifway-419\/#breadcrumb"},"inLanguage":"pt-PT","potentialAction":[{"@type":"ReadAction","target":["https:\/\/novogreen.net\/producto\/bermuda-tifway-419\/"]}]},{"@type":"ImageObject","inLanguage":"pt-PT","@id":"https:\/\/novogreen.net\/producto\/bermuda-tifway-419\/#primaryimage","url":"https:\/\/novogreen.net\/wp-content\/uploads\/2022\/05\/11.jpg","contentUrl":"https:\/\/novogreen.net\/wp-content\/uploads\/2022\/05\/11.jpg","width":1200,"height":800},{"@type":"BreadcrumbList","@id":"https:\/\/novogreen.net\/producto\/bermuda-tifway-419\/#breadcrumb","itemListElement":[{"@type":"ListItem","position":1,"name":"Portada","item":"https:\/\/novogreen.net\/"},{"@type":"ListItem","position":2,"name":"Productos","item":"https:\/\/novogreen.net\/tienda\/"},{"@type":"ListItem","position":3,"name":"Bermuda Tifway 419"}]},{"@type":"WebSite","@id":"https:\/\/novogreen.net\/#website","url":"https:\/\/novogreen.net\/","name":"Grama Natural Novogreen","description":"","potentialAction":[{"@type":"SearchAction","target":{"@type":"EntryPoint","urlTemplate":"https:\/\/novogreen.net\/?s={search_term_string}"},"query-input":{"@type":"PropertyValueSpecification","valueRequired":true,"valueName":"search_term_string"}}],"inLanguage":"pt-PT"}]}},"_links":{"self":[{"href":"https:\/\/novogreen.net\/pt\/wp-json\/wp\/v2\/product\/15667","targetHints":{"allow":["GET"]}}],"collection":[{"href":"https:\/\/novogreen.net\/pt\/wp-json\/wp\/v2\/product"}],"about":[{"href":"https:\/\/novogreen.net\/pt\/wp-json\/wp\/v2\/types\/product"}],"replies":[{"embeddable":true,"href":"https:\/\/novogreen.net\/pt\/wp-json\/wp\/v2\/comments?post=15667"}],"wp:featuredmedia":[{"embeddable":true,"href":"https:\/\/novogreen.net\/pt\/wp-json\/wp\/v2\/media\/12005"}],"wp:attachment":[{"href":"https:\/\/novogreen.net\/pt\/wp-json\/wp\/v2\/media?parent=15667"}],"wp:term":[{"taxonomy":"product_brand","embeddable":true,"href":"https:\/\/novogreen.net\/pt\/wp-json\/wp\/v2\/product_brand?post=15667"},{"taxonomy":"product_cat","embeddable":true,"href":"https:\/\/novogreen.net\/pt\/wp-json\/wp\/v2\/product_cat?post=15667"},{"taxonomy":"product_tag","embeddable":true,"href":"https:\/\/novogreen.net\/pt\/wp-json\/wp\/v2\/product_tag?post=15667"}],"curies":[{"name":"wp","href":"https:\/\/api.w.org\/{rel}","templated":true}]}}