{"id":15654,"date":"2022-05-06T09:46:18","date_gmt":"2022-05-06T07:46:18","guid":{"rendered":"https:\/\/novogreen.net\/producto\/zoysia-empire\/"},"modified":"2026-03-25T16:08:51","modified_gmt":"2026-03-25T15:08:51","slug":"zoysia-empire","status":"publish","type":"product","link":"https:\/\/novogreen.net\/pt\/produto\/zoysia-empire\/","title":{"rendered":"Imp\u00e9rio Zoysia"},"content":{"rendered":"<table id=\"tablepress-9\" class=\"tablepress tablepress-id-9\">\n<tbody class=\"row-striping row-hover\">\n<tr class=\"row-1\">\n\t<td class=\"column-1\">Usar<\/td><td class=\"column-2\">Golfe, campos desportivos em geral, jardinagem e paisagismo.<\/td>\n<\/tr>\n<tr class=\"row-2\">\n\t<td class=\"column-1\">Cor<\/td><td class=\"column-2\">cerceta<\/td>\n<\/tr>\n<tr class=\"row-3\">\n\t<td class=\"column-1\">Largura da l\u00c1\u00a2mina<\/td><td class=\"column-2\">M\u00e9dia<\/td>\n<\/tr>\n<tr class=\"row-4\">\n\t<td class=\"column-1\">Dorm\u00c1\u00aancia de inverno<\/td><td class=\"column-2\">P\u00e9rdida de color por debajo de los 10\u00b0 C<\/td>\n<\/tr>\n<tr class=\"row-5\">\n\t<td class=\"column-1\">Solos<\/td><td class=\"column-2\">Solos arenosos e argilosos<\/td>\n<\/tr>\n<tr class=\"row-6\">\n\t<td class=\"column-1\">Crescimento\/Reprodu\u00c1\u00a7\u00c1\u00a3o<\/td><td class=\"column-2\">Lento \/ Por estolones y rizomas<\/td>\n<\/tr>\n<tr class=\"row-7\">\n\t<td class=\"column-1\">Desgaste\/Pisoteio<\/td><td class=\"column-2\">Alta<\/td>\n<\/tr>\n<tr class=\"row-8\">\n\t<td class=\"column-1\">Recupera\u00c1\u00a7\u00c1\u00a3o de danos<\/td><td class=\"column-2\">Alta<\/td>\n<\/tr>\n<tr class=\"row-9\">\n\t<td class=\"column-1\">Calor<\/td><td class=\"column-2\">Alta resist\u00c1\u00aancia.<\/td>\n<\/tr>\n<tr class=\"row-10\">\n\t<td class=\"column-1\">Frio<\/td><td class=\"column-2\">Alta<\/td>\n<\/tr>\n<tr class=\"row-11\">\n\t<td class=\"column-1\">Sombra<\/td><td class=\"column-2\">resist\u00c1\u00aancia m\u00e9dia<\/td>\n<\/tr>\n<tr class=\"row-12\">\n\t<td class=\"column-1\">Seca<\/td><td class=\"column-2\">Alta resist\u00c1\u00aancia.<\/td>\n<\/tr>\n<tr class=\"row-13\">\n\t<td class=\"column-1\">Salinidade<\/td><td class=\"column-2\">Alta<\/td>\n<\/tr>\n<tr class=\"row-14\">\n\t<td class=\"column-1\">Necessidades h\u00eddricas<\/td><td class=\"column-2\">Muy bajas. Muy resistente a la sequ\u00eda, tolera per\u00edodos largos sin riego.<\/td>\n<\/tr>\n<tr class=\"row-15\">\n\t<td class=\"column-1\">Corte<\/td><td class=\"column-2\">50% menos frecuencia que otras especies<\/td>\n<\/tr>\n<tr class=\"row-16\">\n\t<td class=\"column-1\">Ervas daninhas<\/td><td class=\"column-2\">Muy bajo impacto de malas hierbas<\/td>\n<\/tr>\n<tr class=\"row-17\">\n\t<td class=\"column-1\">Pragas<\/td><td class=\"column-2\">Muy alta<\/td>\n<\/tr>\n<tr class=\"row-18\">\n\t<td class=\"column-1\">Doen\u00c1\u00a7as<\/td><td class=\"column-2\">Alta<\/td>\n<\/tr>\n<tr class=\"row-19\">\n\t<td class=\"column-1\">Fertilizantes<\/td><td class=\"column-2\">Baixas exig\u00c1\u00aancias<\/td>\n<\/tr>\n<\/tbody>\n<\/table>\n<!-- #tablepress-9 from cache -->","protected":false},"excerpt":{"rendered":"<p>Zoysia Empire es un c\u00e9sped de hoja mediana y de color verde azulado.<\/p>\n<p>Esta hierba es una revoluci\u00f3n en lo que se refiere a la tolerancia al desgaste, as\u00ed como por la escasa necesidad de siega y de productos qu\u00edmicos que requiere.<\/p>\n<p>La mejor opci\u00f3n para jardines eco-friendly.<\/p>","protected":false},"featured_media":11984,"comment_status":"closed","ping_status":"closed","template":"","meta":{"_acf_changed":false,"_et_pb_use_builder":"","_et_pb_old_content":"","_et_gb_content_width":""},"product_brand":[],"product_cat":[196,195,200],"product_tag":[],"class_list":{"0":"post-15654","1":"product","2":"type-product","3":"status-publish","4":"has-post-thumbnail","6":"product_cat-clima-calido","7":"product_cat-variedades","8":"product_cat-zoysia","9":"pa_uso-golf","10":"pa_uso-ornamental","11":"pa_uso-otros-deportes","13":"first","14":"instock","15":"shipping-taxable","16":"product-type-simple"},"acf":[],"yoast_head":"<!-- This site is optimized with the Yoast SEO plugin v27.2 - https:\/\/yoast.com\/product\/yoast-seo-wordpress\/ -->\n<title>Zoysia Empire - C\u00e9sped Natural Novogreen<\/title>\n<meta name=\"robots\" content=\"index, follow, max-snippet:-1, max-image-preview:large, max-video-preview:-1\" \/>\n<link rel=\"canonical\" href=\"https:\/\/novogreen.net\/pt\/produto\/zoysia-empire\/\" \/>\n<meta property=\"og:locale\" content=\"pt_PT\" \/>\n<meta property=\"og:type\" content=\"article\" \/>\n<meta property=\"og:title\" content=\"Zoysia Empire - C\u00e9sped Natural Novogreen\" \/>\n<meta property=\"og:description\" content=\"Zoysia Empire es un c\u00e9sped de hoja mediana y de color verde azulado.  Esta hierba es una revoluci\u00f3n en lo que se refiere a la tolerancia al desgaste, as\u00ed como por la escasa necesidad de siega y de productos qu\u00edmicos que requiere.  La mejor opci\u00f3n para jardines eco-friendly.\" \/>\n<meta property=\"og:url\" content=\"https:\/\/novogreen.net\/pt\/produto\/zoysia-empire\/\" \/>\n<meta property=\"og:site_name\" content=\"C\u00e9sped Natural Novogreen\" \/>\n<meta property=\"article:publisher\" content=\"https:\/\/www.facebook.com\/novogreencesped\" \/>\n<meta property=\"article:modified_time\" content=\"2026-03-25T15:08:51+00:00\" \/>\n<meta property=\"og:image\" content=\"https:\/\/novogreen.net\/wp-content\/uploads\/2022\/05\/19.jpg\" \/>\n\t<meta property=\"og:image:width\" content=\"1200\" \/>\n\t<meta property=\"og:image:height\" content=\"800\" \/>\n\t<meta property=\"og:image:type\" content=\"image\/jpeg\" \/>\n<meta name=\"twitter:card\" content=\"summary_large_image\" \/>\n<meta name=\"twitter:site\" content=\"@Novogreen_sod\" \/>\n<meta name=\"twitter:label1\" content=\"Tempo estimado de leitura\" \/>\n\t<meta name=\"twitter:data1\" content=\"1 minuto\" \/>\n<script type=\"application\/ld+json\" class=\"yoast-schema-graph\">{\"@context\":\"https:\/\/schema.org\",\"@graph\":[{\"@type\":\"WebPage\",\"@id\":\"https:\/\/novogreen.net\/producto\/zoysia-empire\/\",\"url\":\"https:\/\/novogreen.net\/producto\/zoysia-empire\/\",\"name\":\"Zoysia Empire - C\u00e9sped Natural Novogreen\",\"isPartOf\":{\"@id\":\"https:\/\/novogreen.net\/#website\"},\"primaryImageOfPage\":{\"@id\":\"https:\/\/novogreen.net\/producto\/zoysia-empire\/#primaryimage\"},\"image\":{\"@id\":\"https:\/\/novogreen.net\/producto\/zoysia-empire\/#primaryimage\"},\"thumbnailUrl\":\"https:\/\/novogreen.net\/wp-content\/uploads\/2022\/05\/19.jpg\",\"datePublished\":\"2022-05-06T07:46:18+00:00\",\"dateModified\":\"2026-03-25T15:08:51+00:00\",\"breadcrumb\":{\"@id\":\"https:\/\/novogreen.net\/producto\/zoysia-empire\/#breadcrumb\"},\"inLanguage\":\"pt-PT\",\"potentialAction\":[{\"@type\":\"ReadAction\",\"target\":[\"https:\/\/novogreen.net\/producto\/zoysia-empire\/\"]}]},{\"@type\":\"ImageObject\",\"inLanguage\":\"pt-PT\",\"@id\":\"https:\/\/novogreen.net\/producto\/zoysia-empire\/#primaryimage\",\"url\":\"https:\/\/novogreen.net\/wp-content\/uploads\/2022\/05\/19.jpg\",\"contentUrl\":\"https:\/\/novogreen.net\/wp-content\/uploads\/2022\/05\/19.jpg\",\"width\":1200,\"height\":800},{\"@type\":\"BreadcrumbList\",\"@id\":\"https:\/\/novogreen.net\/producto\/zoysia-empire\/#breadcrumb\",\"itemListElement\":[{\"@type\":\"ListItem\",\"position\":1,\"name\":\"Portada\",\"item\":\"https:\/\/novogreen.net\/\"},{\"@type\":\"ListItem\",\"position\":2,\"name\":\"Productos\",\"item\":\"https:\/\/novogreen.net\/tienda\/\"},{\"@type\":\"ListItem\",\"position\":3,\"name\":\"Zoysia Empire\"}]},{\"@type\":\"WebSite\",\"@id\":\"https:\/\/novogreen.net\/#website\",\"url\":\"https:\/\/novogreen.net\/\",\"name\":\"C\u00e9sped Natural Novogreen\",\"description\":\"\",\"potentialAction\":[{\"@type\":\"SearchAction\",\"target\":{\"@type\":\"EntryPoint\",\"urlTemplate\":\"https:\/\/novogreen.net\/?s={search_term_string}\"},\"query-input\":{\"@type\":\"PropertyValueSpecification\",\"valueRequired\":true,\"valueName\":\"search_term_string\"}}],\"inLanguage\":\"pt-PT\"}]}<\/script>\n<!-- \/ Yoast SEO plugin. -->","yoast_head_json":{"title":"Zoysia Empire - C\u00e9sped Natural Novogreen","robots":{"index":"index","follow":"follow","max-snippet":"max-snippet:-1","max-image-preview":"max-image-preview:large","max-video-preview":"max-video-preview:-1"},"canonical":"https:\/\/novogreen.net\/pt\/produto\/zoysia-empire\/","og_locale":"pt_PT","og_type":"article","og_title":"Zoysia Empire - C\u00e9sped Natural Novogreen","og_description":"Zoysia Empire es un c\u00e9sped de hoja mediana y de color verde azulado.  Esta hierba es una revoluci\u00f3n en lo que se refiere a la tolerancia al desgaste, as\u00ed como por la escasa necesidad de siega y de productos qu\u00edmicos que requiere.  La mejor opci\u00f3n para jardines eco-friendly.","og_url":"https:\/\/novogreen.net\/pt\/produto\/zoysia-empire\/","og_site_name":"C\u00e9sped Natural Novogreen","article_publisher":"https:\/\/www.facebook.com\/novogreencesped","article_modified_time":"2026-03-25T15:08:51+00:00","og_image":[{"width":1200,"height":800,"url":"https:\/\/novogreen.net\/wp-content\/uploads\/2022\/05\/19.jpg","type":"image\/jpeg"}],"twitter_card":"summary_large_image","twitter_site":"@Novogreen_sod","twitter_misc":{"Tempo estimado de leitura":"1 minuto"},"schema":{"@context":"https:\/\/schema.org","@graph":[{"@type":"WebPage","@id":"https:\/\/novogreen.net\/producto\/zoysia-empire\/","url":"https:\/\/novogreen.net\/producto\/zoysia-empire\/","name":"Zoysia Empire - C\u00e9sped Natural Novogreen","isPartOf":{"@id":"https:\/\/novogreen.net\/#website"},"primaryImageOfPage":{"@id":"https:\/\/novogreen.net\/producto\/zoysia-empire\/#primaryimage"},"image":{"@id":"https:\/\/novogreen.net\/producto\/zoysia-empire\/#primaryimage"},"thumbnailUrl":"https:\/\/novogreen.net\/wp-content\/uploads\/2022\/05\/19.jpg","datePublished":"2022-05-06T07:46:18+00:00","dateModified":"2026-03-25T15:08:51+00:00","breadcrumb":{"@id":"https:\/\/novogreen.net\/producto\/zoysia-empire\/#breadcrumb"},"inLanguage":"pt-PT","potentialAction":[{"@type":"ReadAction","target":["https:\/\/novogreen.net\/producto\/zoysia-empire\/"]}]},{"@type":"ImageObject","inLanguage":"pt-PT","@id":"https:\/\/novogreen.net\/producto\/zoysia-empire\/#primaryimage","url":"https:\/\/novogreen.net\/wp-content\/uploads\/2022\/05\/19.jpg","contentUrl":"https:\/\/novogreen.net\/wp-content\/uploads\/2022\/05\/19.jpg","width":1200,"height":800},{"@type":"BreadcrumbList","@id":"https:\/\/novogreen.net\/producto\/zoysia-empire\/#breadcrumb","itemListElement":[{"@type":"ListItem","position":1,"name":"Portada","item":"https:\/\/novogreen.net\/"},{"@type":"ListItem","position":2,"name":"Productos","item":"https:\/\/novogreen.net\/tienda\/"},{"@type":"ListItem","position":3,"name":"Zoysia Empire"}]},{"@type":"WebSite","@id":"https:\/\/novogreen.net\/#website","url":"https:\/\/novogreen.net\/","name":"Grama Natural Novogreen","description":"","potentialAction":[{"@type":"SearchAction","target":{"@type":"EntryPoint","urlTemplate":"https:\/\/novogreen.net\/?s={search_term_string}"},"query-input":{"@type":"PropertyValueSpecification","valueRequired":true,"valueName":"search_term_string"}}],"inLanguage":"pt-PT"}]}},"_links":{"self":[{"href":"https:\/\/novogreen.net\/pt\/wp-json\/wp\/v2\/product\/15654","targetHints":{"allow":["GET"]}}],"collection":[{"href":"https:\/\/novogreen.net\/pt\/wp-json\/wp\/v2\/product"}],"about":[{"href":"https:\/\/novogreen.net\/pt\/wp-json\/wp\/v2\/types\/product"}],"replies":[{"embeddable":true,"href":"https:\/\/novogreen.net\/pt\/wp-json\/wp\/v2\/comments?post=15654"}],"wp:featuredmedia":[{"embeddable":true,"href":"https:\/\/novogreen.net\/pt\/wp-json\/wp\/v2\/media\/11984"}],"wp:attachment":[{"href":"https:\/\/novogreen.net\/pt\/wp-json\/wp\/v2\/media?parent=15654"}],"wp:term":[{"taxonomy":"product_brand","embeddable":true,"href":"https:\/\/novogreen.net\/pt\/wp-json\/wp\/v2\/product_brand?post=15654"},{"taxonomy":"product_cat","embeddable":true,"href":"https:\/\/novogreen.net\/pt\/wp-json\/wp\/v2\/product_cat?post=15654"},{"taxonomy":"product_tag","embeddable":true,"href":"https:\/\/novogreen.net\/pt\/wp-json\/wp\/v2\/product_tag?post=15654"}],"curies":[{"name":"wp","href":"https:\/\/api.w.org\/{rel}","templated":true}]}}