{"id":15511,"date":"2022-06-03T07:49:40","date_gmt":"2022-06-03T05:49:40","guid":{"rendered":"https:\/\/novogreen.net\/producto\/paspalum-platinum\/"},"modified":"2026-04-18T01:33:18","modified_gmt":"2026-04-17T23:33:18","slug":"paspalum-platinum","status":"publish","type":"product","link":"https:\/\/novogreen.net\/pt\/producto\/paspalum-platinum\/","title":{"rendered":"Paspalum PlatinumTE"},"content":{"rendered":"<table id=\"tablepress-25\" class=\"tablepress tablepress-id-25\">\n<tbody class=\"row-striping row-hover\">\n<tr class=\"row-1\">\n\t<td class=\"column-1\">Usar<\/td><td class=\"column-2\">Jardinagem, paisagismo, golfe, est\u00e1dios esportivos<\/td>\n<\/tr>\n<tr class=\"row-2\">\n\t<td class=\"column-1\">Cor<\/td><td class=\"column-2\">Verde esmeralda<\/td>\n<\/tr>\n<tr class=\"row-3\">\n\t<td class=\"column-1\">Largura da l\u00c1\u00a2mina<\/td><td class=\"column-2\">Muito bom<\/td>\n<\/tr>\n<tr class=\"row-4\">\n\t<td class=\"column-1\">Dorm\u00c1\u00aancia de inverno<\/td><td class=\"column-2\">Perda de cor abaixo de 8\u00c2\u00b0C<\/td>\n<\/tr>\n<tr class=\"row-5\">\n\t<td class=\"column-1\">Solos<\/td><td class=\"column-2\">Tolera solos com salinidade e alta reten\u00c1\u00a7\u00c1\u00a3o de \u00e1gua.<\/td>\n<\/tr>\n<tr class=\"row-6\">\n\t<td class=\"column-1\">Crescimento\/Reprodu\u00c1\u00a7\u00c1\u00a3o<\/td><td class=\"column-2\">Dissemina\u00c1\u00a7\u00c1\u00a3o por estolhos e rizomas<\/td>\n<\/tr>\n<tr class=\"row-7\">\n\t<td class=\"column-1\">Desgaste\/Pisoteio<\/td><td class=\"column-2\">Alta<\/td>\n<\/tr>\n<tr class=\"row-8\">\n\t<td class=\"column-1\">Recupera\u00c1\u00a7\u00c1\u00a3o de danos<\/td><td class=\"column-2\">Alta<\/td>\n<\/tr>\n<tr class=\"row-9\">\n\t<td class=\"column-1\">Calor<\/td><td class=\"column-2\">Alta resist\u00c1\u00aancia.<\/td>\n<\/tr>\n<tr class=\"row-10\">\n\t<td class=\"column-1\">Frio<\/td><td class=\"column-2\">resist\u00c1\u00aancia m\u00e9dia<\/td>\n<\/tr>\n<tr class=\"row-11\">\n\t<td class=\"column-1\">Sombra<\/td><td class=\"column-2\">Alta<\/td>\n<\/tr>\n<tr class=\"row-12\">\n\t<td class=\"column-1\">Seca<\/td><td class=\"column-2\">Alta resist\u00c1\u00aancia.<\/td>\n<\/tr>\n<tr class=\"row-13\">\n\t<td class=\"column-1\">Salinidade<\/td><td class=\"column-2\">Alt\u00edssima resist\u00c1\u00aancia: nenhuma outra esp\u00e9cie tolera melhor a salinidade do solo ou da \u00e1gua. Tolera muito bem inunda\u00c1\u00a7\u00c1\u00b5es ou alagamentos.<\/td>\n<\/tr>\n<tr class=\"row-14\">\n\t<td class=\"column-1\">Necessidades h\u00eddricas<\/td><td class=\"column-2\">Muy bajas, tolera per\u00edodos largos sin riego<\/td>\n<\/tr>\n<tr class=\"row-15\">\n\t<td class=\"column-1\">Corte<\/td><td class=\"column-2\">Frecuencia baja<\/td>\n<\/tr>\n<tr class=\"row-16\">\n\t<td class=\"column-1\">Ervas daninhas<\/td><td class=\"column-2\">Baixo impacto como infestante<\/td>\n<\/tr>\n<tr class=\"row-17\">\n\t<td class=\"column-1\">Pragas<\/td><td class=\"column-2\">Alta<\/td>\n<\/tr>\n<tr class=\"row-18\">\n\t<td class=\"column-1\">Doen\u00c1\u00a7as<\/td><td class=\"column-2\">Alta<\/td>\n<\/tr>\n<tr class=\"row-19\">\n\t<td class=\"column-1\">Fertilizantes<\/td><td class=\"column-2\">Baixas exig\u00c1\u00aancias<\/td>\n<\/tr>\n<\/tbody>\n<\/table>\n<!-- #tablepress-25 from cache -->\n<p>&nbsp;<\/p>","protected":false},"excerpt":{"rendered":"<p>El Paspalum n\u00ba1 en el mundo.<\/p>\n<p>Cuando la pasi\u00f3n y la precisi\u00f3n se encuentran en un c\u00e9sped, el resultado es Platinum TE\u00e2\u201e\u00a2<\/p>\n<p>Esta innovaci\u00f3n de Paspalum del Dr. Ron R. Duncan ofrece una jugabilidad y una apariencia insuperables.<\/p>\n<p>Platinum TE presenta un color verde m\u00e1s oscuro que otras variedades de Paspalum, textura de hoja muy fina y densidad muy compacta.<\/p>\n<p>Este Paspalum seleccionado naturalmente est\u00e1 certificado y autorizado, y es perfecto para la instalaci\u00f3n desde el tee hasta el green.<\/p>\n<p>Platinum TE es el c\u00e9sped elegido para m\u00e1s de 150 proyectos de campos de golf y campos deportivos en todo el mundo, por ser tolerante a la sombra, muy tolerante a la sal y presentar una rapid\u00edsima recuperaci\u00f3n de las chuletas.<\/p>\n<p>Licencia recientemente adquirida por Novogreen en 2022<\/p>\n<p><a href=\"https:\/\/www.platinumte.com\/\">https:\/\/www.platinumte.com\/<\/a><\/p>","protected":false},"featured_media":11693,"comment_status":"closed","ping_status":"closed","template":"","meta":{"_acf_changed":false,"_et_pb_use_builder":"","_et_pb_old_content":"","_et_gb_content_width":""},"product_brand":[],"product_cat":[197,198,195],"product_tag":[],"class_list":{"0":"post-15511","1":"product","2":"type-product","3":"status-publish","4":"has-post-thumbnail","6":"product_cat-otras","7":"product_cat-paspalum","8":"product_cat-variedades","9":"pa_uso-deportivo","10":"pa_uso-futbol","11":"pa_uso-golf","12":"pa_uso-ornamental","13":"pa_uso-otros-deportes","15":"first","16":"instock","17":"shipping-taxable","18":"product-type-simple"},"acf":[],"yoast_head":"<!-- This site is optimized with the Yoast SEO plugin v27.4 - https:\/\/yoast.com\/product\/yoast-seo-wordpress\/ -->\n<title>Paspalum PlatinumTE - C\u00e9sped Natural Novogreen<\/title>\n<meta name=\"robots\" content=\"index, follow, max-snippet:-1, max-image-preview:large, max-video-preview:-1\" \/>\n<link rel=\"canonical\" href=\"https:\/\/novogreen.net\/pt\/produto\/paspalum-platinum\/\" \/>\n<meta property=\"og:locale\" content=\"pt_PT\" \/>\n<meta property=\"og:type\" content=\"article\" \/>\n<meta property=\"og:title\" content=\"Paspalum PlatinumTE - C\u00e9sped Natural Novogreen\" \/>\n<meta property=\"og:description\" content=\"El Paspalum n\u00ba1 en el mundo.  Cuando la pasi\u00f3n y la precisi\u00f3n se encuentran en un c\u00e9sped, el resultado es Platinum TE\u00e2\u201e\u00a2  Esta innovaci\u00f3n de Paspalum del Dr. Ron R. Duncan ofrece una jugabilidad y una apariencia insuperables.  Platinum TE presenta un color verde m\u00e1s oscuro que otras variedades de Paspalum, textura de hoja muy fina y densidad muy compacta.  Este Paspalum seleccionado naturalmente est\u00e1 certificado y autorizado, y es perfecto para la instalaci\u00f3n desde el tee hasta el green.  Platinum TE es el c\u00e9sped elegido para m\u00e1s de 150 proyectos de campos de golf y campos deportivos en todo el mundo, por ser tolerante a la sombra, muy tolerante a la sal y presentar una rapid\u00edsima recuperaci\u00f3n de las chuletas.  Licencia recientemente adquirida por Novogreen en 2022  https:\/\/www.platinumte.com\/\" \/>\n<meta property=\"og:url\" content=\"https:\/\/novogreen.net\/pt\/produto\/paspalum-platinum\/\" \/>\n<meta property=\"og:site_name\" content=\"C\u00e9sped Natural Novogreen\" \/>\n<meta property=\"article:publisher\" content=\"https:\/\/www.facebook.com\/novogreencesped\" \/>\n<meta property=\"article:modified_time\" content=\"2026-04-17T23:33:18+00:00\" \/>\n<meta property=\"og:image\" content=\"https:\/\/novogreen.net\/wp-content\/uploads\/2022\/06\/platinum-te-paspalum-golf.jpg\" \/>\n\t<meta property=\"og:image:width\" content=\"1200\" \/>\n\t<meta property=\"og:image:height\" content=\"800\" \/>\n\t<meta property=\"og:image:type\" content=\"image\/jpeg\" \/>\n<meta name=\"twitter:card\" content=\"summary_large_image\" \/>\n<meta name=\"twitter:site\" content=\"@Novogreen_sod\" \/>\n<meta name=\"twitter:label1\" content=\"Tempo estimado de leitura\" \/>\n\t<meta name=\"twitter:data1\" content=\"1 minuto\" \/>\n<script type=\"application\/ld+json\" class=\"yoast-schema-graph\">{\"@context\":\"https:\\\/\\\/schema.org\",\"@graph\":[{\"@type\":\"WebPage\",\"@id\":\"https:\\\/\\\/novogreen.net\\\/producto\\\/paspalum-platinum\\\/\",\"url\":\"https:\\\/\\\/novogreen.net\\\/producto\\\/paspalum-platinum\\\/\",\"name\":\"Paspalum PlatinumTE - C\u00e9sped Natural Novogreen\",\"isPartOf\":{\"@id\":\"https:\\\/\\\/novogreen.net\\\/#website\"},\"primaryImageOfPage\":{\"@id\":\"https:\\\/\\\/novogreen.net\\\/producto\\\/paspalum-platinum\\\/#primaryimage\"},\"image\":{\"@id\":\"https:\\\/\\\/novogreen.net\\\/producto\\\/paspalum-platinum\\\/#primaryimage\"},\"thumbnailUrl\":\"https:\\\/\\\/novogreen.net\\\/wp-content\\\/uploads\\\/2022\\\/06\\\/platinum-te-paspalum-golf.jpg\",\"datePublished\":\"2022-06-03T05:49:40+00:00\",\"dateModified\":\"2026-04-17T23:33:18+00:00\",\"breadcrumb\":{\"@id\":\"https:\\\/\\\/novogreen.net\\\/producto\\\/paspalum-platinum\\\/#breadcrumb\"},\"inLanguage\":\"pt-PT\",\"potentialAction\":[{\"@type\":\"ReadAction\",\"target\":[\"https:\\\/\\\/novogreen.net\\\/producto\\\/paspalum-platinum\\\/\"]}]},{\"@type\":\"ImageObject\",\"inLanguage\":\"pt-PT\",\"@id\":\"https:\\\/\\\/novogreen.net\\\/producto\\\/paspalum-platinum\\\/#primaryimage\",\"url\":\"https:\\\/\\\/novogreen.net\\\/wp-content\\\/uploads\\\/2022\\\/06\\\/platinum-te-paspalum-golf.jpg\",\"contentUrl\":\"https:\\\/\\\/novogreen.net\\\/wp-content\\\/uploads\\\/2022\\\/06\\\/platinum-te-paspalum-golf.jpg\",\"width\":1200,\"height\":800},{\"@type\":\"BreadcrumbList\",\"@id\":\"https:\\\/\\\/novogreen.net\\\/producto\\\/paspalum-platinum\\\/#breadcrumb\",\"itemListElement\":[{\"@type\":\"ListItem\",\"position\":1,\"name\":\"Portada\",\"item\":\"https:\\\/\\\/novogreen.net\\\/\"},{\"@type\":\"ListItem\",\"position\":2,\"name\":\"Productos\",\"item\":\"https:\\\/\\\/novogreen.net\\\/tienda\\\/\"},{\"@type\":\"ListItem\",\"position\":3,\"name\":\"Paspalum PlatinumTE\"}]},{\"@type\":\"WebSite\",\"@id\":\"https:\\\/\\\/novogreen.net\\\/#website\",\"url\":\"https:\\\/\\\/novogreen.net\\\/\",\"name\":\"C\u00e9sped Natural Novogreen\",\"description\":\"\",\"potentialAction\":[{\"@type\":\"SearchAction\",\"target\":{\"@type\":\"EntryPoint\",\"urlTemplate\":\"https:\\\/\\\/novogreen.net\\\/?s={search_term_string}\"},\"query-input\":{\"@type\":\"PropertyValueSpecification\",\"valueRequired\":true,\"valueName\":\"search_term_string\"}}],\"inLanguage\":\"pt-PT\"}]}<\/script>\n<!-- \/ Yoast SEO plugin. -->","yoast_head_json":{"title":"Paspalum PlatinumTE - C\u00e9sped Natural Novogreen","robots":{"index":"index","follow":"follow","max-snippet":"max-snippet:-1","max-image-preview":"max-image-preview:large","max-video-preview":"max-video-preview:-1"},"canonical":"https:\/\/novogreen.net\/pt\/produto\/paspalum-platinum\/","og_locale":"pt_PT","og_type":"article","og_title":"Paspalum PlatinumTE - C\u00e9sped Natural Novogreen","og_description":"El Paspalum n\u00ba1 en el mundo.  Cuando la pasi\u00f3n y la precisi\u00f3n se encuentran en un c\u00e9sped, el resultado es Platinum TE\u00e2\u201e\u00a2  Esta innovaci\u00f3n de Paspalum del Dr. Ron R. Duncan ofrece una jugabilidad y una apariencia insuperables.  Platinum TE presenta un color verde m\u00e1s oscuro que otras variedades de Paspalum, textura de hoja muy fina y densidad muy compacta.  Este Paspalum seleccionado naturalmente est\u00e1 certificado y autorizado, y es perfecto para la instalaci\u00f3n desde el tee hasta el green.  Platinum TE es el c\u00e9sped elegido para m\u00e1s de 150 proyectos de campos de golf y campos deportivos en todo el mundo, por ser tolerante a la sombra, muy tolerante a la sal y presentar una rapid\u00edsima recuperaci\u00f3n de las chuletas.  Licencia recientemente adquirida por Novogreen en 2022  https:\/\/www.platinumte.com\/","og_url":"https:\/\/novogreen.net\/pt\/produto\/paspalum-platinum\/","og_site_name":"C\u00e9sped Natural Novogreen","article_publisher":"https:\/\/www.facebook.com\/novogreencesped","article_modified_time":"2026-04-17T23:33:18+00:00","og_image":[{"width":1200,"height":800,"url":"https:\/\/novogreen.net\/wp-content\/uploads\/2022\/06\/platinum-te-paspalum-golf.jpg","type":"image\/jpeg"}],"twitter_card":"summary_large_image","twitter_site":"@Novogreen_sod","twitter_misc":{"Tempo estimado de leitura":"1 minuto"},"schema":{"@context":"https:\/\/schema.org","@graph":[{"@type":"WebPage","@id":"https:\/\/novogreen.net\/producto\/paspalum-platinum\/","url":"https:\/\/novogreen.net\/producto\/paspalum-platinum\/","name":"Paspalum PlatinumTE - C\u00e9sped Natural Novogreen","isPartOf":{"@id":"https:\/\/novogreen.net\/#website"},"primaryImageOfPage":{"@id":"https:\/\/novogreen.net\/producto\/paspalum-platinum\/#primaryimage"},"image":{"@id":"https:\/\/novogreen.net\/producto\/paspalum-platinum\/#primaryimage"},"thumbnailUrl":"https:\/\/novogreen.net\/wp-content\/uploads\/2022\/06\/platinum-te-paspalum-golf.jpg","datePublished":"2022-06-03T05:49:40+00:00","dateModified":"2026-04-17T23:33:18+00:00","breadcrumb":{"@id":"https:\/\/novogreen.net\/producto\/paspalum-platinum\/#breadcrumb"},"inLanguage":"pt-PT","potentialAction":[{"@type":"ReadAction","target":["https:\/\/novogreen.net\/producto\/paspalum-platinum\/"]}]},{"@type":"ImageObject","inLanguage":"pt-PT","@id":"https:\/\/novogreen.net\/producto\/paspalum-platinum\/#primaryimage","url":"https:\/\/novogreen.net\/wp-content\/uploads\/2022\/06\/platinum-te-paspalum-golf.jpg","contentUrl":"https:\/\/novogreen.net\/wp-content\/uploads\/2022\/06\/platinum-te-paspalum-golf.jpg","width":1200,"height":800},{"@type":"BreadcrumbList","@id":"https:\/\/novogreen.net\/producto\/paspalum-platinum\/#breadcrumb","itemListElement":[{"@type":"ListItem","position":1,"name":"Portada","item":"https:\/\/novogreen.net\/"},{"@type":"ListItem","position":2,"name":"Productos","item":"https:\/\/novogreen.net\/tienda\/"},{"@type":"ListItem","position":3,"name":"Paspalum PlatinumTE"}]},{"@type":"WebSite","@id":"https:\/\/novogreen.net\/#website","url":"https:\/\/novogreen.net\/","name":"Grama Natural Novogreen","description":"","potentialAction":[{"@type":"SearchAction","target":{"@type":"EntryPoint","urlTemplate":"https:\/\/novogreen.net\/?s={search_term_string}"},"query-input":{"@type":"PropertyValueSpecification","valueRequired":true,"valueName":"search_term_string"}}],"inLanguage":"pt-PT"}]}},"_links":{"self":[{"href":"https:\/\/novogreen.net\/pt\/wp-json\/wp\/v2\/product\/15511","targetHints":{"allow":["GET"]}}],"collection":[{"href":"https:\/\/novogreen.net\/pt\/wp-json\/wp\/v2\/product"}],"about":[{"href":"https:\/\/novogreen.net\/pt\/wp-json\/wp\/v2\/types\/product"}],"replies":[{"embeddable":true,"href":"https:\/\/novogreen.net\/pt\/wp-json\/wp\/v2\/comments?post=15511"}],"wp:featuredmedia":[{"embeddable":true,"href":"https:\/\/novogreen.net\/pt\/wp-json\/wp\/v2\/media\/11693"}],"wp:attachment":[{"href":"https:\/\/novogreen.net\/pt\/wp-json\/wp\/v2\/media?parent=15511"}],"wp:term":[{"taxonomy":"product_brand","embeddable":true,"href":"https:\/\/novogreen.net\/pt\/wp-json\/wp\/v2\/product_brand?post=15511"},{"taxonomy":"product_cat","embeddable":true,"href":"https:\/\/novogreen.net\/pt\/wp-json\/wp\/v2\/product_cat?post=15511"},{"taxonomy":"product_tag","embeddable":true,"href":"https:\/\/novogreen.net\/pt\/wp-json\/wp\/v2\/product_tag?post=15511"}],"curies":[{"name":"wp","href":"https:\/\/api.w.org\/{rel}","templated":true}]}}