{"id":10815,"date":"2022-05-06T13:38:03","date_gmt":"2022-05-06T11:38:03","guid":{"rendered":"https:\/\/novogreen.net\/?post_type=product&#038;p=10815"},"modified":"2026-05-09T18:44:06","modified_gmt":"2026-05-09T16:44:06","slug":"mezcla-park-festuca","status":"publish","type":"product","link":"https:\/\/novogreen.net\/pt\/producto\/mezcla-park-festuca\/","title":{"rendered":"Parque Misto"},"content":{"rendered":"<table id=\"tablepress-23\" class=\"tablepress tablepress-id-23\">\n<tbody class=\"row-striping row-hover\">\n<tr class=\"row-1\">\n\t<td class=\"column-1\">Usar<\/td><td class=\"column-2\">Jardinagem e paisagismo, golfe, campos esportivos, \u00e1reas comerciais, p\u00fablicas e recreativas<\/td>\n<\/tr>\n<tr class=\"row-2\">\n\t<td class=\"column-1\">Cor<\/td><td class=\"column-2\">Verde escuro<\/td>\n<\/tr>\n<tr class=\"row-3\">\n\t<td class=\"column-1\">Largura da l\u00c1\u00a2mina<\/td><td class=\"column-2\">M\u00e9dia<\/td>\n<\/tr>\n<tr class=\"row-4\">\n\t<td class=\"column-1\">Dorm\u00c1\u00aancia de inverno<\/td><td class=\"column-2\">N\u00c1\u00a3o entra em per\u00edodo de desativa\u00c1\u00a7\u00c1\u00a3o no inverno.<\/td>\n<\/tr>\n<tr class=\"row-5\">\n\t<td class=\"column-1\">Solos<\/td><td class=\"column-2\">Solos f\u00e9rteis e de textura fina. pH entre 6,0 e 8,5.<\/td>\n<\/tr>\n<tr class=\"row-6\">\n\t<td class=\"column-1\">Crescimento\/Reprodu\u00c1\u00a7\u00c1\u00a3o<\/td><td class=\"column-2\">Predominantemente vertical, a Poa pratensis apresenta algum crescimento horizontal.<\/td>\n<\/tr>\n<tr class=\"row-7\">\n\t<td class=\"column-1\">Desgaste\/Pisoteio<\/td><td class=\"column-2\">Alta<\/td>\n<\/tr>\n<tr class=\"row-8\">\n\t<td class=\"column-1\">Recupera\u00c1\u00a7\u00c1\u00a3o de danos<\/td><td class=\"column-2\">Por meio de sementes<\/td>\n<\/tr>\n<tr class=\"row-9\">\n\t<td class=\"column-1\">Calor<\/td><td class=\"column-2\">Alta<\/td>\n<\/tr>\n<tr class=\"row-10\">\n\t<td class=\"column-1\">Frio<\/td><td class=\"column-2\">Alta<\/td>\n<\/tr>\n<tr class=\"row-11\">\n\t<td class=\"column-1\">Sombra<\/td><td class=\"column-2\">Alta<\/td>\n<\/tr>\n<tr class=\"row-12\">\n\t<td class=\"column-1\">Seca<\/td><td class=\"column-2\">resist\u00c1\u00aancia m\u00e9dia<\/td>\n<\/tr>\n<tr class=\"row-13\">\n\t<td class=\"column-1\">Salinidade<\/td><td class=\"column-2\">resist\u00c1\u00aancia m\u00e9dia<\/td>\n<\/tr>\n<tr class=\"row-14\">\n\t<td class=\"column-1\">Necessidades h\u00eddricas<\/td><td class=\"column-2\">Meias<\/td>\n<\/tr>\n<tr class=\"row-15\">\n\t<td class=\"column-1\">Corte<\/td><td class=\"column-2\">Frequ\u00c1\u00aancia m\u00e9dia. Altura de 20 a 25 mm.<\/td>\n<\/tr>\n<tr class=\"row-16\">\n\t<td class=\"column-1\">Ervas daninhas<\/td><td class=\"column-2\">Impacto m\u00e9dio das ervas daninhas<\/td>\n<\/tr>\n<tr class=\"row-17\">\n\t<td class=\"column-1\">Pragas<\/td><td class=\"column-2\">Alta<\/td>\n<\/tr>\n<tr class=\"row-18\">\n\t<td class=\"column-1\">Doen\u00c1\u00a7as<\/td><td class=\"column-2\">Alta<\/td>\n<\/tr>\n<tr class=\"row-19\">\n\t<td class=\"column-1\">Fertilizantes<\/td><td class=\"column-2\">necessidades m\u00e9dias a altas<\/td>\n<\/tr>\n<\/tbody>\n<\/table>","protected":false},"excerpt":{"rendered":"<p>Composto por um 80% de Festuca arundinacea e um 20% de Poa pratensis.<\/p>\n<p>\u00c1\u2030 usado principalmente em todos os tipos de campos esportivos, bem como em jardinagem, paisagismo, \u00e1reas p\u00fablicas e piscinas.<\/p>\n<p>Com sua cor verde escura e textura m\u00e9dia, \u00e9 um gramado que requer pouca manuten\u00c1\u00a7\u00c1\u00a3o.<\/p>\n<p>Possui a melhor toler\u00c1\u00a2ncia ao calor entre todas as esp\u00e9cies de gram\u00edneas de inverno.<\/p>","protected":false},"featured_media":11861,"comment_status":"closed","ping_status":"closed","template":"","meta":{"_acf_changed":false,"_et_pb_use_builder":"","_et_pb_old_content":"","_et_gb_content_width":""},"product_brand":[],"product_cat":[203,195],"product_tag":[],"class_list":{"0":"post-10815","1":"product","2":"type-product","3":"status-publish","4":"has-post-thumbnail","6":"product_cat-mezclas","7":"product_cat-variedades","8":"pa_uso-deportivo","9":"pa_uso-golf","10":"pa_uso-ornamental","11":"pa_uso-otros-deportes","13":"first","14":"instock","15":"shipping-taxable","16":"product-type-simple"},"acf":[],"yoast_head":"<!-- This site is optimized with the Yoast SEO plugin v27.4 - https:\/\/yoast.com\/product\/yoast-seo-wordpress\/ -->\n<title>Mezcla Park - C\u00e9sped Natural Novogreen<\/title>\n<meta name=\"robots\" content=\"index, follow, max-snippet:-1, max-image-preview:large, max-video-preview:-1\" \/>\n<link rel=\"canonical\" href=\"https:\/\/novogreen.net\/pt\/produto\/mezcla-park-festuca\/\" \/>\n<meta property=\"og:locale\" content=\"pt_PT\" \/>\n<meta property=\"og:type\" content=\"article\" \/>\n<meta property=\"og:title\" content=\"Mezcla Park - C\u00e9sped Natural Novogreen\" \/>\n<meta property=\"og:description\" content=\"Compuesta por un 80% de Festuca arundinacea y un 20% de Poa pratensis.  Se utiliza mayoritariamente en todo tipo de terrenos deportivos as\u00ed como en jardiner\u00eda, paisajismo, zonas p\u00fablicas y piscinas.  De color verde intenso y textura media, es un c\u00e9sped que requiere poco mantenimiento.  Posee la mejor tolerancia al calor de todas las especies de c\u00e9spedes de invierno.\" \/>\n<meta property=\"og:url\" content=\"https:\/\/novogreen.net\/pt\/produto\/mezcla-park-festuca\/\" \/>\n<meta property=\"og:site_name\" content=\"C\u00e9sped Natural Novogreen\" \/>\n<meta property=\"article:publisher\" content=\"https:\/\/www.facebook.com\/novogreencesped\" \/>\n<meta property=\"article:modified_time\" content=\"2026-05-09T16:44:06+00:00\" \/>\n<meta property=\"og:image\" content=\"https:\/\/novogreen.net\/wp-content\/uploads\/2022\/05\/7.jpg\" \/>\n\t<meta property=\"og:image:width\" content=\"1200\" \/>\n\t<meta property=\"og:image:height\" content=\"800\" \/>\n\t<meta property=\"og:image:type\" content=\"image\/jpeg\" \/>\n<meta name=\"twitter:card\" content=\"summary_large_image\" \/>\n<meta name=\"twitter:site\" content=\"@Novogreen_sod\" \/>\n<meta name=\"twitter:label1\" content=\"Tempo estimado de leitura\" \/>\n\t<meta name=\"twitter:data1\" content=\"1 minuto\" \/>\n<script type=\"application\/ld+json\" class=\"yoast-schema-graph\">{\"@context\":\"https:\\\/\\\/schema.org\",\"@graph\":[{\"@type\":\"WebPage\",\"@id\":\"https:\\\/\\\/novogreen.net\\\/producto\\\/mezcla-park-festuca\\\/\",\"url\":\"https:\\\/\\\/novogreen.net\\\/producto\\\/mezcla-park-festuca\\\/\",\"name\":\"Mezcla Park - C\u00e9sped Natural Novogreen\",\"isPartOf\":{\"@id\":\"https:\\\/\\\/novogreen.net\\\/#website\"},\"primaryImageOfPage\":{\"@id\":\"https:\\\/\\\/novogreen.net\\\/producto\\\/mezcla-park-festuca\\\/#primaryimage\"},\"image\":{\"@id\":\"https:\\\/\\\/novogreen.net\\\/producto\\\/mezcla-park-festuca\\\/#primaryimage\"},\"thumbnailUrl\":\"https:\\\/\\\/novogreen.net\\\/wp-content\\\/uploads\\\/2022\\\/05\\\/7.jpg\",\"datePublished\":\"2022-05-06T11:38:03+00:00\",\"dateModified\":\"2026-05-09T16:44:06+00:00\",\"breadcrumb\":{\"@id\":\"https:\\\/\\\/novogreen.net\\\/producto\\\/mezcla-park-festuca\\\/#breadcrumb\"},\"inLanguage\":\"pt-PT\",\"potentialAction\":[{\"@type\":\"ReadAction\",\"target\":[\"https:\\\/\\\/novogreen.net\\\/producto\\\/mezcla-park-festuca\\\/\"]}]},{\"@type\":\"ImageObject\",\"inLanguage\":\"pt-PT\",\"@id\":\"https:\\\/\\\/novogreen.net\\\/producto\\\/mezcla-park-festuca\\\/#primaryimage\",\"url\":\"https:\\\/\\\/novogreen.net\\\/wp-content\\\/uploads\\\/2022\\\/05\\\/7.jpg\",\"contentUrl\":\"https:\\\/\\\/novogreen.net\\\/wp-content\\\/uploads\\\/2022\\\/05\\\/7.jpg\",\"width\":1200,\"height\":800},{\"@type\":\"BreadcrumbList\",\"@id\":\"https:\\\/\\\/novogreen.net\\\/producto\\\/mezcla-park-festuca\\\/#breadcrumb\",\"itemListElement\":[{\"@type\":\"ListItem\",\"position\":1,\"name\":\"Portada\",\"item\":\"https:\\\/\\\/novogreen.net\\\/\"},{\"@type\":\"ListItem\",\"position\":2,\"name\":\"Productos\",\"item\":\"https:\\\/\\\/novogreen.net\\\/tienda\\\/\"},{\"@type\":\"ListItem\",\"position\":3,\"name\":\"Mezcla Park\"}]},{\"@type\":\"WebSite\",\"@id\":\"https:\\\/\\\/novogreen.net\\\/#website\",\"url\":\"https:\\\/\\\/novogreen.net\\\/\",\"name\":\"C\u00e9sped Natural Novogreen\",\"description\":\"\",\"potentialAction\":[{\"@type\":\"SearchAction\",\"target\":{\"@type\":\"EntryPoint\",\"urlTemplate\":\"https:\\\/\\\/novogreen.net\\\/?s={search_term_string}\"},\"query-input\":{\"@type\":\"PropertyValueSpecification\",\"valueRequired\":true,\"valueName\":\"search_term_string\"}}],\"inLanguage\":\"pt-PT\"}]}<\/script>\n<!-- \/ Yoast SEO plugin. -->","yoast_head_json":{"title":"Mezcla Park - C\u00e9sped Natural Novogreen","robots":{"index":"index","follow":"follow","max-snippet":"max-snippet:-1","max-image-preview":"max-image-preview:large","max-video-preview":"max-video-preview:-1"},"canonical":"https:\/\/novogreen.net\/pt\/produto\/mezcla-park-festuca\/","og_locale":"pt_PT","og_type":"article","og_title":"Mezcla Park - C\u00e9sped Natural Novogreen","og_description":"Compuesta por un 80% de Festuca arundinacea y un 20% de Poa pratensis.  Se utiliza mayoritariamente en todo tipo de terrenos deportivos as\u00ed como en jardiner\u00eda, paisajismo, zonas p\u00fablicas y piscinas.  De color verde intenso y textura media, es un c\u00e9sped que requiere poco mantenimiento.  Posee la mejor tolerancia al calor de todas las especies de c\u00e9spedes de invierno.","og_url":"https:\/\/novogreen.net\/pt\/produto\/mezcla-park-festuca\/","og_site_name":"C\u00e9sped Natural Novogreen","article_publisher":"https:\/\/www.facebook.com\/novogreencesped","article_modified_time":"2026-05-09T16:44:06+00:00","og_image":[{"width":1200,"height":800,"url":"https:\/\/novogreen.net\/wp-content\/uploads\/2022\/05\/7.jpg","type":"image\/jpeg"}],"twitter_card":"summary_large_image","twitter_site":"@Novogreen_sod","twitter_misc":{"Tempo estimado de leitura":"1 minuto"},"schema":{"@context":"https:\/\/schema.org","@graph":[{"@type":"WebPage","@id":"https:\/\/novogreen.net\/producto\/mezcla-park-festuca\/","url":"https:\/\/novogreen.net\/producto\/mezcla-park-festuca\/","name":"Mezcla Park - C\u00e9sped Natural Novogreen","isPartOf":{"@id":"https:\/\/novogreen.net\/#website"},"primaryImageOfPage":{"@id":"https:\/\/novogreen.net\/producto\/mezcla-park-festuca\/#primaryimage"},"image":{"@id":"https:\/\/novogreen.net\/producto\/mezcla-park-festuca\/#primaryimage"},"thumbnailUrl":"https:\/\/novogreen.net\/wp-content\/uploads\/2022\/05\/7.jpg","datePublished":"2022-05-06T11:38:03+00:00","dateModified":"2026-05-09T16:44:06+00:00","breadcrumb":{"@id":"https:\/\/novogreen.net\/producto\/mezcla-park-festuca\/#breadcrumb"},"inLanguage":"pt-PT","potentialAction":[{"@type":"ReadAction","target":["https:\/\/novogreen.net\/producto\/mezcla-park-festuca\/"]}]},{"@type":"ImageObject","inLanguage":"pt-PT","@id":"https:\/\/novogreen.net\/producto\/mezcla-park-festuca\/#primaryimage","url":"https:\/\/novogreen.net\/wp-content\/uploads\/2022\/05\/7.jpg","contentUrl":"https:\/\/novogreen.net\/wp-content\/uploads\/2022\/05\/7.jpg","width":1200,"height":800},{"@type":"BreadcrumbList","@id":"https:\/\/novogreen.net\/producto\/mezcla-park-festuca\/#breadcrumb","itemListElement":[{"@type":"ListItem","position":1,"name":"Portada","item":"https:\/\/novogreen.net\/"},{"@type":"ListItem","position":2,"name":"Productos","item":"https:\/\/novogreen.net\/tienda\/"},{"@type":"ListItem","position":3,"name":"Mezcla Park"}]},{"@type":"WebSite","@id":"https:\/\/novogreen.net\/#website","url":"https:\/\/novogreen.net\/","name":"Grama Natural Novogreen","description":"","potentialAction":[{"@type":"SearchAction","target":{"@type":"EntryPoint","urlTemplate":"https:\/\/novogreen.net\/?s={search_term_string}"},"query-input":{"@type":"PropertyValueSpecification","valueRequired":true,"valueName":"search_term_string"}}],"inLanguage":"pt-PT"}]}},"_links":{"self":[{"href":"https:\/\/novogreen.net\/pt\/wp-json\/wp\/v2\/product\/10815","targetHints":{"allow":["GET"]}}],"collection":[{"href":"https:\/\/novogreen.net\/pt\/wp-json\/wp\/v2\/product"}],"about":[{"href":"https:\/\/novogreen.net\/pt\/wp-json\/wp\/v2\/types\/product"}],"replies":[{"embeddable":true,"href":"https:\/\/novogreen.net\/pt\/wp-json\/wp\/v2\/comments?post=10815"}],"wp:featuredmedia":[{"embeddable":true,"href":"https:\/\/novogreen.net\/pt\/wp-json\/wp\/v2\/media\/11861"}],"wp:attachment":[{"href":"https:\/\/novogreen.net\/pt\/wp-json\/wp\/v2\/media?parent=10815"}],"wp:term":[{"taxonomy":"product_brand","embeddable":true,"href":"https:\/\/novogreen.net\/pt\/wp-json\/wp\/v2\/product_brand?post=10815"},{"taxonomy":"product_cat","embeddable":true,"href":"https:\/\/novogreen.net\/pt\/wp-json\/wp\/v2\/product_cat?post=10815"},{"taxonomy":"product_tag","embeddable":true,"href":"https:\/\/novogreen.net\/pt\/wp-json\/wp\/v2\/product_tag?post=10815"}],"curies":[{"name":"wp","href":"https:\/\/api.w.org\/{rel}","templated":true}]}}