{"id":10458,"date":"2022-05-06T09:31:30","date_gmt":"2022-05-06T07:31:30","guid":{"rendered":"https:\/\/novogreen.net\/?post_type=product&#038;p=10458"},"modified":"2026-04-29T00:00:48","modified_gmt":"2026-04-28T22:00:48","slug":"paspalum-sealsle-2000","status":"publish","type":"product","link":"https:\/\/novogreen.net\/pt\/producto\/paspalum-sealsle-2000\/","title":{"rendered":"Paspalum Sealsle 2000"},"content":{"rendered":"<table id=\"tablepress-26\" class=\"tablepress tablepress-id-26\">\n<tbody class=\"row-striping row-hover\">\n<tr class=\"row-1\">\n\t<td class=\"column-1\">Usar<\/td><td class=\"column-2\">Jardinagem, paisagismo, golfe, est\u00e1dios esportivos<\/td>\n<\/tr>\n<tr class=\"row-2\">\n\t<td class=\"column-1\">Cor<\/td><td class=\"column-2\">Azul-esverdeado intenso<\/td>\n<\/tr>\n<tr class=\"row-3\">\n\t<td class=\"column-1\">Largura da l\u00c1\u00a2mina<\/td><td class=\"column-2\">Gramado compacto de folhas finas<\/td>\n<\/tr>\n<tr class=\"row-4\">\n\t<td class=\"column-1\">Dorm\u00c1\u00aancia de inverno<\/td><td class=\"column-2\">P\u00e9rdida de color por debajo de los 8\u00b0C<\/td>\n<\/tr>\n<tr class=\"row-5\">\n\t<td class=\"column-1\">Solos<\/td><td class=\"column-2\">Tolera solos com salinidade e alta reten\u00c1\u00a7\u00c1\u00a3o de \u00e1gua.<\/td>\n<\/tr>\n<tr class=\"row-6\">\n\t<td class=\"column-1\">Crescimento\/Reprodu\u00c1\u00a7\u00c1\u00a3o<\/td><td class=\"column-2\">Dissemina\u00c1\u00a7\u00c1\u00a3o por estolhos e rizomas<\/td>\n<\/tr>\n<tr class=\"row-7\">\n\t<td class=\"column-1\">Desgaste\/Pisoteio<\/td><td class=\"column-2\">Alta<\/td>\n<\/tr>\n<tr class=\"row-8\">\n\t<td class=\"column-1\">Recupera\u00c1\u00a7\u00c1\u00a3o de danos<\/td><td class=\"column-2\">Alta<\/td>\n<\/tr>\n<tr class=\"row-9\">\n\t<td class=\"column-1\">Calor<\/td><td class=\"column-2\">Alta resist\u00c1\u00aancia.<\/td>\n<\/tr>\n<tr class=\"row-10\">\n\t<td class=\"column-1\">Frio<\/td><td class=\"column-2\">resist\u00c1\u00aancia m\u00e9dia<\/td>\n<\/tr>\n<tr class=\"row-11\">\n\t<td class=\"column-1\">Sombra<\/td><td class=\"column-2\">Resist\u00c1\u00aancia m\u00e9dia \u00c1\u00a0 sombra<\/td>\n<\/tr>\n<tr class=\"row-12\">\n\t<td class=\"column-1\">Seca<\/td><td class=\"column-2\">Alt\u00edssima resist\u00c1\u00aancia: nenhuma outra esp\u00e9cie tolera melhor a salinidade do solo ou da \u00e1gua. Tolera muito bem inunda\u00c1\u00a7\u00c1\u00b5es ou alagamentos.<\/td>\n<\/tr>\n<tr class=\"row-13\">\n\t<td class=\"column-1\">Necessidades h\u00eddricas<\/td><td class=\"column-2\">Baixo, tolera longos per\u00edodos sem irriga\u00c1\u00a7\u00c1\u00a3o.<\/td>\n<\/tr>\n<tr class=\"row-14\">\n\t<td class=\"column-1\">Corte<\/td><td class=\"column-2\">Frequ\u00c1\u00aancia m\u00e9dia de corte da grama.<\/td>\n<\/tr>\n<tr class=\"row-15\">\n\t<td class=\"column-1\">Ervas daninhas<\/td><td class=\"column-2\">Baixo impacto como infestante<\/td>\n<\/tr>\n<tr class=\"row-16\">\n\t<td class=\"column-1\">Pragas<\/td><td class=\"column-2\">Alta<\/td>\n<\/tr>\n<tr class=\"row-17\">\n\t<td class=\"column-1\">Doen\u00c1\u00a7as<\/td><td class=\"column-2\">Alta<\/td>\n<\/tr>\n<tr class=\"row-18\">\n\t<td class=\"column-1\">Fertilizantes<\/td><td class=\"column-2\">Baixas exig\u00c1\u00aancias<\/td>\n<\/tr>\n<\/tbody>\n<\/table>","protected":false},"excerpt":{"rendered":"<p>Ele <em>Paspalum <\/em>\u00c1\u2030 a esp\u00e9cie que melhor tolera a salinidade, mesmo em n\u00edveis muito elevados.<\/p>\n<p>Com uma cor verde-azulada intensa, assemelha-se a um cal\u00c1\u00a7\u00c1\u00a3o bermuda tanto na sua textura muito fina como no seu comportamento.<\/p>\n<p><strong>Sealsle 2000 <\/strong>\u00c1\u2030 ideal tanto para jardinagem quanto para campos esportivos, e seu uso em campos de golfe \u00e9 perfeitamente adequado para greens, tees e fairways.<\/p>","protected":false},"featured_media":11715,"comment_status":"closed","ping_status":"closed","template":"","meta":{"_acf_changed":false,"_et_pb_use_builder":"","_et_pb_old_content":"","_et_gb_content_width":""},"product_brand":[],"product_cat":[197,198,195],"product_tag":[],"class_list":{"0":"post-10458","1":"product","2":"type-product","3":"status-publish","4":"has-post-thumbnail","6":"product_cat-otras","7":"product_cat-paspalum","8":"product_cat-variedades","9":"pa_uso-deportivo","10":"pa_uso-golf","11":"pa_uso-ornamental","12":"pa_uso-otros-deportes","14":"first","15":"instock","16":"featured","17":"shipping-taxable","18":"product-type-simple"},"acf":[],"yoast_head":"<!-- This site is optimized with the Yoast SEO plugin v27.4 - https:\/\/yoast.com\/product\/yoast-seo-wordpress\/ -->\n<title>Paspalum Sealsle 2000 - C\u00e9sped Natural Novogreen<\/title>\n<meta name=\"robots\" content=\"index, follow, max-snippet:-1, max-image-preview:large, max-video-preview:-1\" \/>\n<link rel=\"canonical\" href=\"https:\/\/novogreen.net\/pt\/produto\/paspalum-sealsle-2000\/\" \/>\n<meta property=\"og:locale\" content=\"pt_PT\" \/>\n<meta property=\"og:type\" content=\"article\" \/>\n<meta property=\"og:title\" content=\"Paspalum Sealsle 2000 - C\u00e9sped Natural Novogreen\" \/>\n<meta property=\"og:description\" content=\"El Paspalum es la especie que mejor tolera la salinidad, y a niveles muy altos.  De un color verde azulado intenso, es similar a una bermuda tanto por su textura muy fina como en su comportamiento.  Sealsle 2000 es ideal para jardiner\u00eda as\u00ed como para terrenos deportivos y su uso en los campos de golf se adapta perfectamente a greenes, tees y calles.\" \/>\n<meta property=\"og:url\" content=\"https:\/\/novogreen.net\/pt\/produto\/paspalum-sealsle-2000\/\" \/>\n<meta property=\"og:site_name\" content=\"C\u00e9sped Natural Novogreen\" \/>\n<meta property=\"article:publisher\" content=\"https:\/\/www.facebook.com\/novogreencesped\" \/>\n<meta property=\"article:modified_time\" content=\"2026-04-28T22:00:48+00:00\" \/>\n<meta property=\"og:image\" content=\"https:\/\/novogreen.net\/wp-content\/uploads\/2022\/05\/Paspalum-2.jpg\" \/>\n\t<meta property=\"og:image:width\" content=\"1200\" \/>\n\t<meta property=\"og:image:height\" content=\"800\" \/>\n\t<meta property=\"og:image:type\" content=\"image\/jpeg\" \/>\n<meta name=\"twitter:card\" content=\"summary_large_image\" \/>\n<meta name=\"twitter:site\" content=\"@Novogreen_sod\" \/>\n<meta name=\"twitter:label1\" content=\"Tempo estimado de leitura\" \/>\n\t<meta name=\"twitter:data1\" content=\"1 minuto\" \/>\n<script type=\"application\/ld+json\" class=\"yoast-schema-graph\">{\"@context\":\"https:\\\/\\\/schema.org\",\"@graph\":[{\"@type\":\"WebPage\",\"@id\":\"https:\\\/\\\/novogreen.net\\\/producto\\\/paspalum-sealsle-2000\\\/\",\"url\":\"https:\\\/\\\/novogreen.net\\\/producto\\\/paspalum-sealsle-2000\\\/\",\"name\":\"Paspalum Sealsle 2000 - C\u00e9sped Natural Novogreen\",\"isPartOf\":{\"@id\":\"https:\\\/\\\/novogreen.net\\\/#website\"},\"primaryImageOfPage\":{\"@id\":\"https:\\\/\\\/novogreen.net\\\/producto\\\/paspalum-sealsle-2000\\\/#primaryimage\"},\"image\":{\"@id\":\"https:\\\/\\\/novogreen.net\\\/producto\\\/paspalum-sealsle-2000\\\/#primaryimage\"},\"thumbnailUrl\":\"https:\\\/\\\/novogreen.net\\\/wp-content\\\/uploads\\\/2022\\\/05\\\/Paspalum-2.jpg\",\"datePublished\":\"2022-05-06T07:31:30+00:00\",\"dateModified\":\"2026-04-28T22:00:48+00:00\",\"breadcrumb\":{\"@id\":\"https:\\\/\\\/novogreen.net\\\/producto\\\/paspalum-sealsle-2000\\\/#breadcrumb\"},\"inLanguage\":\"pt-PT\",\"potentialAction\":[{\"@type\":\"ReadAction\",\"target\":[\"https:\\\/\\\/novogreen.net\\\/producto\\\/paspalum-sealsle-2000\\\/\"]}]},{\"@type\":\"ImageObject\",\"inLanguage\":\"pt-PT\",\"@id\":\"https:\\\/\\\/novogreen.net\\\/producto\\\/paspalum-sealsle-2000\\\/#primaryimage\",\"url\":\"https:\\\/\\\/novogreen.net\\\/wp-content\\\/uploads\\\/2022\\\/05\\\/Paspalum-2.jpg\",\"contentUrl\":\"https:\\\/\\\/novogreen.net\\\/wp-content\\\/uploads\\\/2022\\\/05\\\/Paspalum-2.jpg\",\"width\":1200,\"height\":800},{\"@type\":\"BreadcrumbList\",\"@id\":\"https:\\\/\\\/novogreen.net\\\/producto\\\/paspalum-sealsle-2000\\\/#breadcrumb\",\"itemListElement\":[{\"@type\":\"ListItem\",\"position\":1,\"name\":\"Portada\",\"item\":\"https:\\\/\\\/novogreen.net\\\/\"},{\"@type\":\"ListItem\",\"position\":2,\"name\":\"Productos\",\"item\":\"https:\\\/\\\/novogreen.net\\\/tienda\\\/\"},{\"@type\":\"ListItem\",\"position\":3,\"name\":\"Paspalum Sealsle 2000\"}]},{\"@type\":\"WebSite\",\"@id\":\"https:\\\/\\\/novogreen.net\\\/#website\",\"url\":\"https:\\\/\\\/novogreen.net\\\/\",\"name\":\"C\u00e9sped Natural Novogreen\",\"description\":\"\",\"potentialAction\":[{\"@type\":\"SearchAction\",\"target\":{\"@type\":\"EntryPoint\",\"urlTemplate\":\"https:\\\/\\\/novogreen.net\\\/?s={search_term_string}\"},\"query-input\":{\"@type\":\"PropertyValueSpecification\",\"valueRequired\":true,\"valueName\":\"search_term_string\"}}],\"inLanguage\":\"pt-PT\"}]}<\/script>\n<!-- \/ Yoast SEO plugin. -->","yoast_head_json":{"title":"Paspalum Sealsle 2000 - C\u00e9sped Natural Novogreen","robots":{"index":"index","follow":"follow","max-snippet":"max-snippet:-1","max-image-preview":"max-image-preview:large","max-video-preview":"max-video-preview:-1"},"canonical":"https:\/\/novogreen.net\/pt\/produto\/paspalum-sealsle-2000\/","og_locale":"pt_PT","og_type":"article","og_title":"Paspalum Sealsle 2000 - C\u00e9sped Natural Novogreen","og_description":"El Paspalum es la especie que mejor tolera la salinidad, y a niveles muy altos.  De un color verde azulado intenso, es similar a una bermuda tanto por su textura muy fina como en su comportamiento.  Sealsle 2000 es ideal para jardiner\u00eda as\u00ed como para terrenos deportivos y su uso en los campos de golf se adapta perfectamente a greenes, tees y calles.","og_url":"https:\/\/novogreen.net\/pt\/produto\/paspalum-sealsle-2000\/","og_site_name":"C\u00e9sped Natural Novogreen","article_publisher":"https:\/\/www.facebook.com\/novogreencesped","article_modified_time":"2026-04-28T22:00:48+00:00","og_image":[{"width":1200,"height":800,"url":"https:\/\/novogreen.net\/wp-content\/uploads\/2022\/05\/Paspalum-2.jpg","type":"image\/jpeg"}],"twitter_card":"summary_large_image","twitter_site":"@Novogreen_sod","twitter_misc":{"Tempo estimado de leitura":"1 minuto"},"schema":{"@context":"https:\/\/schema.org","@graph":[{"@type":"WebPage","@id":"https:\/\/novogreen.net\/producto\/paspalum-sealsle-2000\/","url":"https:\/\/novogreen.net\/producto\/paspalum-sealsle-2000\/","name":"Paspalum Sealsle 2000 - C\u00e9sped Natural Novogreen","isPartOf":{"@id":"https:\/\/novogreen.net\/#website"},"primaryImageOfPage":{"@id":"https:\/\/novogreen.net\/producto\/paspalum-sealsle-2000\/#primaryimage"},"image":{"@id":"https:\/\/novogreen.net\/producto\/paspalum-sealsle-2000\/#primaryimage"},"thumbnailUrl":"https:\/\/novogreen.net\/wp-content\/uploads\/2022\/05\/Paspalum-2.jpg","datePublished":"2022-05-06T07:31:30+00:00","dateModified":"2026-04-28T22:00:48+00:00","breadcrumb":{"@id":"https:\/\/novogreen.net\/producto\/paspalum-sealsle-2000\/#breadcrumb"},"inLanguage":"pt-PT","potentialAction":[{"@type":"ReadAction","target":["https:\/\/novogreen.net\/producto\/paspalum-sealsle-2000\/"]}]},{"@type":"ImageObject","inLanguage":"pt-PT","@id":"https:\/\/novogreen.net\/producto\/paspalum-sealsle-2000\/#primaryimage","url":"https:\/\/novogreen.net\/wp-content\/uploads\/2022\/05\/Paspalum-2.jpg","contentUrl":"https:\/\/novogreen.net\/wp-content\/uploads\/2022\/05\/Paspalum-2.jpg","width":1200,"height":800},{"@type":"BreadcrumbList","@id":"https:\/\/novogreen.net\/producto\/paspalum-sealsle-2000\/#breadcrumb","itemListElement":[{"@type":"ListItem","position":1,"name":"Portada","item":"https:\/\/novogreen.net\/"},{"@type":"ListItem","position":2,"name":"Productos","item":"https:\/\/novogreen.net\/tienda\/"},{"@type":"ListItem","position":3,"name":"Paspalum Sealsle 2000"}]},{"@type":"WebSite","@id":"https:\/\/novogreen.net\/#website","url":"https:\/\/novogreen.net\/","name":"Grama Natural Novogreen","description":"","potentialAction":[{"@type":"SearchAction","target":{"@type":"EntryPoint","urlTemplate":"https:\/\/novogreen.net\/?s={search_term_string}"},"query-input":{"@type":"PropertyValueSpecification","valueRequired":true,"valueName":"search_term_string"}}],"inLanguage":"pt-PT"}]}},"_links":{"self":[{"href":"https:\/\/novogreen.net\/pt\/wp-json\/wp\/v2\/product\/10458","targetHints":{"allow":["GET"]}}],"collection":[{"href":"https:\/\/novogreen.net\/pt\/wp-json\/wp\/v2\/product"}],"about":[{"href":"https:\/\/novogreen.net\/pt\/wp-json\/wp\/v2\/types\/product"}],"replies":[{"embeddable":true,"href":"https:\/\/novogreen.net\/pt\/wp-json\/wp\/v2\/comments?post=10458"}],"wp:featuredmedia":[{"embeddable":true,"href":"https:\/\/novogreen.net\/pt\/wp-json\/wp\/v2\/media\/11715"}],"wp:attachment":[{"href":"https:\/\/novogreen.net\/pt\/wp-json\/wp\/v2\/media?parent=10458"}],"wp:term":[{"taxonomy":"product_brand","embeddable":true,"href":"https:\/\/novogreen.net\/pt\/wp-json\/wp\/v2\/product_brand?post=10458"},{"taxonomy":"product_cat","embeddable":true,"href":"https:\/\/novogreen.net\/pt\/wp-json\/wp\/v2\/product_cat?post=10458"},{"taxonomy":"product_tag","embeddable":true,"href":"https:\/\/novogreen.net\/pt\/wp-json\/wp\/v2\/product_tag?post=10458"}],"curies":[{"name":"wp","href":"https:\/\/api.w.org\/{rel}","templated":true}]}}