{"id":17173,"date":"2024-04-24T13:36:32","date_gmt":"2024-04-24T11:36:32","guid":{"rendered":"https:\/\/novogreen.net\/?post_type=product&#038;p=17173\/"},"modified":"2026-03-24T19:47:53","modified_gmt":"2026-03-24T18:47:53","slug":"bermuda-ultra-dwarf-tifeagle","status":"publish","type":"product","link":"https:\/\/novogreen.net\/fr\/produit\/bermuda-ultra-dwarf-tifeagle\/","title":{"rendered":"Bermudas ultra-nains TifEagle"},"content":{"rendered":"<table id=\"tablepress-31\" class=\"tablepress tablepress-id-31\">\n<tbody class=\"row-striping row-hover\">\n<tr class=\"row-1\">\n\t<td class=\"column-1\">Pour utiliser<\/td><td class=\"column-2\">Golf<\/td>\n<\/tr>\n<tr class=\"row-2\">\n\t<td class=\"column-1\">Cor<\/td><td class=\"column-2\">Vert clair<\/td>\n<\/tr>\n<tr class=\"row-3\">\n\t<td class=\"column-1\">Largeur des feuilles<\/td><td class=\"column-2\">Tr\u00c1\u00a8s bien<\/td>\n<\/tr>\n<tr class=\"row-4\">\n\t<td class=\"column-1\">Dormance hivernale<\/td><td class=\"column-2\">D\u00e9coloration en dessous de 0\u00c2\u00b0C<\/td>\n<\/tr>\n<tr class=\"row-5\">\n\t<td class=\"column-1\">Sols<\/td><td class=\"column-2\">Sols sableux et sablo-limoneux<\/td>\n<\/tr>\n<tr class=\"row-6\">\n\t<td class=\"column-1\">Croissance\/Reproduction<\/td><td class=\"column-2\">Croissance rapide et vigoureuse \/ Reproduction par gazon et bouturage<\/td>\n<\/tr>\n<tr class=\"row-7\">\n\t<td class=\"column-1\">Usure\/Pi\u00e9tinement<\/td><td class=\"column-2\">Haute<\/td>\n<\/tr>\n<tr class=\"row-8\">\n\t<td class=\"column-1\">R\u00e9paration apr\u00c1\u00a8s dommages<\/td><td class=\"column-2\">Haute<\/td>\n<\/tr>\n<tr class=\"row-9\">\n\t<td class=\"column-1\">Chaleur<\/td><td class=\"column-2\">Haute r\u00e9sistance.<\/td>\n<\/tr>\n<tr class=\"row-10\">\n\t<td class=\"column-1\">Froid<\/td><td class=\"column-2\">r\u00e9sistance tr\u00c1\u00a8s \u00e9lev\u00e9e par rapport aux autres bermudas<\/td>\n<\/tr>\n<tr class=\"row-11\">\n\t<td class=\"column-1\">Ombre<\/td><td class=\"column-2\">Faible r\u00e9sistance<\/td>\n<\/tr>\n<tr class=\"row-12\">\n\t<td class=\"column-1\">S\u00e9cheresse<\/td><td class=\"column-2\">Haute r\u00e9sistance.<\/td>\n<\/tr>\n<tr class=\"row-13\">\n\t<td class=\"column-1\">Salinit\u00e9<\/td><td class=\"column-2\">Haute r\u00e9sistance.<\/td>\n<\/tr>\n<tr class=\"row-14\">\n\t<td class=\"column-1\">Besoins en eau<\/td><td class=\"column-2\">Faible.<\/td>\n<\/tr>\n<tr class=\"row-15\">\n\t<td class=\"column-1\">Tonte<\/td><td class=\"column-2\">Haute fr\u00e9quence. Entre 2,5 et 3,5 mm<\/td>\n<\/tr>\n<tr class=\"row-16\">\n\t<td class=\"column-1\">Mauvaises herbes<\/td><td class=\"column-2\">Impact moyen des mauvaises herbes<\/td>\n<\/tr>\n<tr class=\"row-17\">\n\t<td class=\"column-1\">Ravageurs<\/td><td class=\"column-2\">Haute<\/td>\n<\/tr>\n<tr class=\"row-18\">\n\t<td class=\"column-1\">Maladies<\/td><td class=\"column-2\">Haute r\u00e9sistance.<\/td>\n<\/tr>\n<tr class=\"row-19\">\n\t<td class=\"column-1\">Engrais<\/td><td class=\"column-2\">Faibles exigences<\/td>\n<\/tr>\n<\/tbody>\n<\/table>\n<!-- #tablepress-31 from cache -->\n<p>&nbsp;<\/p>","protected":false},"excerpt":{"rendered":"<p>Ce gazon Bermuda ultranain pr\u00e9sente une r\u00e9sistance aux maladies sup\u00e9rieure \u00c1\u00a0 celle des autres vari\u00e9t\u00e9s naines. Son atout majeur r\u00e9side dans sa capacit\u00e9 \u00c1\u00a0 supporter l&#039;entretien intensif des greens. Sa grande tol\u00e9rance aux tontes tr\u00c1\u00a8s courtes et aux scarifications fr\u00e9quentes, ainsi que sa forte r\u00e9action \u00c1\u00a0 la fertilisation et au manque d&#039;eau, en font la vari\u00e9t\u00e9 id\u00e9ale pour les greens soumis \u00c1\u00a0 des conditions de jeu exigeantes.<\/p>\n<p>Elle se distingue \u00e9galement par sa capacit\u00e9 \u00c1\u00a0 se r\u00e9tablir plus rapidement en hiver et \u00c1\u00a0 reverdir.<\/p>\n<p>Il peut atteindre des vitesses de jeu de championnat allant jusqu&#039;\u00c1\u00a0 11,5 et fonctionne \u00e9galement tr\u00c1\u00a8s bien en jeu commercial, avec une vitesse approximative de 9.<\/p>","protected":false},"featured_media":17175,"comment_status":"closed","ping_status":"closed","template":"","meta":{"_acf_changed":false,"_et_pb_use_builder":"","_et_pb_old_content":"","_et_gb_content_width":""},"product_brand":[],"product_cat":[201,196,195],"product_tag":[206,207],"class_list":{"0":"post-17173","1":"product","2":"type-product","3":"status-publish","4":"has-post-thumbnail","6":"product_cat-bermuda","7":"product_cat-clima-calido","8":"product_cat-variedades","9":"product_tag-bermudas","10":"product_tag-clima-calido","11":"pa_uso-golf","12":"pa_uso-ornamental","13":"pa_uso-otros-deportes","15":"first","16":"instock","17":"shipping-taxable","18":"product-type-simple"},"acf":[],"yoast_head":"<!-- This site is optimized with the Yoast SEO plugin v27.2 - https:\/\/yoast.com\/product\/yoast-seo-wordpress\/ -->\n<title>Bermuda ultra-dwarf TifEagle - C\u00e9sped Natural Novogreen<\/title>\n<meta name=\"description\" content=\"Presenta una mayor resistencia a enfermedades que el resto de bermudas enanas. No sufre estr\u00e9s por el mantenimiento intensivo propio en greenes\" \/>\n<meta name=\"robots\" content=\"index, follow, max-snippet:-1, max-image-preview:large, max-video-preview:-1\" \/>\n<link rel=\"canonical\" href=\"https:\/\/novogreen.net\/fr\/produit\/bermuda-ultra-dwarf-tifeagle\/\" \/>\n<meta property=\"og:locale\" content=\"fr_FR\" \/>\n<meta property=\"og:type\" content=\"article\" \/>\n<meta property=\"og:title\" content=\"Bermuda ultra-dwarf TifEagle - C\u00e9sped Natural Novogreen\" \/>\n<meta property=\"og:description\" content=\"Presenta una mayor resistencia a enfermedades que el resto de bermudas enanas. No sufre estr\u00e9s por el mantenimiento intensivo propio en greenes\" \/>\n<meta property=\"og:url\" content=\"https:\/\/novogreen.net\/fr\/produit\/bermuda-ultra-dwarf-tifeagle\/\" \/>\n<meta property=\"og:site_name\" content=\"C\u00e9sped Natural Novogreen\" \/>\n<meta property=\"article:publisher\" content=\"https:\/\/www.facebook.com\/novogreencesped\" \/>\n<meta property=\"article:modified_time\" content=\"2026-03-24T18:47:53+00:00\" \/>\n<meta property=\"og:image\" content=\"https:\/\/novogreen.net\/wp-content\/uploads\/2024\/04\/Detalle-TifEagle.jpg\" \/>\n\t<meta property=\"og:image:width\" content=\"1000\" \/>\n\t<meta property=\"og:image:height\" content=\"667\" \/>\n\t<meta property=\"og:image:type\" content=\"image\/jpeg\" \/>\n<meta name=\"twitter:card\" content=\"summary_large_image\" \/>\n<meta name=\"twitter:site\" content=\"@Novogreen_sod\" \/>\n<meta name=\"twitter:label1\" content=\"Dur\u00e9e de lecture estim\u00e9e\" \/>\n\t<meta name=\"twitter:data1\" content=\"1 minute\" \/>\n<script type=\"application\/ld+json\" class=\"yoast-schema-graph\">{\"@context\":\"https:\/\/schema.org\",\"@graph\":[{\"@type\":\"WebPage\",\"@id\":\"https:\/\/novogreen.net\/producto\/bermuda-ultra-dwarf-tifeagle\/\",\"url\":\"https:\/\/novogreen.net\/producto\/bermuda-ultra-dwarf-tifeagle\/\",\"name\":\"Bermuda ultra-dwarf TifEagle - C\u00e9sped Natural Novogreen\",\"isPartOf\":{\"@id\":\"https:\/\/novogreen.net\/#website\"},\"primaryImageOfPage\":{\"@id\":\"https:\/\/novogreen.net\/producto\/bermuda-ultra-dwarf-tifeagle\/#primaryimage\"},\"image\":{\"@id\":\"https:\/\/novogreen.net\/producto\/bermuda-ultra-dwarf-tifeagle\/#primaryimage\"},\"thumbnailUrl\":\"https:\/\/novogreen.net\/wp-content\/uploads\/2024\/04\/Detalle-TifEagle.jpg\",\"datePublished\":\"2024-04-24T11:36:32+00:00\",\"dateModified\":\"2026-03-24T18:47:53+00:00\",\"description\":\"Presenta una mayor resistencia a enfermedades que el resto de bermudas enanas. No sufre estr\u00e9s por el mantenimiento intensivo propio en greenes\",\"breadcrumb\":{\"@id\":\"https:\/\/novogreen.net\/producto\/bermuda-ultra-dwarf-tifeagle\/#breadcrumb\"},\"inLanguage\":\"fr-FR\",\"potentialAction\":[{\"@type\":\"ReadAction\",\"target\":[\"https:\/\/novogreen.net\/producto\/bermuda-ultra-dwarf-tifeagle\/\"]}]},{\"@type\":\"ImageObject\",\"inLanguage\":\"fr-FR\",\"@id\":\"https:\/\/novogreen.net\/producto\/bermuda-ultra-dwarf-tifeagle\/#primaryimage\",\"url\":\"https:\/\/novogreen.net\/wp-content\/uploads\/2024\/04\/Detalle-TifEagle.jpg\",\"contentUrl\":\"https:\/\/novogreen.net\/wp-content\/uploads\/2024\/04\/Detalle-TifEagle.jpg\",\"width\":1000,\"height\":667},{\"@type\":\"BreadcrumbList\",\"@id\":\"https:\/\/novogreen.net\/producto\/bermuda-ultra-dwarf-tifeagle\/#breadcrumb\",\"itemListElement\":[{\"@type\":\"ListItem\",\"position\":1,\"name\":\"Portada\",\"item\":\"https:\/\/novogreen.net\/\"},{\"@type\":\"ListItem\",\"position\":2,\"name\":\"Productos\",\"item\":\"https:\/\/novogreen.net\/tienda\/\"},{\"@type\":\"ListItem\",\"position\":3,\"name\":\"Bermuda ultra-dwarf TifEagle\"}]},{\"@type\":\"WebSite\",\"@id\":\"https:\/\/novogreen.net\/#website\",\"url\":\"https:\/\/novogreen.net\/\",\"name\":\"C\u00e9sped Natural Novogreen\",\"description\":\"\",\"potentialAction\":[{\"@type\":\"SearchAction\",\"target\":{\"@type\":\"EntryPoint\",\"urlTemplate\":\"https:\/\/novogreen.net\/?s={search_term_string}\"},\"query-input\":{\"@type\":\"PropertyValueSpecification\",\"valueRequired\":true,\"valueName\":\"search_term_string\"}}],\"inLanguage\":\"fr-FR\"}]}<\/script>\n<!-- \/ Yoast SEO plugin. -->","yoast_head_json":{"title":"Bermuda ultra-dwarf TifEagle - C\u00e9sped Natural Novogreen","description":"Presenta una mayor resistencia a enfermedades que el resto de bermudas enanas. No sufre estr\u00e9s por el mantenimiento intensivo propio en greenes","robots":{"index":"index","follow":"follow","max-snippet":"max-snippet:-1","max-image-preview":"max-image-preview:large","max-video-preview":"max-video-preview:-1"},"canonical":"https:\/\/novogreen.net\/fr\/produit\/bermuda-ultra-dwarf-tifeagle\/","og_locale":"fr_FR","og_type":"article","og_title":"Bermuda ultra-dwarf TifEagle - C\u00e9sped Natural Novogreen","og_description":"Presenta una mayor resistencia a enfermedades que el resto de bermudas enanas. No sufre estr\u00e9s por el mantenimiento intensivo propio en greenes","og_url":"https:\/\/novogreen.net\/fr\/produit\/bermuda-ultra-dwarf-tifeagle\/","og_site_name":"C\u00e9sped Natural Novogreen","article_publisher":"https:\/\/www.facebook.com\/novogreencesped","article_modified_time":"2026-03-24T18:47:53+00:00","og_image":[{"width":1000,"height":667,"url":"https:\/\/novogreen.net\/wp-content\/uploads\/2024\/04\/Detalle-TifEagle.jpg","type":"image\/jpeg"}],"twitter_card":"summary_large_image","twitter_site":"@Novogreen_sod","twitter_misc":{"Dur\u00e9e de lecture estim\u00e9e":"1 minute"},"schema":{"@context":"https:\/\/schema.org","@graph":[{"@type":"WebPage","@id":"https:\/\/novogreen.net\/producto\/bermuda-ultra-dwarf-tifeagle\/","url":"https:\/\/novogreen.net\/producto\/bermuda-ultra-dwarf-tifeagle\/","name":"Bermuda ultra-dwarf TifEagle - C\u00e9sped Natural Novogreen","isPartOf":{"@id":"https:\/\/novogreen.net\/#website"},"primaryImageOfPage":{"@id":"https:\/\/novogreen.net\/producto\/bermuda-ultra-dwarf-tifeagle\/#primaryimage"},"image":{"@id":"https:\/\/novogreen.net\/producto\/bermuda-ultra-dwarf-tifeagle\/#primaryimage"},"thumbnailUrl":"https:\/\/novogreen.net\/wp-content\/uploads\/2024\/04\/Detalle-TifEagle.jpg","datePublished":"2024-04-24T11:36:32+00:00","dateModified":"2026-03-24T18:47:53+00:00","description":"Presenta una mayor resistencia a enfermedades que el resto de bermudas enanas. No sufre estr\u00e9s por el mantenimiento intensivo propio en greenes","breadcrumb":{"@id":"https:\/\/novogreen.net\/producto\/bermuda-ultra-dwarf-tifeagle\/#breadcrumb"},"inLanguage":"fr-FR","potentialAction":[{"@type":"ReadAction","target":["https:\/\/novogreen.net\/producto\/bermuda-ultra-dwarf-tifeagle\/"]}]},{"@type":"ImageObject","inLanguage":"fr-FR","@id":"https:\/\/novogreen.net\/producto\/bermuda-ultra-dwarf-tifeagle\/#primaryimage","url":"https:\/\/novogreen.net\/wp-content\/uploads\/2024\/04\/Detalle-TifEagle.jpg","contentUrl":"https:\/\/novogreen.net\/wp-content\/uploads\/2024\/04\/Detalle-TifEagle.jpg","width":1000,"height":667},{"@type":"BreadcrumbList","@id":"https:\/\/novogreen.net\/producto\/bermuda-ultra-dwarf-tifeagle\/#breadcrumb","itemListElement":[{"@type":"ListItem","position":1,"name":"Portada","item":"https:\/\/novogreen.net\/"},{"@type":"ListItem","position":2,"name":"Productos","item":"https:\/\/novogreen.net\/tienda\/"},{"@type":"ListItem","position":3,"name":"Bermuda ultra-dwarf TifEagle"}]},{"@type":"WebSite","@id":"https:\/\/novogreen.net\/#website","url":"https:\/\/novogreen.net\/","name":"Gazon naturel Novogreen","description":"","potentialAction":[{"@type":"SearchAction","target":{"@type":"EntryPoint","urlTemplate":"https:\/\/novogreen.net\/?s={search_term_string}"},"query-input":{"@type":"PropertyValueSpecification","valueRequired":true,"valueName":"search_term_string"}}],"inLanguage":"fr-FR"}]}},"_links":{"self":[{"href":"https:\/\/novogreen.net\/fr\/wp-json\/wp\/v2\/product\/17173","targetHints":{"allow":["GET"]}}],"collection":[{"href":"https:\/\/novogreen.net\/fr\/wp-json\/wp\/v2\/product"}],"about":[{"href":"https:\/\/novogreen.net\/fr\/wp-json\/wp\/v2\/types\/product"}],"replies":[{"embeddable":true,"href":"https:\/\/novogreen.net\/fr\/wp-json\/wp\/v2\/comments?post=17173"}],"wp:featuredmedia":[{"embeddable":true,"href":"https:\/\/novogreen.net\/fr\/wp-json\/wp\/v2\/media\/17175"}],"wp:attachment":[{"href":"https:\/\/novogreen.net\/fr\/wp-json\/wp\/v2\/media?parent=17173"}],"wp:term":[{"taxonomy":"product_brand","embeddable":true,"href":"https:\/\/novogreen.net\/fr\/wp-json\/wp\/v2\/product_brand?post=17173"},{"taxonomy":"product_cat","embeddable":true,"href":"https:\/\/novogreen.net\/fr\/wp-json\/wp\/v2\/product_cat?post=17173"},{"taxonomy":"product_tag","embeddable":true,"href":"https:\/\/novogreen.net\/fr\/wp-json\/wp\/v2\/product_tag?post=17173"}],"curies":[{"name":"wp","href":"https:\/\/api.w.org\/{rel}","templated":true}]}}