{"id":15689,"date":"2022-07-14T09:43:08","date_gmt":"2022-07-14T07:43:08","guid":{"rendered":"https:\/\/novogreen.net\/producto\/agrostis-stolonifera-tee-one\/"},"modified":"2026-03-25T16:07:13","modified_gmt":"2026-03-25T15:07:13","slug":"agrostis-stolonifera-tee-one","status":"publish","type":"product","link":"https:\/\/novogreen.net\/fr\/produit\/agrostis-stolonifera-tee-one\/","title":{"rendered":"Agrostis Stolonifera Tee One"},"content":{"rendered":"<table id=\"tablepress-20\" class=\"tablepress tablepress-id-20\">\n<tbody class=\"row-striping row-hover\">\n<tr class=\"row-1\">\n\t<td class=\"column-1\">Pour utiliser<\/td><td class=\"column-2\">Greenes y tees de campos de golf, jardiner\u00eda y paisajismo de alto mantenimiento.<\/td>\n<\/tr>\n<tr class=\"row-2\">\n\t<td class=\"column-1\">Cor<\/td><td class=\"column-2\">Vert bleu fonc\u00e9.<\/td>\n<\/tr>\n<tr class=\"row-3\">\n\t<td class=\"column-1\">Largeur des feuilles<\/td><td class=\"column-2\">Muy fina.<\/td>\n<\/tr>\n<tr class=\"row-4\">\n\t<td class=\"column-1\">Jaunissement\/d\u00e9coloration hivernale<\/td><td class=\"column-2\">Muy leve, solo ocurre con temperaturas muy extremas.<\/td>\n<\/tr>\n<tr class=\"row-5\">\n\t<td class=\"column-1\">Sols<\/td><td class=\"column-2\">Suelos arenosos y suelos con buen drenaje. pH entre 5.5 y 8.0.<\/td>\n<\/tr>\n<tr class=\"row-6\">\n\t<td class=\"column-1\">Croissance\/reproduction<\/td><td class=\"column-2\">Crecimiento erecto y estolon\u00edfero, muy agresivo y vigoroso.<\/td>\n<\/tr>\n<tr class=\"row-7\">\n\t<td class=\"column-1\">Usure<\/td><td class=\"column-2\">Haute r\u00e9sistance.<\/td>\n<\/tr>\n<tr class=\"row-8\">\n\t<td class=\"column-1\">R\u00e9paration apr\u00c1\u00a8s dommages<\/td><td class=\"column-2\">Resistencia alta al pisoteo y a los piques.<\/td>\n<\/tr>\n<tr class=\"row-9\">\n\t<td class=\"column-1\">Ravageurs<\/td><td class=\"column-2\">Haute r\u00e9sistance.<\/td>\n<\/tr>\n<tr class=\"row-10\">\n\t<td class=\"column-1\">Maladies<\/td><td class=\"column-2\">Haute r\u00e9sistance.<\/td>\n<\/tr>\n<tr class=\"row-11\">\n\t<td class=\"column-1\">Chaleur<\/td><td class=\"column-2\">Resistencia alta, siempre que disponga de la cantidad de agua necesaria.<\/td>\n<\/tr>\n<tr class=\"row-12\">\n\t<td class=\"column-1\">Froid<\/td><td class=\"column-2\">Resistencia alta. No sufre parada invernal.<\/td>\n<\/tr>\n<tr class=\"row-13\">\n\t<td class=\"column-1\">Ombre<\/td><td class=\"column-2\">Resistencia media-alta.<\/td>\n<\/tr>\n<tr class=\"row-14\">\n\t<td class=\"column-1\">S\u00e9cheresse<\/td><td class=\"column-2\">Resistencia media.<\/td>\n<\/tr>\n<tr class=\"row-15\">\n\t<td class=\"column-1\">Salinit\u00e9<\/td><td class=\"column-2\">Resistencia media.<\/td>\n<\/tr>\n<tr class=\"row-16\">\n\t<td class=\"column-1\">Besoins en eau<\/td><td class=\"column-2\">Media-altas.<\/td>\n<\/tr>\n<tr class=\"row-17\">\n\t<td class=\"column-1\">Tonte<\/td><td class=\"column-2\">Frecuencia muy alta con helicoidales. Altura de siega entre 3 y 10 mm.<\/td>\n<\/tr>\n<tr class=\"row-18\">\n\t<td class=\"column-1\">D\u00e9sherbage<\/td><td class=\"column-2\">Resistencia alta si la altura de siega es baja. Se ve principalmente afectado por Poa annua.<\/td>\n<\/tr>\n<tr class=\"row-19\">\n\t<td class=\"column-1\">Engrais<\/td><td class=\"column-2\">Necesidades altas.<\/td>\n<\/tr>\n<\/tbody>\n<\/table>\n<!-- #tablepress-20 from cache -->","protected":false},"excerpt":{"rendered":"<p>De un color verde azulado oscuro, esta especie cespitosa es ideal para su uso en greenes y tees de campos de golf y es una de las variedades m\u00e1s recomendadas por los dise\u00f1adores de campos de golf.<\/p>\n<p>Tiene una excelente capacidad para recuperarse de cualquier da\u00f1o externo debido a su crecimiento agresivo y es muy resistente a las enfermedades.<\/p>\n<p>Se trata de una especie de mantenimiento alto.<\/p>","protected":false},"featured_media":19830,"comment_status":"closed","ping_status":"closed","template":"","meta":{"_acf_changed":false,"_et_pb_use_builder":"","_et_pb_old_content":"","_et_gb_content_width":""},"product_brand":[],"product_cat":[193,194,195],"product_tag":[],"class_list":{"0":"post-15689","1":"product","2":"type-product","3":"status-publish","4":"has-post-thumbnail","6":"product_cat-agrostis","7":"product_cat-frias","8":"product_cat-variedades","9":"pa_uso-golf","10":"pa_uso-ornamental","11":"pa_uso-otros-deportes","12":"pa_uso-paisajismo-premium","14":"first","15":"instock","16":"featured","17":"shipping-taxable","18":"product-type-simple"},"acf":[],"yoast_head":"<!-- This site is optimized with the Yoast SEO plugin v27.2 - https:\/\/yoast.com\/product\/yoast-seo-wordpress\/ -->\n<title>Agrostis Stolonifera Tee One - C\u00e9sped Natural Novogreen<\/title>\n<meta name=\"robots\" content=\"index, follow, max-snippet:-1, max-image-preview:large, max-video-preview:-1\" \/>\n<link rel=\"canonical\" href=\"https:\/\/novogreen.net\/fr\/produit\/agrostis-stolonifera-tee-one\/\" \/>\n<meta property=\"og:locale\" content=\"fr_FR\" \/>\n<meta property=\"og:type\" content=\"article\" \/>\n<meta property=\"og:title\" content=\"Agrostis Stolonifera Tee One - C\u00e9sped Natural Novogreen\" \/>\n<meta property=\"og:description\" content=\"De un color verde azulado oscuro, esta especie cespitosa es ideal para su uso en greenes y tees de campos de golf y es una de las variedades m\u00e1s recomendadas por los dise\u00f1adores de campos de golf.  Tiene una excelente capacidad para recuperarse de cualquier da\u00f1o externo debido a su crecimiento agresivo y es muy resistente a las enfermedades.  Se trata de una especie de mantenimiento alto.\" \/>\n<meta property=\"og:url\" content=\"https:\/\/novogreen.net\/fr\/produit\/agrostis-stolonifera-tee-one\/\" \/>\n<meta property=\"og:site_name\" content=\"C\u00e9sped Natural Novogreen\" \/>\n<meta property=\"article:publisher\" content=\"https:\/\/www.facebook.com\/novogreencesped\" \/>\n<meta property=\"article:modified_time\" content=\"2026-03-25T15:07:13+00:00\" \/>\n<meta property=\"og:image\" content=\"https:\/\/novogreen.net\/wp-content\/uploads\/2022\/07\/MUESTRA_AGROSTIS_STOLONIFERA_PENN_CROSS-1.jpg\" \/>\n\t<meta property=\"og:image:width\" content=\"1200\" \/>\n\t<meta property=\"og:image:height\" content=\"800\" \/>\n\t<meta property=\"og:image:type\" content=\"image\/jpeg\" \/>\n<meta name=\"twitter:card\" content=\"summary_large_image\" \/>\n<meta name=\"twitter:site\" content=\"@Novogreen_sod\" \/>\n<meta name=\"twitter:label1\" content=\"Dur\u00e9e de lecture estim\u00e9e\" \/>\n\t<meta name=\"twitter:data1\" content=\"1 minute\" \/>\n<script type=\"application\/ld+json\" class=\"yoast-schema-graph\">{\"@context\":\"https:\/\/schema.org\",\"@graph\":[{\"@type\":\"WebPage\",\"@id\":\"https:\/\/novogreen.net\/producto\/agrostis-stolonifera-tee-one\/\",\"url\":\"https:\/\/novogreen.net\/producto\/agrostis-stolonifera-tee-one\/\",\"name\":\"Agrostis Stolonifera Tee One - C\u00e9sped Natural Novogreen\",\"isPartOf\":{\"@id\":\"https:\/\/novogreen.net\/#website\"},\"primaryImageOfPage\":{\"@id\":\"https:\/\/novogreen.net\/producto\/agrostis-stolonifera-tee-one\/#primaryimage\"},\"image\":{\"@id\":\"https:\/\/novogreen.net\/producto\/agrostis-stolonifera-tee-one\/#primaryimage\"},\"thumbnailUrl\":\"https:\/\/novogreen.net\/wp-content\/uploads\/2022\/07\/MUESTRA_AGROSTIS_STOLONIFERA_PENN_CROSS-1.jpg\",\"datePublished\":\"2022-07-14T07:43:08+00:00\",\"dateModified\":\"2026-03-25T15:07:13+00:00\",\"breadcrumb\":{\"@id\":\"https:\/\/novogreen.net\/producto\/agrostis-stolonifera-tee-one\/#breadcrumb\"},\"inLanguage\":\"fr-FR\",\"potentialAction\":[{\"@type\":\"ReadAction\",\"target\":[\"https:\/\/novogreen.net\/producto\/agrostis-stolonifera-tee-one\/\"]}]},{\"@type\":\"ImageObject\",\"inLanguage\":\"fr-FR\",\"@id\":\"https:\/\/novogreen.net\/producto\/agrostis-stolonifera-tee-one\/#primaryimage\",\"url\":\"https:\/\/novogreen.net\/wp-content\/uploads\/2022\/07\/MUESTRA_AGROSTIS_STOLONIFERA_PENN_CROSS-1.jpg\",\"contentUrl\":\"https:\/\/novogreen.net\/wp-content\/uploads\/2022\/07\/MUESTRA_AGROSTIS_STOLONIFERA_PENN_CROSS-1.jpg\",\"width\":1200,\"height\":800,\"caption\":\"User comments\"},{\"@type\":\"BreadcrumbList\",\"@id\":\"https:\/\/novogreen.net\/producto\/agrostis-stolonifera-tee-one\/#breadcrumb\",\"itemListElement\":[{\"@type\":\"ListItem\",\"position\":1,\"name\":\"Portada\",\"item\":\"https:\/\/novogreen.net\/\"},{\"@type\":\"ListItem\",\"position\":2,\"name\":\"Productos\",\"item\":\"https:\/\/novogreen.net\/tienda\/\"},{\"@type\":\"ListItem\",\"position\":3,\"name\":\"Agrostis Stolonifera Tee One\"}]},{\"@type\":\"WebSite\",\"@id\":\"https:\/\/novogreen.net\/#website\",\"url\":\"https:\/\/novogreen.net\/\",\"name\":\"C\u00e9sped Natural Novogreen\",\"description\":\"\",\"potentialAction\":[{\"@type\":\"SearchAction\",\"target\":{\"@type\":\"EntryPoint\",\"urlTemplate\":\"https:\/\/novogreen.net\/?s={search_term_string}\"},\"query-input\":{\"@type\":\"PropertyValueSpecification\",\"valueRequired\":true,\"valueName\":\"search_term_string\"}}],\"inLanguage\":\"fr-FR\"}]}<\/script>\n<!-- \/ Yoast SEO plugin. -->","yoast_head_json":{"title":"Agrostis Stolonifera Tee One - C\u00e9sped Natural Novogreen","robots":{"index":"index","follow":"follow","max-snippet":"max-snippet:-1","max-image-preview":"max-image-preview:large","max-video-preview":"max-video-preview:-1"},"canonical":"https:\/\/novogreen.net\/fr\/produit\/agrostis-stolonifera-tee-one\/","og_locale":"fr_FR","og_type":"article","og_title":"Agrostis Stolonifera Tee One - C\u00e9sped Natural Novogreen","og_description":"De un color verde azulado oscuro, esta especie cespitosa es ideal para su uso en greenes y tees de campos de golf y es una de las variedades m\u00e1s recomendadas por los dise\u00f1adores de campos de golf.  Tiene una excelente capacidad para recuperarse de cualquier da\u00f1o externo debido a su crecimiento agresivo y es muy resistente a las enfermedades.  Se trata de una especie de mantenimiento alto.","og_url":"https:\/\/novogreen.net\/fr\/produit\/agrostis-stolonifera-tee-one\/","og_site_name":"C\u00e9sped Natural Novogreen","article_publisher":"https:\/\/www.facebook.com\/novogreencesped","article_modified_time":"2026-03-25T15:07:13+00:00","og_image":[{"width":1200,"height":800,"url":"https:\/\/novogreen.net\/wp-content\/uploads\/2022\/07\/MUESTRA_AGROSTIS_STOLONIFERA_PENN_CROSS-1.jpg","type":"image\/jpeg"}],"twitter_card":"summary_large_image","twitter_site":"@Novogreen_sod","twitter_misc":{"Dur\u00e9e de lecture estim\u00e9e":"1 minute"},"schema":{"@context":"https:\/\/schema.org","@graph":[{"@type":"WebPage","@id":"https:\/\/novogreen.net\/producto\/agrostis-stolonifera-tee-one\/","url":"https:\/\/novogreen.net\/producto\/agrostis-stolonifera-tee-one\/","name":"Agrostis Stolonifera Tee One - C\u00e9sped Natural Novogreen","isPartOf":{"@id":"https:\/\/novogreen.net\/#website"},"primaryImageOfPage":{"@id":"https:\/\/novogreen.net\/producto\/agrostis-stolonifera-tee-one\/#primaryimage"},"image":{"@id":"https:\/\/novogreen.net\/producto\/agrostis-stolonifera-tee-one\/#primaryimage"},"thumbnailUrl":"https:\/\/novogreen.net\/wp-content\/uploads\/2022\/07\/MUESTRA_AGROSTIS_STOLONIFERA_PENN_CROSS-1.jpg","datePublished":"2022-07-14T07:43:08+00:00","dateModified":"2026-03-25T15:07:13+00:00","breadcrumb":{"@id":"https:\/\/novogreen.net\/producto\/agrostis-stolonifera-tee-one\/#breadcrumb"},"inLanguage":"fr-FR","potentialAction":[{"@type":"ReadAction","target":["https:\/\/novogreen.net\/producto\/agrostis-stolonifera-tee-one\/"]}]},{"@type":"ImageObject","inLanguage":"fr-FR","@id":"https:\/\/novogreen.net\/producto\/agrostis-stolonifera-tee-one\/#primaryimage","url":"https:\/\/novogreen.net\/wp-content\/uploads\/2022\/07\/MUESTRA_AGROSTIS_STOLONIFERA_PENN_CROSS-1.jpg","contentUrl":"https:\/\/novogreen.net\/wp-content\/uploads\/2022\/07\/MUESTRA_AGROSTIS_STOLONIFERA_PENN_CROSS-1.jpg","width":1200,"height":800,"caption":"User comments"},{"@type":"BreadcrumbList","@id":"https:\/\/novogreen.net\/producto\/agrostis-stolonifera-tee-one\/#breadcrumb","itemListElement":[{"@type":"ListItem","position":1,"name":"Portada","item":"https:\/\/novogreen.net\/"},{"@type":"ListItem","position":2,"name":"Productos","item":"https:\/\/novogreen.net\/tienda\/"},{"@type":"ListItem","position":3,"name":"Agrostis Stolonifera Tee One"}]},{"@type":"WebSite","@id":"https:\/\/novogreen.net\/#website","url":"https:\/\/novogreen.net\/","name":"Gazon naturel Novogreen","description":"","potentialAction":[{"@type":"SearchAction","target":{"@type":"EntryPoint","urlTemplate":"https:\/\/novogreen.net\/?s={search_term_string}"},"query-input":{"@type":"PropertyValueSpecification","valueRequired":true,"valueName":"search_term_string"}}],"inLanguage":"fr-FR"}]}},"_links":{"self":[{"href":"https:\/\/novogreen.net\/fr\/wp-json\/wp\/v2\/product\/15689","targetHints":{"allow":["GET"]}}],"collection":[{"href":"https:\/\/novogreen.net\/fr\/wp-json\/wp\/v2\/product"}],"about":[{"href":"https:\/\/novogreen.net\/fr\/wp-json\/wp\/v2\/types\/product"}],"replies":[{"embeddable":true,"href":"https:\/\/novogreen.net\/fr\/wp-json\/wp\/v2\/comments?post=15689"}],"wp:featuredmedia":[{"embeddable":true,"href":"https:\/\/novogreen.net\/fr\/wp-json\/wp\/v2\/media\/19830"}],"wp:attachment":[{"href":"https:\/\/novogreen.net\/fr\/wp-json\/wp\/v2\/media?parent=15689"}],"wp:term":[{"taxonomy":"product_brand","embeddable":true,"href":"https:\/\/novogreen.net\/fr\/wp-json\/wp\/v2\/product_brand?post=15689"},{"taxonomy":"product_cat","embeddable":true,"href":"https:\/\/novogreen.net\/fr\/wp-json\/wp\/v2\/product_cat?post=15689"},{"taxonomy":"product_tag","embeddable":true,"href":"https:\/\/novogreen.net\/fr\/wp-json\/wp\/v2\/product_tag?post=15689"}],"curies":[{"name":"wp","href":"https:\/\/api.w.org\/{rel}","templated":true}]}}