{"id":15671,"date":"2022-05-05T17:13:36","date_gmt":"2022-05-05T15:13:36","guid":{"rendered":"https:\/\/novogreen.net\/producto\/bermuda-sunday\/"},"modified":"2026-03-25T16:09:29","modified_gmt":"2026-03-25T15:09:29","slug":"bermuda-sunday","status":"publish","type":"product","link":"https:\/\/novogreen.net\/fr\/produit\/bermuda-sunday\/","title":{"rendered":"Dimanche des ultra-nains des Bermudes"},"content":{"rendered":"<table id=\"tablepress-6\" class=\"tablepress tablepress-id-6\">\n<tbody class=\"row-striping row-hover\">\n<tr class=\"row-1\">\n\t<td class=\"column-1\">Pour utiliser<\/td><td class=\"column-2\">Golf, am\u00e9nagement paysager, croquet<\/td>\n<\/tr>\n<tr class=\"row-2\">\n\t<td class=\"column-1\">Cor<\/td><td class=\"column-2\">Vert clair<\/td>\n<\/tr>\n<tr class=\"row-3\">\n\t<td class=\"column-1\">Largeur des feuilles<\/td><td class=\"column-2\">Tr\u00c1\u00a8s bien<\/td>\n<\/tr>\n<tr class=\"row-4\">\n\t<td class=\"column-1\">Dormance hivernale<\/td><td class=\"column-2\">P\u00e9rdida de color por debajo de los 12\u00b0C<\/td>\n<\/tr>\n<tr class=\"row-5\">\n\t<td class=\"column-1\">Sols<\/td><td class=\"column-2\">Sols sableux et sablo-limoneux<\/td>\n<\/tr>\n<tr class=\"row-6\">\n\t<td class=\"column-1\">Croissance\/Reproduction<\/td><td class=\"column-2\">Croissance rapide et vigoureuse \/ Reproduction par gazon et bouturage<\/td>\n<\/tr>\n<tr class=\"row-7\">\n\t<td class=\"column-1\">Usure\/Pi\u00e9tinement<\/td><td class=\"column-2\">Haute<\/td>\n<\/tr>\n<tr class=\"row-8\">\n\t<td class=\"column-1\">R\u00e9paration apr\u00c1\u00a8s dommages<\/td><td class=\"column-2\">Haute<\/td>\n<\/tr>\n<tr class=\"row-9\">\n\t<td class=\"column-1\">Chaleur<\/td><td class=\"column-2\">Haute r\u00e9sistance.<\/td>\n<\/tr>\n<tr class=\"row-10\">\n\t<td class=\"column-1\">Froid<\/td><td class=\"column-2\">r\u00e9sistance moyenne<\/td>\n<\/tr>\n<tr class=\"row-11\">\n\t<td class=\"column-1\">Ombre<\/td><td class=\"column-2\">Faible r\u00e9sistance<\/td>\n<\/tr>\n<tr class=\"row-12\">\n\t<td class=\"column-1\">S\u00e9cheresse<\/td><td class=\"column-2\">Haute r\u00e9sistance.<\/td>\n<\/tr>\n<tr class=\"row-13\">\n\t<td class=\"column-1\">Salinit\u00e9<\/td><td class=\"column-2\">Haute r\u00e9sistance.<\/td>\n<\/tr>\n<tr class=\"row-14\">\n\t<td class=\"column-1\">Besoins en eau<\/td><td class=\"column-2\">Faible.<\/td>\n<\/tr>\n<tr class=\"row-15\">\n\t<td class=\"column-1\">Tonte<\/td><td class=\"column-2\">Haute fr\u00e9quence. Entre 2,5 et 3,5 mm<\/td>\n<\/tr>\n<tr class=\"row-16\">\n\t<td class=\"column-1\">Mauvaises herbes<\/td><td class=\"column-2\">Faible impact des mauvaises herbes gr\u00c1\u00a2ce \u00c1\u00a0 une tonte courte et une forte densit\u00e9.<\/td>\n<\/tr>\n<tr class=\"row-17\">\n\t<td class=\"column-1\">Ravageurs<\/td><td class=\"column-2\">Haute<\/td>\n<\/tr>\n<tr class=\"row-18\">\n\t<td class=\"column-1\">Maladies<\/td><td class=\"column-2\">Haute<\/td>\n<\/tr>\n<tr class=\"row-19\">\n\t<td class=\"column-1\">Engrais<\/td><td class=\"column-2\">Faibles exigences<\/td>\n<\/tr>\n<\/tbody>\n<\/table>\n<!-- #tablepress-6 from cache -->","protected":false},"excerpt":{"rendered":"<p>Sunday est une vari\u00e9t\u00e9 naine de Bermuda sp\u00e9cialement con\u00c1\u00a7ue pour les jardins.<\/p>\n<p>Elle poss\u00c1\u00a8de une texture tr\u00c1\u00a8s fine et offre une surface de putting tr\u00c1\u00a8s homog\u00c1\u00a8ne et de haute qualit\u00e9.<\/p>\n<p>Le syst\u00c1\u00a8me Sunday a \u00e9t\u00e9 install\u00e9 avec succ\u00c1\u00a8s sur plusieurs terrains de golf aux \u00c1\u2030tats-Unis, et les retours ont \u00e9t\u00e9 tr\u00c1\u00a8s positifs concernant sa couleur et ses faibles besoins d&#039;entretien.<\/p>","protected":false},"featured_media":12037,"comment_status":"closed","ping_status":"closed","template":"","meta":{"_acf_changed":false,"_et_pb_use_builder":"","_et_pb_old_content":"","_et_gb_content_width":""},"product_brand":[],"product_cat":[201,196,195],"product_tag":[],"class_list":{"0":"post-15671","1":"product","2":"type-product","3":"status-publish","4":"has-post-thumbnail","6":"product_cat-bermuda","7":"product_cat-clima-calido","8":"product_cat-variedades","9":"pa_uso-golf","10":"pa_uso-ornamental","11":"pa_uso-otros-deportes","13":"first","14":"instock","15":"shipping-taxable","16":"product-type-simple"},"acf":[],"yoast_head":"<!-- This site is optimized with the Yoast SEO plugin v27.2 - https:\/\/yoast.com\/product\/yoast-seo-wordpress\/ -->\n<title>Bermuda ultra-dwarf Sunday - C\u00e9sped Natural Novogreen<\/title>\n<meta name=\"robots\" content=\"index, follow, max-snippet:-1, max-image-preview:large, max-video-preview:-1\" \/>\n<link rel=\"canonical\" href=\"https:\/\/novogreen.net\/fr\/produit\/bermuda-sunday\/\" \/>\n<meta property=\"og:locale\" content=\"fr_FR\" \/>\n<meta property=\"og:type\" content=\"article\" \/>\n<meta property=\"og:title\" content=\"Bermuda ultra-dwarf Sunday - C\u00e9sped Natural Novogreen\" \/>\n<meta property=\"og:description\" content=\"Sunday es una Bermuda enana especial para greenes.  Tiene una textura muy fina y proporciona una superficie de putting muy consistente y de alta calidad.  Sunday se ha instalado con \u00e9xito en varios campos de golf de EEUU con comentarios muy positivos sobre su color y bajas necesidades de mantenimiento.\" \/>\n<meta property=\"og:url\" content=\"https:\/\/novogreen.net\/fr\/produit\/bermuda-sunday\/\" \/>\n<meta property=\"og:site_name\" content=\"C\u00e9sped Natural Novogreen\" \/>\n<meta property=\"article:publisher\" content=\"https:\/\/www.facebook.com\/novogreencesped\" \/>\n<meta property=\"article:modified_time\" content=\"2026-03-25T15:09:29+00:00\" \/>\n<meta property=\"og:image\" content=\"https:\/\/novogreen.net\/wp-content\/uploads\/2022\/05\/9.jpg\" \/>\n\t<meta property=\"og:image:width\" content=\"1200\" \/>\n\t<meta property=\"og:image:height\" content=\"800\" \/>\n\t<meta property=\"og:image:type\" content=\"image\/jpeg\" \/>\n<meta name=\"twitter:card\" content=\"summary_large_image\" \/>\n<meta name=\"twitter:site\" content=\"@Novogreen_sod\" \/>\n<meta name=\"twitter:label1\" content=\"Dur\u00e9e de lecture estim\u00e9e\" \/>\n\t<meta name=\"twitter:data1\" content=\"1 minute\" \/>\n<script type=\"application\/ld+json\" class=\"yoast-schema-graph\">{\"@context\":\"https:\/\/schema.org\",\"@graph\":[{\"@type\":\"WebPage\",\"@id\":\"https:\/\/novogreen.net\/producto\/bermuda-sunday\/\",\"url\":\"https:\/\/novogreen.net\/producto\/bermuda-sunday\/\",\"name\":\"Bermuda ultra-dwarf Sunday - C\u00e9sped Natural Novogreen\",\"isPartOf\":{\"@id\":\"https:\/\/novogreen.net\/#website\"},\"primaryImageOfPage\":{\"@id\":\"https:\/\/novogreen.net\/producto\/bermuda-sunday\/#primaryimage\"},\"image\":{\"@id\":\"https:\/\/novogreen.net\/producto\/bermuda-sunday\/#primaryimage\"},\"thumbnailUrl\":\"https:\/\/novogreen.net\/wp-content\/uploads\/2022\/05\/9.jpg\",\"datePublished\":\"2022-05-05T15:13:36+00:00\",\"dateModified\":\"2026-03-25T15:09:29+00:00\",\"breadcrumb\":{\"@id\":\"https:\/\/novogreen.net\/producto\/bermuda-sunday\/#breadcrumb\"},\"inLanguage\":\"fr-FR\",\"potentialAction\":[{\"@type\":\"ReadAction\",\"target\":[\"https:\/\/novogreen.net\/producto\/bermuda-sunday\/\"]}]},{\"@type\":\"ImageObject\",\"inLanguage\":\"fr-FR\",\"@id\":\"https:\/\/novogreen.net\/producto\/bermuda-sunday\/#primaryimage\",\"url\":\"https:\/\/novogreen.net\/wp-content\/uploads\/2022\/05\/9.jpg\",\"contentUrl\":\"https:\/\/novogreen.net\/wp-content\/uploads\/2022\/05\/9.jpg\",\"width\":1200,\"height\":800},{\"@type\":\"BreadcrumbList\",\"@id\":\"https:\/\/novogreen.net\/producto\/bermuda-sunday\/#breadcrumb\",\"itemListElement\":[{\"@type\":\"ListItem\",\"position\":1,\"name\":\"Portada\",\"item\":\"https:\/\/novogreen.net\/\"},{\"@type\":\"ListItem\",\"position\":2,\"name\":\"Productos\",\"item\":\"https:\/\/novogreen.net\/tienda\/\"},{\"@type\":\"ListItem\",\"position\":3,\"name\":\"Bermuda ultra-dwarf Sunday\"}]},{\"@type\":\"WebSite\",\"@id\":\"https:\/\/novogreen.net\/#website\",\"url\":\"https:\/\/novogreen.net\/\",\"name\":\"C\u00e9sped Natural Novogreen\",\"description\":\"\",\"potentialAction\":[{\"@type\":\"SearchAction\",\"target\":{\"@type\":\"EntryPoint\",\"urlTemplate\":\"https:\/\/novogreen.net\/?s={search_term_string}\"},\"query-input\":{\"@type\":\"PropertyValueSpecification\",\"valueRequired\":true,\"valueName\":\"search_term_string\"}}],\"inLanguage\":\"fr-FR\"}]}<\/script>\n<!-- \/ Yoast SEO plugin. -->","yoast_head_json":{"title":"Bermuda ultra-dwarf Sunday - C\u00e9sped Natural Novogreen","robots":{"index":"index","follow":"follow","max-snippet":"max-snippet:-1","max-image-preview":"max-image-preview:large","max-video-preview":"max-video-preview:-1"},"canonical":"https:\/\/novogreen.net\/fr\/produit\/bermuda-sunday\/","og_locale":"fr_FR","og_type":"article","og_title":"Bermuda ultra-dwarf Sunday - C\u00e9sped Natural Novogreen","og_description":"Sunday es una Bermuda enana especial para greenes.  Tiene una textura muy fina y proporciona una superficie de putting muy consistente y de alta calidad.  Sunday se ha instalado con \u00e9xito en varios campos de golf de EEUU con comentarios muy positivos sobre su color y bajas necesidades de mantenimiento.","og_url":"https:\/\/novogreen.net\/fr\/produit\/bermuda-sunday\/","og_site_name":"C\u00e9sped Natural Novogreen","article_publisher":"https:\/\/www.facebook.com\/novogreencesped","article_modified_time":"2026-03-25T15:09:29+00:00","og_image":[{"width":1200,"height":800,"url":"https:\/\/novogreen.net\/wp-content\/uploads\/2022\/05\/9.jpg","type":"image\/jpeg"}],"twitter_card":"summary_large_image","twitter_site":"@Novogreen_sod","twitter_misc":{"Dur\u00e9e de lecture estim\u00e9e":"1 minute"},"schema":{"@context":"https:\/\/schema.org","@graph":[{"@type":"WebPage","@id":"https:\/\/novogreen.net\/producto\/bermuda-sunday\/","url":"https:\/\/novogreen.net\/producto\/bermuda-sunday\/","name":"Bermuda ultra-dwarf Sunday - C\u00e9sped Natural Novogreen","isPartOf":{"@id":"https:\/\/novogreen.net\/#website"},"primaryImageOfPage":{"@id":"https:\/\/novogreen.net\/producto\/bermuda-sunday\/#primaryimage"},"image":{"@id":"https:\/\/novogreen.net\/producto\/bermuda-sunday\/#primaryimage"},"thumbnailUrl":"https:\/\/novogreen.net\/wp-content\/uploads\/2022\/05\/9.jpg","datePublished":"2022-05-05T15:13:36+00:00","dateModified":"2026-03-25T15:09:29+00:00","breadcrumb":{"@id":"https:\/\/novogreen.net\/producto\/bermuda-sunday\/#breadcrumb"},"inLanguage":"fr-FR","potentialAction":[{"@type":"ReadAction","target":["https:\/\/novogreen.net\/producto\/bermuda-sunday\/"]}]},{"@type":"ImageObject","inLanguage":"fr-FR","@id":"https:\/\/novogreen.net\/producto\/bermuda-sunday\/#primaryimage","url":"https:\/\/novogreen.net\/wp-content\/uploads\/2022\/05\/9.jpg","contentUrl":"https:\/\/novogreen.net\/wp-content\/uploads\/2022\/05\/9.jpg","width":1200,"height":800},{"@type":"BreadcrumbList","@id":"https:\/\/novogreen.net\/producto\/bermuda-sunday\/#breadcrumb","itemListElement":[{"@type":"ListItem","position":1,"name":"Portada","item":"https:\/\/novogreen.net\/"},{"@type":"ListItem","position":2,"name":"Productos","item":"https:\/\/novogreen.net\/tienda\/"},{"@type":"ListItem","position":3,"name":"Bermuda ultra-dwarf Sunday"}]},{"@type":"WebSite","@id":"https:\/\/novogreen.net\/#website","url":"https:\/\/novogreen.net\/","name":"Gazon naturel Novogreen","description":"","potentialAction":[{"@type":"SearchAction","target":{"@type":"EntryPoint","urlTemplate":"https:\/\/novogreen.net\/?s={search_term_string}"},"query-input":{"@type":"PropertyValueSpecification","valueRequired":true,"valueName":"search_term_string"}}],"inLanguage":"fr-FR"}]}},"_links":{"self":[{"href":"https:\/\/novogreen.net\/fr\/wp-json\/wp\/v2\/product\/15671","targetHints":{"allow":["GET"]}}],"collection":[{"href":"https:\/\/novogreen.net\/fr\/wp-json\/wp\/v2\/product"}],"about":[{"href":"https:\/\/novogreen.net\/fr\/wp-json\/wp\/v2\/types\/product"}],"replies":[{"embeddable":true,"href":"https:\/\/novogreen.net\/fr\/wp-json\/wp\/v2\/comments?post=15671"}],"wp:featuredmedia":[{"embeddable":true,"href":"https:\/\/novogreen.net\/fr\/wp-json\/wp\/v2\/media\/12037"}],"wp:attachment":[{"href":"https:\/\/novogreen.net\/fr\/wp-json\/wp\/v2\/media?parent=15671"}],"wp:term":[{"taxonomy":"product_brand","embeddable":true,"href":"https:\/\/novogreen.net\/fr\/wp-json\/wp\/v2\/product_brand?post=15671"},{"taxonomy":"product_cat","embeddable":true,"href":"https:\/\/novogreen.net\/fr\/wp-json\/wp\/v2\/product_cat?post=15671"},{"taxonomy":"product_tag","embeddable":true,"href":"https:\/\/novogreen.net\/fr\/wp-json\/wp\/v2\/product_tag?post=15671"}],"curies":[{"name":"wp","href":"https:\/\/api.w.org\/{rel}","templated":true}]}}