{"id":15663,"date":"2022-05-05T09:07:31","date_gmt":"2022-05-05T07:07:31","guid":{"rendered":"https:\/\/novogreen.net\/producto\/bermuda-celebration\/"},"modified":"2026-03-25T16:09:40","modified_gmt":"2026-03-25T15:09:40","slug":"bermuda-celebration","status":"publish","type":"product","link":"https:\/\/novogreen.net\/fr\/produit\/bermuda-celebration\/","title":{"rendered":"C\u00e9l\u00e9bration des Bermudes"},"content":{"rendered":"<table id=\"tablepress-4\" class=\"tablepress tablepress-id-4\">\n<tbody class=\"row-striping row-hover\">\n<tr class=\"row-1\">\n\t<td class=\"column-1\">Pour utiliser<\/td><td class=\"column-2\">Golf, terrains de sport en g\u00e9n\u00e9ral, jardinage et am\u00e9nagement paysager.<\/td>\n<\/tr>\n<tr class=\"row-2\">\n\t<td class=\"column-1\"><\/td><td class=\"column-2\"><\/td>\n<\/tr>\n<tr class=\"row-3\">\n\t<td class=\"column-1\">Cor<\/td><td class=\"column-2\">Vert bleu fonc\u00e9.<\/td>\n<\/tr>\n<tr class=\"row-4\">\n\t<td class=\"column-1\">Largeur des feuilles<\/td><td class=\"column-2\">Gazon dense \u00c1\u00a0 brins fins.<\/td>\n<\/tr>\n<tr class=\"row-5\">\n\t<td class=\"column-1\">Jaunissement\/d\u00e9coloration hivernale<\/td><td class=\"column-2\">Faible entretien, plus court que les autres gazons des Bermudes.<\/td>\n<\/tr>\n<tr class=\"row-6\">\n\t<td class=\"column-1\">Sols<\/td><td class=\"column-2\">Convient \u00c1\u00a0 tous les types de sols. pH entre 5,5 et 8,5.<\/td>\n<\/tr>\n<tr class=\"row-7\">\n\t<td class=\"column-1\"><\/td><td class=\"column-2\"><\/td>\n<\/tr>\n<tr class=\"row-8\">\n\t<td class=\"column-1\">Croissance\/reproduction<\/td><td class=\"column-2\">Se reproduit par stolons et rhizomes. Tr\u00c1\u00a8s vigoureux.<\/td>\n<\/tr>\n<tr class=\"row-9\">\n\t<td class=\"column-1\">Usure<\/td><td class=\"column-2\">Haute r\u00e9sistance.<\/td>\n<\/tr>\n<tr class=\"row-10\">\n\t<td class=\"column-1\">R\u00e9paration apr\u00c1\u00a8s dommages<\/td><td class=\"column-2\">Haute<\/td>\n<\/tr>\n<tr class=\"row-11\">\n\t<td class=\"column-1\">Ravageurs<\/td><td class=\"column-2\">Haute r\u00e9sistance.<\/td>\n<\/tr>\n<tr class=\"row-12\">\n\t<td class=\"column-1\">Maladies<\/td><td class=\"column-2\">Haute r\u00e9sistance.<\/td>\n<\/tr>\n<tr class=\"row-13\">\n\t<td class=\"column-1\">Chaleur<\/td><td class=\"column-2\">Haute r\u00e9sistance.<\/td>\n<\/tr>\n<tr class=\"row-14\">\n\t<td class=\"column-1\"><\/td><td class=\"column-2\"><\/td>\n<\/tr>\n<tr class=\"row-15\">\n\t<td class=\"column-1\">Froid<\/td><td class=\"column-2\">Faible r\u00e9sistance, mais plus r\u00e9sistant que les autres gazons des Bermudes.<\/td>\n<\/tr>\n<tr class=\"row-16\">\n\t<td class=\"column-1\">Ombre<\/td><td class=\"column-2\">Faible r\u00e9sistance, mais plus r\u00e9sistant que les autres gazons des Bermudes.<\/td>\n<\/tr>\n<tr class=\"row-17\">\n\t<td class=\"column-1\">S\u00e9cheresse<\/td><td class=\"column-2\">Haute r\u00e9sistance.<\/td>\n<\/tr>\n<tr class=\"row-18\">\n\t<td class=\"column-1\">Salinit\u00e9<\/td><td class=\"column-2\">Haute r\u00e9sistance.<\/td>\n<\/tr>\n<tr class=\"row-19\">\n\t<td class=\"column-1\">Besoins en eau<\/td><td class=\"column-2\">Faible.<\/td>\n<\/tr>\n<tr class=\"row-20\">\n\t<td class=\"column-1\">Tonte<\/td><td class=\"column-2\">Entretien fr\u00e9quent\u00c2\u00a0; tondre \u00c1\u00a0 8-9 mm.<\/td>\n<\/tr>\n<tr class=\"row-21\">\n\t<td class=\"column-1\"><\/td><td class=\"column-2\"><\/td>\n<\/tr>\n<tr class=\"row-22\">\n\t<td class=\"column-1\">D\u00e9sherbage<\/td><td class=\"column-2\">\u00c1\u2030lev\u00e9.<\/td>\n<\/tr>\n<tr class=\"row-23\">\n\t<td class=\"column-1\">Engrais<\/td><td class=\"column-2\">Faible entretien selon le niveau d'entretien.<\/td>\n<\/tr>\n<\/tbody>\n<\/table>\n<!-- #tablepress-4 from cache -->","protected":false},"excerpt":{"rendered":"<p class=\"translation-block\">In\u00e9gal\u00e9e en termes de vitesse et de r\u00e9sistance.\n\nCelebration est une vari\u00e9t\u00e9 de gazon des Bermudes bleu-vert fonc\u00e9 offrant une excellente r\u00e9sistance au pi\u00e9tinement, une forte capacit\u00e9 de r\u00e9g\u00e9n\u00e9ration et une grande r\u00e9sistance \u00c1\u00a0 la s\u00e9cheresse. Cette vari\u00e9t\u00e9 s'adapte mieux \u00c1\u00a0 l'ombre que les autres gazons des Bermudes.\n\nUne r\u00e9volution a eu lieu dans le monde, aux \u00c1\u2030tats-Unis, et se propage d\u00e9sormais partout ailleurs.\n\nLa vari\u00e9t\u00e9 Novogreen est peut-\u00c1\u00aatre plus facile d'entretien.<\/p>","protected":false},"featured_media":12076,"comment_status":"closed","ping_status":"closed","template":"","meta":{"_acf_changed":false,"_et_pb_use_builder":"","_et_pb_old_content":"","_et_gb_content_width":""},"product_brand":[],"product_cat":[201,196,195],"product_tag":[],"class_list":{"0":"post-15663","1":"product","2":"type-product","3":"status-publish","4":"has-post-thumbnail","6":"product_cat-bermuda","7":"product_cat-clima-calido","8":"product_cat-variedades","9":"pa_uso-golf","10":"pa_uso-ornamental","11":"pa_uso-otros-deportes","13":"first","14":"instock","15":"shipping-taxable","16":"product-type-simple"},"acf":[],"yoast_head":"<!-- This site is optimized with the Yoast SEO plugin v27.2 - https:\/\/yoast.com\/product\/yoast-seo-wordpress\/ -->\n<title>Bermuda Celebration - C\u00e9sped Natural Novogreen<\/title>\n<meta name=\"robots\" content=\"index, follow, max-snippet:-1, max-image-preview:large, max-video-preview:-1\" \/>\n<link rel=\"canonical\" href=\"https:\/\/novogreen.net\/fr\/produit\/bermuda-celebration\/\" \/>\n<meta property=\"og:locale\" content=\"fr_FR\" \/>\n<meta property=\"og:type\" content=\"article\" \/>\n<meta property=\"og:title\" content=\"Bermuda Celebration - C\u00e9sped Natural Novogreen\" \/>\n<meta property=\"og:description\" content=\"Insuperable en rapidez y resistencia. Celebration es una bermuda de color verde azulado oscuro con excelente tolerancia al desgaste, gran poder de recuperaci\u00f3n y alta resistencia a la sequ\u00eda. Esta variedad se adapta a la sombra mejor que otras bermudas. Ha sido una revoluci\u00f3n en el mundo de las cespitosas en el sur de EEUU y se est\u00e1 extendiendo por todo el globo. Posiblemente la variedad de Novogreen con el mantenimiento m\u00e1s f\u00e1cil.\" \/>\n<meta property=\"og:url\" content=\"https:\/\/novogreen.net\/fr\/produit\/bermuda-celebration\/\" \/>\n<meta property=\"og:site_name\" content=\"C\u00e9sped Natural Novogreen\" \/>\n<meta property=\"article:publisher\" content=\"https:\/\/www.facebook.com\/novogreencesped\" \/>\n<meta property=\"article:modified_time\" content=\"2026-03-25T15:09:40+00:00\" \/>\n<meta property=\"og:image\" content=\"https:\/\/novogreen.net\/wp-content\/uploads\/2022\/05\/5-1.jpg\" \/>\n\t<meta property=\"og:image:width\" content=\"1200\" \/>\n\t<meta property=\"og:image:height\" content=\"800\" \/>\n\t<meta property=\"og:image:type\" content=\"image\/jpeg\" \/>\n<meta name=\"twitter:card\" content=\"summary_large_image\" \/>\n<meta name=\"twitter:site\" content=\"@Novogreen_sod\" \/>\n<meta name=\"twitter:label1\" content=\"Dur\u00e9e de lecture estim\u00e9e\" \/>\n\t<meta name=\"twitter:data1\" content=\"1 minute\" \/>\n<script type=\"application\/ld+json\" class=\"yoast-schema-graph\">{\"@context\":\"https:\/\/schema.org\",\"@graph\":[{\"@type\":\"WebPage\",\"@id\":\"https:\/\/novogreen.net\/producto\/bermuda-celebration\/\",\"url\":\"https:\/\/novogreen.net\/producto\/bermuda-celebration\/\",\"name\":\"Bermuda Celebration - C\u00e9sped Natural Novogreen\",\"isPartOf\":{\"@id\":\"https:\/\/novogreen.net\/#website\"},\"primaryImageOfPage\":{\"@id\":\"https:\/\/novogreen.net\/producto\/bermuda-celebration\/#primaryimage\"},\"image\":{\"@id\":\"https:\/\/novogreen.net\/producto\/bermuda-celebration\/#primaryimage\"},\"thumbnailUrl\":\"https:\/\/novogreen.net\/wp-content\/uploads\/2022\/05\/5-1.jpg\",\"datePublished\":\"2022-05-05T07:07:31+00:00\",\"dateModified\":\"2026-03-25T15:09:40+00:00\",\"breadcrumb\":{\"@id\":\"https:\/\/novogreen.net\/producto\/bermuda-celebration\/#breadcrumb\"},\"inLanguage\":\"fr-FR\",\"potentialAction\":[{\"@type\":\"ReadAction\",\"target\":[\"https:\/\/novogreen.net\/producto\/bermuda-celebration\/\"]}]},{\"@type\":\"ImageObject\",\"inLanguage\":\"fr-FR\",\"@id\":\"https:\/\/novogreen.net\/producto\/bermuda-celebration\/#primaryimage\",\"url\":\"https:\/\/novogreen.net\/wp-content\/uploads\/2022\/05\/5-1.jpg\",\"contentUrl\":\"https:\/\/novogreen.net\/wp-content\/uploads\/2022\/05\/5-1.jpg\",\"width\":1200,\"height\":800},{\"@type\":\"BreadcrumbList\",\"@id\":\"https:\/\/novogreen.net\/producto\/bermuda-celebration\/#breadcrumb\",\"itemListElement\":[{\"@type\":\"ListItem\",\"position\":1,\"name\":\"Portada\",\"item\":\"https:\/\/novogreen.net\/\"},{\"@type\":\"ListItem\",\"position\":2,\"name\":\"Productos\",\"item\":\"https:\/\/novogreen.net\/tienda\/\"},{\"@type\":\"ListItem\",\"position\":3,\"name\":\"Bermuda Celebration\"}]},{\"@type\":\"WebSite\",\"@id\":\"https:\/\/novogreen.net\/#website\",\"url\":\"https:\/\/novogreen.net\/\",\"name\":\"C\u00e9sped Natural Novogreen\",\"description\":\"\",\"potentialAction\":[{\"@type\":\"SearchAction\",\"target\":{\"@type\":\"EntryPoint\",\"urlTemplate\":\"https:\/\/novogreen.net\/?s={search_term_string}\"},\"query-input\":{\"@type\":\"PropertyValueSpecification\",\"valueRequired\":true,\"valueName\":\"search_term_string\"}}],\"inLanguage\":\"fr-FR\"}]}<\/script>\n<!-- \/ Yoast SEO plugin. -->","yoast_head_json":{"title":"Bermuda Celebration - C\u00e9sped Natural Novogreen","robots":{"index":"index","follow":"follow","max-snippet":"max-snippet:-1","max-image-preview":"max-image-preview:large","max-video-preview":"max-video-preview:-1"},"canonical":"https:\/\/novogreen.net\/fr\/produit\/bermuda-celebration\/","og_locale":"fr_FR","og_type":"article","og_title":"Bermuda Celebration - C\u00e9sped Natural Novogreen","og_description":"Insuperable en rapidez y resistencia. Celebration es una bermuda de color verde azulado oscuro con excelente tolerancia al desgaste, gran poder de recuperaci\u00f3n y alta resistencia a la sequ\u00eda. Esta variedad se adapta a la sombra mejor que otras bermudas. Ha sido una revoluci\u00f3n en el mundo de las cespitosas en el sur de EEUU y se est\u00e1 extendiendo por todo el globo. Posiblemente la variedad de Novogreen con el mantenimiento m\u00e1s f\u00e1cil.","og_url":"https:\/\/novogreen.net\/fr\/produit\/bermuda-celebration\/","og_site_name":"C\u00e9sped Natural Novogreen","article_publisher":"https:\/\/www.facebook.com\/novogreencesped","article_modified_time":"2026-03-25T15:09:40+00:00","og_image":[{"width":1200,"height":800,"url":"https:\/\/novogreen.net\/wp-content\/uploads\/2022\/05\/5-1.jpg","type":"image\/jpeg"}],"twitter_card":"summary_large_image","twitter_site":"@Novogreen_sod","twitter_misc":{"Dur\u00e9e de lecture estim\u00e9e":"1 minute"},"schema":{"@context":"https:\/\/schema.org","@graph":[{"@type":"WebPage","@id":"https:\/\/novogreen.net\/producto\/bermuda-celebration\/","url":"https:\/\/novogreen.net\/producto\/bermuda-celebration\/","name":"Bermuda Celebration - C\u00e9sped Natural Novogreen","isPartOf":{"@id":"https:\/\/novogreen.net\/#website"},"primaryImageOfPage":{"@id":"https:\/\/novogreen.net\/producto\/bermuda-celebration\/#primaryimage"},"image":{"@id":"https:\/\/novogreen.net\/producto\/bermuda-celebration\/#primaryimage"},"thumbnailUrl":"https:\/\/novogreen.net\/wp-content\/uploads\/2022\/05\/5-1.jpg","datePublished":"2022-05-05T07:07:31+00:00","dateModified":"2026-03-25T15:09:40+00:00","breadcrumb":{"@id":"https:\/\/novogreen.net\/producto\/bermuda-celebration\/#breadcrumb"},"inLanguage":"fr-FR","potentialAction":[{"@type":"ReadAction","target":["https:\/\/novogreen.net\/producto\/bermuda-celebration\/"]}]},{"@type":"ImageObject","inLanguage":"fr-FR","@id":"https:\/\/novogreen.net\/producto\/bermuda-celebration\/#primaryimage","url":"https:\/\/novogreen.net\/wp-content\/uploads\/2022\/05\/5-1.jpg","contentUrl":"https:\/\/novogreen.net\/wp-content\/uploads\/2022\/05\/5-1.jpg","width":1200,"height":800},{"@type":"BreadcrumbList","@id":"https:\/\/novogreen.net\/producto\/bermuda-celebration\/#breadcrumb","itemListElement":[{"@type":"ListItem","position":1,"name":"Portada","item":"https:\/\/novogreen.net\/"},{"@type":"ListItem","position":2,"name":"Productos","item":"https:\/\/novogreen.net\/tienda\/"},{"@type":"ListItem","position":3,"name":"Bermuda Celebration"}]},{"@type":"WebSite","@id":"https:\/\/novogreen.net\/#website","url":"https:\/\/novogreen.net\/","name":"Gazon naturel Novogreen","description":"","potentialAction":[{"@type":"SearchAction","target":{"@type":"EntryPoint","urlTemplate":"https:\/\/novogreen.net\/?s={search_term_string}"},"query-input":{"@type":"PropertyValueSpecification","valueRequired":true,"valueName":"search_term_string"}}],"inLanguage":"fr-FR"}]}},"_links":{"self":[{"href":"https:\/\/novogreen.net\/fr\/wp-json\/wp\/v2\/product\/15663","targetHints":{"allow":["GET"]}}],"collection":[{"href":"https:\/\/novogreen.net\/fr\/wp-json\/wp\/v2\/product"}],"about":[{"href":"https:\/\/novogreen.net\/fr\/wp-json\/wp\/v2\/types\/product"}],"replies":[{"embeddable":true,"href":"https:\/\/novogreen.net\/fr\/wp-json\/wp\/v2\/comments?post=15663"}],"wp:featuredmedia":[{"embeddable":true,"href":"https:\/\/novogreen.net\/fr\/wp-json\/wp\/v2\/media\/12076"}],"wp:attachment":[{"href":"https:\/\/novogreen.net\/fr\/wp-json\/wp\/v2\/media?parent=15663"}],"wp:term":[{"taxonomy":"product_brand","embeddable":true,"href":"https:\/\/novogreen.net\/fr\/wp-json\/wp\/v2\/product_brand?post=15663"},{"taxonomy":"product_cat","embeddable":true,"href":"https:\/\/novogreen.net\/fr\/wp-json\/wp\/v2\/product_cat?post=15663"},{"taxonomy":"product_tag","embeddable":true,"href":"https:\/\/novogreen.net\/fr\/wp-json\/wp\/v2\/product_tag?post=15663"}],"curies":[{"name":"wp","href":"https:\/\/api.w.org\/{rel}","templated":true}]}}