{"id":15649,"date":"2022-05-06T10:47:41","date_gmt":"2022-05-06T08:47:41","guid":{"rendered":"https:\/\/novogreen.net\/producto\/zoysia-zeon\/"},"modified":"2026-03-25T16:08:21","modified_gmt":"2026-03-25T15:08:21","slug":"zoysia-zeon","status":"publish","type":"product","link":"https:\/\/novogreen.net\/fr\/produit\/zoysia-zeon\/","title":{"rendered":"Zoysia Zeon"},"content":{"rendered":"<table id=\"tablepress-12\" class=\"tablepress tablepress-id-12\">\n<tbody class=\"row-striping row-hover\">\n<tr class=\"row-1\">\n\t<td class=\"column-1\">Pour utiliser<\/td><td class=\"column-2\">Campos de golf, terrenos deportivos, resorts, jardiner\u00eda<\/td>\n<\/tr>\n<tr class=\"row-2\">\n\t<td class=\"column-1\">Cor<\/td><td class=\"column-2\">Verde oscuro<\/td>\n<\/tr>\n<tr class=\"row-3\">\n\t<td class=\"column-1\">Largeur des feuilles<\/td><td class=\"column-2\">Fina<\/td>\n<\/tr>\n<tr class=\"row-4\">\n\t<td class=\"column-1\">Dormance hivernale<\/td><td class=\"column-2\">P\u00e9rdida de color por debajo de los 8\u00b0C<\/td>\n<\/tr>\n<tr class=\"row-5\">\n\t<td class=\"column-1\">Sols<\/td><td class=\"column-2\">Crece en una amplia gama de suelos<\/td>\n<\/tr>\n<tr class=\"row-6\">\n\t<td class=\"column-1\">Croissance\/Reproduction<\/td><td class=\"column-2\">Lento\/ Reproducci\u00f3n por tepe y esquejes<\/td>\n<\/tr>\n<tr class=\"row-7\">\n\t<td class=\"column-1\">Usure\/Pi\u00e9tinement<\/td><td class=\"column-2\">Resistencia muy alta. Gran tolerancia al pisoteo debido a su densidad<\/td>\n<\/tr>\n<tr class=\"row-8\">\n\t<td class=\"column-1\">R\u00e9paration apr\u00c1\u00a8s dommages<\/td><td class=\"column-2\">Media<\/td>\n<\/tr>\n<tr class=\"row-9\">\n\t<td class=\"column-1\">Chaleur<\/td><td class=\"column-2\">Haute r\u00e9sistance.<\/td>\n<\/tr>\n<tr class=\"row-10\">\n\t<td class=\"column-1\">Froid<\/td><td class=\"column-2\">Haute<\/td>\n<\/tr>\n<tr class=\"row-11\">\n\t<td class=\"column-1\">Ombre<\/td><td class=\"column-2\">Resistencia media-alta<\/td>\n<\/tr>\n<tr class=\"row-12\">\n\t<td class=\"column-1\">S\u00e9cheresse<\/td><td class=\"column-2\">Resistecia muy alta<\/td>\n<\/tr>\n<tr class=\"row-13\">\n\t<td class=\"column-1\">Salinit\u00e9<\/td><td class=\"column-2\">Haute<\/td>\n<\/tr>\n<tr class=\"row-14\">\n\t<td class=\"column-1\">Besoins en eau<\/td><td class=\"column-2\">Muy bajas. Muy resistente a la sequ\u00eda, tolera per\u00edodos largos sin riego<\/td>\n<\/tr>\n<tr class=\"row-15\">\n\t<td class=\"column-1\">Tonte<\/td><td class=\"column-2\">Muy baja frecuencia<\/td>\n<\/tr>\n<tr class=\"row-16\">\n\t<td class=\"column-1\">Mauvaises herbes<\/td><td class=\"column-2\">Faible impact sur les adventices<\/td>\n<\/tr>\n<tr class=\"row-17\">\n\t<td class=\"column-1\">Ravageurs<\/td><td class=\"column-2\">Haute r\u00e9sistance.<\/td>\n<\/tr>\n<tr class=\"row-18\">\n\t<td class=\"column-1\">Maladies<\/td><td class=\"column-2\">Haute<\/td>\n<\/tr>\n<tr class=\"row-19\">\n\t<td class=\"column-1\">Engrais<\/td><td class=\"column-2\">Faibles exigences<\/td>\n<\/tr>\n<\/tbody>\n<\/table>\n<!-- #tablepress-12 from cache -->","protected":false},"excerpt":{"rendered":"<p>Zeon es la Zoysia n\u00famero 1 en ventas en Estados Unidos.<\/p>\n<p>En las pruebas de NTEP (Programa Nacional de Evaluaci\u00f3n de C\u00e9spedes de EEUU), Zeon ocup\u00f3 el primer lugar en calidad de c\u00e9sped. La NTEP tambi\u00e9n confirm\u00f3 que Zeon produce mucho menos colch\u00f3n que otras variedades Zoysia probadas.<\/p>","protected":false},"featured_media":11915,"comment_status":"closed","ping_status":"closed","template":"","meta":{"_acf_changed":false,"_et_pb_use_builder":"","_et_pb_old_content":"","_et_gb_content_width":""},"product_brand":[],"product_cat":[196,195,200],"product_tag":[],"class_list":{"0":"post-15649","1":"product","2":"type-product","3":"status-publish","4":"has-post-thumbnail","6":"product_cat-clima-calido","7":"product_cat-variedades","8":"product_cat-zoysia","9":"pa_uso-golf","10":"pa_uso-ornamental","11":"pa_uso-otros-deportes","13":"first","14":"instock","15":"shipping-taxable","16":"product-type-simple"},"acf":[],"yoast_head":"<!-- This site is optimized with the Yoast SEO plugin v27.2 - https:\/\/yoast.com\/product\/yoast-seo-wordpress\/ -->\n<title>Zoysia Zeon - C\u00e9sped Natural Novogreen<\/title>\n<meta name=\"robots\" content=\"index, follow, max-snippet:-1, max-image-preview:large, max-video-preview:-1\" \/>\n<link rel=\"canonical\" href=\"https:\/\/novogreen.net\/fr\/produit\/zoysia-zeon\/\" \/>\n<meta property=\"og:locale\" content=\"fr_FR\" \/>\n<meta property=\"og:type\" content=\"article\" \/>\n<meta property=\"og:title\" content=\"Zoysia Zeon - C\u00e9sped Natural Novogreen\" \/>\n<meta property=\"og:description\" content=\"Zeon es la Zoysia n\u00famero 1 en ventas en Estados Unidos.  En las pruebas de NTEP (Programa Nacional de Evaluaci\u00f3n de C\u00e9spedes de EEUU), Zeon ocup\u00f3 el primer lugar en calidad de c\u00e9sped. La NTEP tambi\u00e9n confirm\u00f3 que Zeon produce mucho menos colch\u00f3n que otras variedades Zoysia probadas.\" \/>\n<meta property=\"og:url\" content=\"https:\/\/novogreen.net\/fr\/produit\/zoysia-zeon\/\" \/>\n<meta property=\"og:site_name\" content=\"C\u00e9sped Natural Novogreen\" \/>\n<meta property=\"article:publisher\" content=\"https:\/\/www.facebook.com\/novogreencesped\" \/>\n<meta property=\"article:modified_time\" content=\"2026-03-25T15:08:21+00:00\" \/>\n<meta property=\"og:image\" content=\"https:\/\/novogreen.net\/wp-content\/uploads\/2022\/05\/1_1200.jpg\" \/>\n\t<meta property=\"og:image:width\" content=\"1200\" \/>\n\t<meta property=\"og:image:height\" content=\"800\" \/>\n\t<meta property=\"og:image:type\" content=\"image\/jpeg\" \/>\n<meta name=\"twitter:card\" content=\"summary_large_image\" \/>\n<meta name=\"twitter:site\" content=\"@Novogreen_sod\" \/>\n<meta name=\"twitter:label1\" content=\"Dur\u00e9e de lecture estim\u00e9e\" \/>\n\t<meta name=\"twitter:data1\" content=\"1 minute\" \/>\n<script type=\"application\/ld+json\" class=\"yoast-schema-graph\">{\"@context\":\"https:\/\/schema.org\",\"@graph\":[{\"@type\":\"WebPage\",\"@id\":\"https:\/\/novogreen.net\/producto\/zoysia-zeon\/\",\"url\":\"https:\/\/novogreen.net\/producto\/zoysia-zeon\/\",\"name\":\"Zoysia Zeon - C\u00e9sped Natural Novogreen\",\"isPartOf\":{\"@id\":\"https:\/\/novogreen.net\/#website\"},\"primaryImageOfPage\":{\"@id\":\"https:\/\/novogreen.net\/producto\/zoysia-zeon\/#primaryimage\"},\"image\":{\"@id\":\"https:\/\/novogreen.net\/producto\/zoysia-zeon\/#primaryimage\"},\"thumbnailUrl\":\"https:\/\/novogreen.net\/wp-content\/uploads\/2022\/05\/1_1200.jpg\",\"datePublished\":\"2022-05-06T08:47:41+00:00\",\"dateModified\":\"2026-03-25T15:08:21+00:00\",\"breadcrumb\":{\"@id\":\"https:\/\/novogreen.net\/producto\/zoysia-zeon\/#breadcrumb\"},\"inLanguage\":\"fr-FR\",\"potentialAction\":[{\"@type\":\"ReadAction\",\"target\":[\"https:\/\/novogreen.net\/producto\/zoysia-zeon\/\"]}]},{\"@type\":\"ImageObject\",\"inLanguage\":\"fr-FR\",\"@id\":\"https:\/\/novogreen.net\/producto\/zoysia-zeon\/#primaryimage\",\"url\":\"https:\/\/novogreen.net\/wp-content\/uploads\/2022\/05\/1_1200.jpg\",\"contentUrl\":\"https:\/\/novogreen.net\/wp-content\/uploads\/2022\/05\/1_1200.jpg\",\"width\":1200,\"height\":800},{\"@type\":\"BreadcrumbList\",\"@id\":\"https:\/\/novogreen.net\/producto\/zoysia-zeon\/#breadcrumb\",\"itemListElement\":[{\"@type\":\"ListItem\",\"position\":1,\"name\":\"Portada\",\"item\":\"https:\/\/novogreen.net\/\"},{\"@type\":\"ListItem\",\"position\":2,\"name\":\"Productos\",\"item\":\"https:\/\/novogreen.net\/tienda\/\"},{\"@type\":\"ListItem\",\"position\":3,\"name\":\"Zoysia Zeon\"}]},{\"@type\":\"WebSite\",\"@id\":\"https:\/\/novogreen.net\/#website\",\"url\":\"https:\/\/novogreen.net\/\",\"name\":\"C\u00e9sped Natural Novogreen\",\"description\":\"\",\"potentialAction\":[{\"@type\":\"SearchAction\",\"target\":{\"@type\":\"EntryPoint\",\"urlTemplate\":\"https:\/\/novogreen.net\/?s={search_term_string}\"},\"query-input\":{\"@type\":\"PropertyValueSpecification\",\"valueRequired\":true,\"valueName\":\"search_term_string\"}}],\"inLanguage\":\"fr-FR\"}]}<\/script>\n<!-- \/ Yoast SEO plugin. -->","yoast_head_json":{"title":"Zoysia Zeon - C\u00e9sped Natural Novogreen","robots":{"index":"index","follow":"follow","max-snippet":"max-snippet:-1","max-image-preview":"max-image-preview:large","max-video-preview":"max-video-preview:-1"},"canonical":"https:\/\/novogreen.net\/fr\/produit\/zoysia-zeon\/","og_locale":"fr_FR","og_type":"article","og_title":"Zoysia Zeon - C\u00e9sped Natural Novogreen","og_description":"Zeon es la Zoysia n\u00famero 1 en ventas en Estados Unidos.  En las pruebas de NTEP (Programa Nacional de Evaluaci\u00f3n de C\u00e9spedes de EEUU), Zeon ocup\u00f3 el primer lugar en calidad de c\u00e9sped. La NTEP tambi\u00e9n confirm\u00f3 que Zeon produce mucho menos colch\u00f3n que otras variedades Zoysia probadas.","og_url":"https:\/\/novogreen.net\/fr\/produit\/zoysia-zeon\/","og_site_name":"C\u00e9sped Natural Novogreen","article_publisher":"https:\/\/www.facebook.com\/novogreencesped","article_modified_time":"2026-03-25T15:08:21+00:00","og_image":[{"width":1200,"height":800,"url":"https:\/\/novogreen.net\/wp-content\/uploads\/2022\/05\/1_1200.jpg","type":"image\/jpeg"}],"twitter_card":"summary_large_image","twitter_site":"@Novogreen_sod","twitter_misc":{"Dur\u00e9e de lecture estim\u00e9e":"1 minute"},"schema":{"@context":"https:\/\/schema.org","@graph":[{"@type":"WebPage","@id":"https:\/\/novogreen.net\/producto\/zoysia-zeon\/","url":"https:\/\/novogreen.net\/producto\/zoysia-zeon\/","name":"Zoysia Zeon - C\u00e9sped Natural Novogreen","isPartOf":{"@id":"https:\/\/novogreen.net\/#website"},"primaryImageOfPage":{"@id":"https:\/\/novogreen.net\/producto\/zoysia-zeon\/#primaryimage"},"image":{"@id":"https:\/\/novogreen.net\/producto\/zoysia-zeon\/#primaryimage"},"thumbnailUrl":"https:\/\/novogreen.net\/wp-content\/uploads\/2022\/05\/1_1200.jpg","datePublished":"2022-05-06T08:47:41+00:00","dateModified":"2026-03-25T15:08:21+00:00","breadcrumb":{"@id":"https:\/\/novogreen.net\/producto\/zoysia-zeon\/#breadcrumb"},"inLanguage":"fr-FR","potentialAction":[{"@type":"ReadAction","target":["https:\/\/novogreen.net\/producto\/zoysia-zeon\/"]}]},{"@type":"ImageObject","inLanguage":"fr-FR","@id":"https:\/\/novogreen.net\/producto\/zoysia-zeon\/#primaryimage","url":"https:\/\/novogreen.net\/wp-content\/uploads\/2022\/05\/1_1200.jpg","contentUrl":"https:\/\/novogreen.net\/wp-content\/uploads\/2022\/05\/1_1200.jpg","width":1200,"height":800},{"@type":"BreadcrumbList","@id":"https:\/\/novogreen.net\/producto\/zoysia-zeon\/#breadcrumb","itemListElement":[{"@type":"ListItem","position":1,"name":"Portada","item":"https:\/\/novogreen.net\/"},{"@type":"ListItem","position":2,"name":"Productos","item":"https:\/\/novogreen.net\/tienda\/"},{"@type":"ListItem","position":3,"name":"Zoysia Zeon"}]},{"@type":"WebSite","@id":"https:\/\/novogreen.net\/#website","url":"https:\/\/novogreen.net\/","name":"Gazon naturel Novogreen","description":"","potentialAction":[{"@type":"SearchAction","target":{"@type":"EntryPoint","urlTemplate":"https:\/\/novogreen.net\/?s={search_term_string}"},"query-input":{"@type":"PropertyValueSpecification","valueRequired":true,"valueName":"search_term_string"}}],"inLanguage":"fr-FR"}]}},"_links":{"self":[{"href":"https:\/\/novogreen.net\/fr\/wp-json\/wp\/v2\/product\/15649","targetHints":{"allow":["GET"]}}],"collection":[{"href":"https:\/\/novogreen.net\/fr\/wp-json\/wp\/v2\/product"}],"about":[{"href":"https:\/\/novogreen.net\/fr\/wp-json\/wp\/v2\/types\/product"}],"replies":[{"embeddable":true,"href":"https:\/\/novogreen.net\/fr\/wp-json\/wp\/v2\/comments?post=15649"}],"wp:featuredmedia":[{"embeddable":true,"href":"https:\/\/novogreen.net\/fr\/wp-json\/wp\/v2\/media\/11915"}],"wp:attachment":[{"href":"https:\/\/novogreen.net\/fr\/wp-json\/wp\/v2\/media?parent=15649"}],"wp:term":[{"taxonomy":"product_brand","embeddable":true,"href":"https:\/\/novogreen.net\/fr\/wp-json\/wp\/v2\/product_brand?post=15649"},{"taxonomy":"product_cat","embeddable":true,"href":"https:\/\/novogreen.net\/fr\/wp-json\/wp\/v2\/product_cat?post=15649"},{"taxonomy":"product_tag","embeddable":true,"href":"https:\/\/novogreen.net\/fr\/wp-json\/wp\/v2\/product_tag?post=15649"}],"curies":[{"name":"wp","href":"https:\/\/api.w.org\/{rel}","templated":true}]}}