{"id":15511,"date":"2022-06-03T07:49:40","date_gmt":"2022-06-03T05:49:40","guid":{"rendered":"https:\/\/novogreen.net\/producto\/paspalum-platinum\/"},"modified":"2026-03-25T16:08:02","modified_gmt":"2026-03-25T15:08:02","slug":"paspalum-platinum","status":"publish","type":"product","link":"https:\/\/novogreen.net\/fr\/produit\/paspalum-platinum\/","title":{"rendered":"Paspalum PlatinumTE"},"content":{"rendered":"<table id=\"tablepress-25\" class=\"tablepress tablepress-id-25\">\n<tbody class=\"row-striping row-hover\">\n<tr class=\"row-1\">\n\t<td class=\"column-1\">Pour utiliser<\/td><td class=\"column-2\">Jardinage, am\u00e9nagement paysager, golf, stades sportifs<\/td>\n<\/tr>\n<tr class=\"row-2\">\n\t<td class=\"column-1\">Cor<\/td><td class=\"column-2\">Verde esmeralda<\/td>\n<\/tr>\n<tr class=\"row-3\">\n\t<td class=\"column-1\">Largeur des feuilles<\/td><td class=\"column-2\">Tr\u00c1\u00a8s bien<\/td>\n<\/tr>\n<tr class=\"row-4\">\n\t<td class=\"column-1\">Dormance hivernale<\/td><td class=\"column-2\">P\u00e9rdida de color por debajo de los 8\u00b0C<\/td>\n<\/tr>\n<tr class=\"row-5\">\n\t<td class=\"column-1\">Sols<\/td><td class=\"column-2\">Il tol\u00c1\u00a8re les sols salins et \u00c1\u00a0 forte r\u00e9tention d&#039;eau.<\/td>\n<\/tr>\n<tr class=\"row-6\">\n\t<td class=\"column-1\">Croissance\/Reproduction<\/td><td class=\"column-2\">Propagation par stolons et rhizomes<\/td>\n<\/tr>\n<tr class=\"row-7\">\n\t<td class=\"column-1\">Usure\/Pi\u00e9tinement<\/td><td class=\"column-2\">Haute<\/td>\n<\/tr>\n<tr class=\"row-8\">\n\t<td class=\"column-1\">R\u00e9paration apr\u00c1\u00a8s dommages<\/td><td class=\"column-2\">\u00c1\u2030lev\u00e9e<\/td>\n<\/tr>\n<tr class=\"row-9\">\n\t<td class=\"column-1\">Chaleur<\/td><td class=\"column-2\">Haute r\u00e9sistance.<\/td>\n<\/tr>\n<tr class=\"row-10\">\n\t<td class=\"column-1\">Froid<\/td><td class=\"column-2\">r\u00e9sistance moyenne<\/td>\n<\/tr>\n<tr class=\"row-11\">\n\t<td class=\"column-1\">Ombre<\/td><td class=\"column-2\">Haute<\/td>\n<\/tr>\n<tr class=\"row-12\">\n\t<td class=\"column-1\">S\u00e9cheresse<\/td><td class=\"column-2\">Haute r\u00e9sistance.<\/td>\n<\/tr>\n<tr class=\"row-13\">\n\t<td class=\"column-1\">Salinit\u00e9<\/td><td class=\"column-2\">Tr\u00c1\u00a8s grande r\u00e9sistance\u00c2\u00a0: aucune autre esp\u00c1\u00a8ce ne tol\u00c1\u00a8re mieux la salinit\u00e9 du sol ou de l\"\u2122eau. Elle supporte tr\u00c1\u00a8s bien les inondations et l\"\u2122engorgement.<\/td>\n<\/tr>\n<tr class=\"row-14\">\n\t<td class=\"column-1\">Besoins en eau<\/td><td class=\"column-2\">Muy bajas, tolera per\u00edodos largos sin riego<\/td>\n<\/tr>\n<tr class=\"row-15\">\n\t<td class=\"column-1\">Tonte<\/td><td class=\"column-2\">Frecuencia baja<\/td>\n<\/tr>\n<tr class=\"row-16\">\n\t<td class=\"column-1\">Mauvaises herbes<\/td><td class=\"column-2\">Faible impact sur les adventices<\/td>\n<\/tr>\n<tr class=\"row-17\">\n\t<td class=\"column-1\">Ravageurs<\/td><td class=\"column-2\">Haute<\/td>\n<\/tr>\n<tr class=\"row-18\">\n\t<td class=\"column-1\">Maladies<\/td><td class=\"column-2\">Haute<\/td>\n<\/tr>\n<tr class=\"row-19\">\n\t<td class=\"column-1\">Engrais<\/td><td class=\"column-2\">Faibles exigences<\/td>\n<\/tr>\n<\/tbody>\n<\/table>\n<!-- #tablepress-25 from cache -->\n<p>&nbsp;<\/p>","protected":false},"excerpt":{"rendered":"<p>El Paspalum n\u00ba1 en el mundo.<\/p>\n<p>Cuando la pasi\u00f3n y la precisi\u00f3n se encuentran en un c\u00e9sped, el resultado es Platinum TE\u00e2\u201e\u00a2<\/p>\n<p>Esta innovaci\u00f3n de Paspalum del Dr. Ron R. Duncan ofrece una jugabilidad y una apariencia insuperables.<\/p>\n<p>Platinum TE presenta un color verde m\u00e1s oscuro que otras variedades de Paspalum, textura de hoja muy fina y densidad muy compacta.<\/p>\n<p>Este Paspalum seleccionado naturalmente est\u00e1 certificado y autorizado, y es perfecto para la instalaci\u00f3n desde el tee hasta el green.<\/p>\n<p>Platinum TE es el c\u00e9sped elegido para m\u00e1s de 150 proyectos de campos de golf y campos deportivos en todo el mundo, por ser tolerante a la sombra, muy tolerante a la sal y presentar una rapid\u00edsima recuperaci\u00f3n de las chuletas.<\/p>\n<p>Licencia recientemente adquirida por Novogreen en 2022<\/p>\n<p><a href=\"https:\/\/www.platinumte.com\/\">https:\/\/www.platinumte.com\/<\/a><\/p>","protected":false},"featured_media":11693,"comment_status":"closed","ping_status":"closed","template":"","meta":{"_acf_changed":false,"_et_pb_use_builder":"","_et_pb_old_content":"","_et_gb_content_width":""},"product_brand":[],"product_cat":[196,197,198,195],"product_tag":[],"class_list":{"0":"post-15511","1":"product","2":"type-product","3":"status-publish","4":"has-post-thumbnail","6":"product_cat-clima-calido","7":"product_cat-otras","8":"product_cat-paspalum","9":"product_cat-variedades","10":"pa_uso-futbol","11":"pa_uso-golf","12":"pa_uso-ornamental","13":"pa_uso-otros-deportes","15":"first","16":"instock","17":"shipping-taxable","18":"product-type-simple"},"acf":[],"yoast_head":"<!-- This site is optimized with the Yoast SEO plugin v27.2 - https:\/\/yoast.com\/product\/yoast-seo-wordpress\/ -->\n<title>Paspalum PlatinumTE - C\u00e9sped Natural Novogreen<\/title>\n<meta name=\"robots\" content=\"index, follow, max-snippet:-1, max-image-preview:large, max-video-preview:-1\" \/>\n<link rel=\"canonical\" href=\"https:\/\/novogreen.net\/fr\/produit\/paspalum-platinum\/\" \/>\n<meta property=\"og:locale\" content=\"fr_FR\" \/>\n<meta property=\"og:type\" content=\"article\" \/>\n<meta property=\"og:title\" content=\"Paspalum PlatinumTE - C\u00e9sped Natural Novogreen\" \/>\n<meta property=\"og:description\" content=\"El Paspalum n\u00ba1 en el mundo.  Cuando la pasi\u00f3n y la precisi\u00f3n se encuentran en un c\u00e9sped, el resultado es Platinum TE\u00e2\u201e\u00a2  Esta innovaci\u00f3n de Paspalum del Dr. Ron R. Duncan ofrece una jugabilidad y una apariencia insuperables.  Platinum TE presenta un color verde m\u00e1s oscuro que otras variedades de Paspalum, textura de hoja muy fina y densidad muy compacta.  Este Paspalum seleccionado naturalmente est\u00e1 certificado y autorizado, y es perfecto para la instalaci\u00f3n desde el tee hasta el green.  Platinum TE es el c\u00e9sped elegido para m\u00e1s de 150 proyectos de campos de golf y campos deportivos en todo el mundo, por ser tolerante a la sombra, muy tolerante a la sal y presentar una rapid\u00edsima recuperaci\u00f3n de las chuletas.  Licencia recientemente adquirida por Novogreen en 2022  https:\/\/www.platinumte.com\/\" \/>\n<meta property=\"og:url\" content=\"https:\/\/novogreen.net\/fr\/produit\/paspalum-platinum\/\" \/>\n<meta property=\"og:site_name\" content=\"C\u00e9sped Natural Novogreen\" \/>\n<meta property=\"article:publisher\" content=\"https:\/\/www.facebook.com\/novogreencesped\" \/>\n<meta property=\"article:modified_time\" content=\"2026-03-25T15:08:02+00:00\" \/>\n<meta property=\"og:image\" content=\"https:\/\/novogreen.net\/wp-content\/uploads\/2022\/06\/platinum-te-paspalum-golf.jpg\" \/>\n\t<meta property=\"og:image:width\" content=\"1200\" \/>\n\t<meta property=\"og:image:height\" content=\"800\" \/>\n\t<meta property=\"og:image:type\" content=\"image\/jpeg\" \/>\n<meta name=\"twitter:card\" content=\"summary_large_image\" \/>\n<meta name=\"twitter:site\" content=\"@Novogreen_sod\" \/>\n<meta name=\"twitter:label1\" content=\"Dur\u00e9e de lecture estim\u00e9e\" \/>\n\t<meta name=\"twitter:data1\" content=\"1 minute\" \/>\n<script type=\"application\/ld+json\" class=\"yoast-schema-graph\">{\"@context\":\"https:\/\/schema.org\",\"@graph\":[{\"@type\":\"WebPage\",\"@id\":\"https:\/\/novogreen.net\/producto\/paspalum-platinum\/\",\"url\":\"https:\/\/novogreen.net\/producto\/paspalum-platinum\/\",\"name\":\"Paspalum PlatinumTE - C\u00e9sped Natural Novogreen\",\"isPartOf\":{\"@id\":\"https:\/\/novogreen.net\/#website\"},\"primaryImageOfPage\":{\"@id\":\"https:\/\/novogreen.net\/producto\/paspalum-platinum\/#primaryimage\"},\"image\":{\"@id\":\"https:\/\/novogreen.net\/producto\/paspalum-platinum\/#primaryimage\"},\"thumbnailUrl\":\"https:\/\/novogreen.net\/wp-content\/uploads\/2022\/06\/platinum-te-paspalum-golf.jpg\",\"datePublished\":\"2022-06-03T05:49:40+00:00\",\"dateModified\":\"2026-03-25T15:08:02+00:00\",\"breadcrumb\":{\"@id\":\"https:\/\/novogreen.net\/producto\/paspalum-platinum\/#breadcrumb\"},\"inLanguage\":\"fr-FR\",\"potentialAction\":[{\"@type\":\"ReadAction\",\"target\":[\"https:\/\/novogreen.net\/producto\/paspalum-platinum\/\"]}]},{\"@type\":\"ImageObject\",\"inLanguage\":\"fr-FR\",\"@id\":\"https:\/\/novogreen.net\/producto\/paspalum-platinum\/#primaryimage\",\"url\":\"https:\/\/novogreen.net\/wp-content\/uploads\/2022\/06\/platinum-te-paspalum-golf.jpg\",\"contentUrl\":\"https:\/\/novogreen.net\/wp-content\/uploads\/2022\/06\/platinum-te-paspalum-golf.jpg\",\"width\":1200,\"height\":800},{\"@type\":\"BreadcrumbList\",\"@id\":\"https:\/\/novogreen.net\/producto\/paspalum-platinum\/#breadcrumb\",\"itemListElement\":[{\"@type\":\"ListItem\",\"position\":1,\"name\":\"Portada\",\"item\":\"https:\/\/novogreen.net\/\"},{\"@type\":\"ListItem\",\"position\":2,\"name\":\"Productos\",\"item\":\"https:\/\/novogreen.net\/tienda\/\"},{\"@type\":\"ListItem\",\"position\":3,\"name\":\"Paspalum PlatinumTE\"}]},{\"@type\":\"WebSite\",\"@id\":\"https:\/\/novogreen.net\/#website\",\"url\":\"https:\/\/novogreen.net\/\",\"name\":\"C\u00e9sped Natural Novogreen\",\"description\":\"\",\"potentialAction\":[{\"@type\":\"SearchAction\",\"target\":{\"@type\":\"EntryPoint\",\"urlTemplate\":\"https:\/\/novogreen.net\/?s={search_term_string}\"},\"query-input\":{\"@type\":\"PropertyValueSpecification\",\"valueRequired\":true,\"valueName\":\"search_term_string\"}}],\"inLanguage\":\"fr-FR\"}]}<\/script>\n<!-- \/ Yoast SEO plugin. -->","yoast_head_json":{"title":"Paspalum PlatinumTE - C\u00e9sped Natural Novogreen","robots":{"index":"index","follow":"follow","max-snippet":"max-snippet:-1","max-image-preview":"max-image-preview:large","max-video-preview":"max-video-preview:-1"},"canonical":"https:\/\/novogreen.net\/fr\/produit\/paspalum-platinum\/","og_locale":"fr_FR","og_type":"article","og_title":"Paspalum PlatinumTE - C\u00e9sped Natural Novogreen","og_description":"El Paspalum n\u00ba1 en el mundo.  Cuando la pasi\u00f3n y la precisi\u00f3n se encuentran en un c\u00e9sped, el resultado es Platinum TE\u00e2\u201e\u00a2  Esta innovaci\u00f3n de Paspalum del Dr. Ron R. Duncan ofrece una jugabilidad y una apariencia insuperables.  Platinum TE presenta un color verde m\u00e1s oscuro que otras variedades de Paspalum, textura de hoja muy fina y densidad muy compacta.  Este Paspalum seleccionado naturalmente est\u00e1 certificado y autorizado, y es perfecto para la instalaci\u00f3n desde el tee hasta el green.  Platinum TE es el c\u00e9sped elegido para m\u00e1s de 150 proyectos de campos de golf y campos deportivos en todo el mundo, por ser tolerante a la sombra, muy tolerante a la sal y presentar una rapid\u00edsima recuperaci\u00f3n de las chuletas.  Licencia recientemente adquirida por Novogreen en 2022  https:\/\/www.platinumte.com\/","og_url":"https:\/\/novogreen.net\/fr\/produit\/paspalum-platinum\/","og_site_name":"C\u00e9sped Natural Novogreen","article_publisher":"https:\/\/www.facebook.com\/novogreencesped","article_modified_time":"2026-03-25T15:08:02+00:00","og_image":[{"width":1200,"height":800,"url":"https:\/\/novogreen.net\/wp-content\/uploads\/2022\/06\/platinum-te-paspalum-golf.jpg","type":"image\/jpeg"}],"twitter_card":"summary_large_image","twitter_site":"@Novogreen_sod","twitter_misc":{"Dur\u00e9e de lecture estim\u00e9e":"1 minute"},"schema":{"@context":"https:\/\/schema.org","@graph":[{"@type":"WebPage","@id":"https:\/\/novogreen.net\/producto\/paspalum-platinum\/","url":"https:\/\/novogreen.net\/producto\/paspalum-platinum\/","name":"Paspalum PlatinumTE - C\u00e9sped Natural Novogreen","isPartOf":{"@id":"https:\/\/novogreen.net\/#website"},"primaryImageOfPage":{"@id":"https:\/\/novogreen.net\/producto\/paspalum-platinum\/#primaryimage"},"image":{"@id":"https:\/\/novogreen.net\/producto\/paspalum-platinum\/#primaryimage"},"thumbnailUrl":"https:\/\/novogreen.net\/wp-content\/uploads\/2022\/06\/platinum-te-paspalum-golf.jpg","datePublished":"2022-06-03T05:49:40+00:00","dateModified":"2026-03-25T15:08:02+00:00","breadcrumb":{"@id":"https:\/\/novogreen.net\/producto\/paspalum-platinum\/#breadcrumb"},"inLanguage":"fr-FR","potentialAction":[{"@type":"ReadAction","target":["https:\/\/novogreen.net\/producto\/paspalum-platinum\/"]}]},{"@type":"ImageObject","inLanguage":"fr-FR","@id":"https:\/\/novogreen.net\/producto\/paspalum-platinum\/#primaryimage","url":"https:\/\/novogreen.net\/wp-content\/uploads\/2022\/06\/platinum-te-paspalum-golf.jpg","contentUrl":"https:\/\/novogreen.net\/wp-content\/uploads\/2022\/06\/platinum-te-paspalum-golf.jpg","width":1200,"height":800},{"@type":"BreadcrumbList","@id":"https:\/\/novogreen.net\/producto\/paspalum-platinum\/#breadcrumb","itemListElement":[{"@type":"ListItem","position":1,"name":"Portada","item":"https:\/\/novogreen.net\/"},{"@type":"ListItem","position":2,"name":"Productos","item":"https:\/\/novogreen.net\/tienda\/"},{"@type":"ListItem","position":3,"name":"Paspalum PlatinumTE"}]},{"@type":"WebSite","@id":"https:\/\/novogreen.net\/#website","url":"https:\/\/novogreen.net\/","name":"Gazon naturel Novogreen","description":"","potentialAction":[{"@type":"SearchAction","target":{"@type":"EntryPoint","urlTemplate":"https:\/\/novogreen.net\/?s={search_term_string}"},"query-input":{"@type":"PropertyValueSpecification","valueRequired":true,"valueName":"search_term_string"}}],"inLanguage":"fr-FR"}]}},"_links":{"self":[{"href":"https:\/\/novogreen.net\/fr\/wp-json\/wp\/v2\/product\/15511","targetHints":{"allow":["GET"]}}],"collection":[{"href":"https:\/\/novogreen.net\/fr\/wp-json\/wp\/v2\/product"}],"about":[{"href":"https:\/\/novogreen.net\/fr\/wp-json\/wp\/v2\/types\/product"}],"replies":[{"embeddable":true,"href":"https:\/\/novogreen.net\/fr\/wp-json\/wp\/v2\/comments?post=15511"}],"wp:featuredmedia":[{"embeddable":true,"href":"https:\/\/novogreen.net\/fr\/wp-json\/wp\/v2\/media\/11693"}],"wp:attachment":[{"href":"https:\/\/novogreen.net\/fr\/wp-json\/wp\/v2\/media?parent=15511"}],"wp:term":[{"taxonomy":"product_brand","embeddable":true,"href":"https:\/\/novogreen.net\/fr\/wp-json\/wp\/v2\/product_brand?post=15511"},{"taxonomy":"product_cat","embeddable":true,"href":"https:\/\/novogreen.net\/fr\/wp-json\/wp\/v2\/product_cat?post=15511"},{"taxonomy":"product_tag","embeddable":true,"href":"https:\/\/novogreen.net\/fr\/wp-json\/wp\/v2\/product_tag?post=15511"}],"curies":[{"name":"wp","href":"https:\/\/api.w.org\/{rel}","templated":true}]}}