{"id":10817,"date":"2022-05-06T13:38:52","date_gmt":"2022-05-06T11:38:52","guid":{"rendered":"https:\/\/novogreen.net\/?post_type=product&#038;p=10817"},"modified":"2026-04-18T01:33:38","modified_gmt":"2026-04-17T23:33:38","slug":"hibridos","status":"publish","type":"product","link":"https:\/\/novogreen.net\/fr\/producto\/hibridos\/","title":{"rendered":"Novograss H-22 (hybride)"},"content":{"rendered":"<table id=\"tablepress-21\" class=\"tablepress tablepress-id-21\">\n<tbody class=\"row-striping row-hover\">\n<tr class=\"row-1\">\n\t<td class=\"column-1\">Pour utiliser<\/td><td class=\"column-2\">Campos de f\u00fatbol o zonas de mucho tr\u00e1nsito en campos de golf<\/td>\n<\/tr>\n<tr class=\"row-2\">\n\t<td class=\"column-1\">Suelo<\/td><td class=\"column-2\">Suelo f\u00e9rtil de textura fina<\/td>\n<\/tr>\n<tr class=\"row-3\">\n\t<td class=\"column-1\">Estabilidad<\/td><td class=\"column-2\">\u00d3ptima, evita mal apoyo del jugador<\/td>\n<\/tr>\n<tr class=\"row-4\">\n\t<td class=\"column-1\">Drenaje<\/td><td class=\"column-2\">Facilita el drenaje y la ventilaci\u00f3n de ra\u00edces<\/td>\n<\/tr>\n<tr class=\"row-5\">\n\t<td class=\"column-1\">Permeabilidad<\/td><td class=\"column-2\">\u00c1\u2030lev\u00e9e<\/td>\n<\/tr>\n<tr class=\"row-6\">\n\t<td class=\"column-1\">Resistencia<\/td><td class=\"column-2\">3 veces m\u00e1s resistente que un c\u00e9sped natural no reforzado<\/td>\n<\/tr>\n<tr class=\"row-7\">\n\t<td class=\"column-1\">Usure<\/td><td class=\"column-2\">Resistencia alta, ya que la huella del jugador es menos da\u00f1ina<\/td>\n<\/tr>\n<tr class=\"row-8\">\n\t<td class=\"column-1\">Recuperaci\u00f3n da\u00f1os<\/td><td class=\"column-2\">M\u00e1s r\u00e1pida que para un c\u00e9sped natural no reforzado<\/td>\n<\/tr>\n<\/tbody>\n<\/table>\n<!-- #tablepress-21 from cache -->","protected":false},"excerpt":{"rendered":"<div id=\"detalles_variedad\">\n<p>NovoGrass H22 es la perfecta simbiosis entre c\u00e9sped natural y artificial. Nuestro c\u00e9sped h\u00edbrido reforzado, producido en nuestras fincas con nuestra Mezcla Verd Elite, est\u00e1 especialmente desarrollado para terrenos deportivos.<\/p>\n<p>Gracias a la malla de c\u00e9sped artificial de \u00faltima tecnolog\u00eda, las ra\u00edces pueden crecer y desarrollarse con una profundidad y estabilidad \u00fanicas, que evitan el mal apoyo del jugador, a la vez que favorece el drenaje y la ventilaci\u00f3n del c\u00e9sped natural.<\/p>\n<p>NovoGrass H22 es una cubierta inmejorable para la pr\u00e1ctica de deportes, especialmente f\u00fatbol, duradera y 100% reciclable.<\/p>\n<\/div>","protected":false},"featured_media":14050,"comment_status":"closed","ping_status":"closed","template":"","meta":{"_acf_changed":false,"_et_pb_use_builder":"","_et_pb_old_content":"","_et_gb_content_width":""},"product_brand":[],"product_cat":[194,205,195],"product_tag":[],"class_list":{"0":"post-10817","1":"product","2":"type-product","3":"status-publish","4":"has-post-thumbnail","6":"product_cat-frias","7":"product_cat-hibridos","8":"product_cat-variedades","9":"pa_uso-deportivo","10":"pa_uso-futbol","12":"first","13":"instock","14":"featured","15":"shipping-taxable","16":"product-type-simple"},"acf":[],"yoast_head":"<!-- This site is optimized with the Yoast SEO plugin v27.4 - https:\/\/yoast.com\/product\/yoast-seo-wordpress\/ -->\n<title>Novograss H-22 (h\u00edbrido) - C\u00e9sped Natural Novogreen<\/title>\n<meta name=\"robots\" content=\"index, follow, max-snippet:-1, max-image-preview:large, max-video-preview:-1\" \/>\n<link rel=\"canonical\" href=\"https:\/\/novogreen.net\/fr\/produit\/hibridos\/\" \/>\n<meta property=\"og:locale\" content=\"fr_FR\" \/>\n<meta property=\"og:type\" content=\"article\" \/>\n<meta property=\"og:title\" content=\"Novograss H-22 (h\u00edbrido) - C\u00e9sped Natural Novogreen\" \/>\n<meta property=\"og:description\" content=\"NovoGrass H22 es la perfecta simbiosis entre c\u00e9sped natural y artificial. Nuestro c\u00e9sped h\u00edbrido reforzado, producido en nuestras fincas con nuestra Mezcla Verd Elite, est\u00e1 especialmente desarrollado para terrenos deportivos.  Gracias a la malla de c\u00e9sped artificial de \u00faltima tecnolog\u00eda, las ra\u00edces pueden crecer y desarrollarse con una profundidad y estabilidad \u00fanicas, que evitan el mal apoyo del jugador, a la vez que favorece el drenaje y la ventilaci\u00f3n del c\u00e9sped natural.  NovoGrass H22 es una cubierta inmejorable para la pr\u00e1ctica de deportes, especialmente f\u00fatbol, duradera y 100% reciclable.\" \/>\n<meta property=\"og:url\" content=\"https:\/\/novogreen.net\/fr\/produit\/hibridos\/\" \/>\n<meta property=\"og:site_name\" content=\"C\u00e9sped Natural Novogreen\" \/>\n<meta property=\"article:publisher\" content=\"https:\/\/www.facebook.com\/novogreencesped\" \/>\n<meta property=\"article:modified_time\" content=\"2026-04-17T23:33:38+00:00\" \/>\n<meta property=\"og:image\" content=\"https:\/\/novogreen.net\/wp-content\/uploads\/2022\/05\/IMG_20220707_140324.jpg\" \/>\n\t<meta property=\"og:image:width\" content=\"1200\" \/>\n\t<meta property=\"og:image:height\" content=\"800\" \/>\n\t<meta property=\"og:image:type\" content=\"image\/jpeg\" \/>\n<meta name=\"twitter:card\" content=\"summary_large_image\" \/>\n<meta name=\"twitter:site\" content=\"@Novogreen_sod\" \/>\n<meta name=\"twitter:label1\" content=\"Dur\u00e9e de lecture estim\u00e9e\" \/>\n\t<meta name=\"twitter:data1\" content=\"1 minute\" \/>\n<script type=\"application\/ld+json\" class=\"yoast-schema-graph\">{\"@context\":\"https:\\\/\\\/schema.org\",\"@graph\":[{\"@type\":\"WebPage\",\"@id\":\"https:\\\/\\\/novogreen.net\\\/producto\\\/hibridos\\\/\",\"url\":\"https:\\\/\\\/novogreen.net\\\/producto\\\/hibridos\\\/\",\"name\":\"Novograss H-22 (h\u00edbrido) - C\u00e9sped Natural Novogreen\",\"isPartOf\":{\"@id\":\"https:\\\/\\\/novogreen.net\\\/#website\"},\"primaryImageOfPage\":{\"@id\":\"https:\\\/\\\/novogreen.net\\\/producto\\\/hibridos\\\/#primaryimage\"},\"image\":{\"@id\":\"https:\\\/\\\/novogreen.net\\\/producto\\\/hibridos\\\/#primaryimage\"},\"thumbnailUrl\":\"https:\\\/\\\/novogreen.net\\\/wp-content\\\/uploads\\\/2022\\\/05\\\/IMG_20220707_140324.jpg\",\"datePublished\":\"2022-05-06T11:38:52+00:00\",\"dateModified\":\"2026-04-17T23:33:38+00:00\",\"breadcrumb\":{\"@id\":\"https:\\\/\\\/novogreen.net\\\/producto\\\/hibridos\\\/#breadcrumb\"},\"inLanguage\":\"fr-FR\",\"potentialAction\":[{\"@type\":\"ReadAction\",\"target\":[\"https:\\\/\\\/novogreen.net\\\/producto\\\/hibridos\\\/\"]}]},{\"@type\":\"ImageObject\",\"inLanguage\":\"fr-FR\",\"@id\":\"https:\\\/\\\/novogreen.net\\\/producto\\\/hibridos\\\/#primaryimage\",\"url\":\"https:\\\/\\\/novogreen.net\\\/wp-content\\\/uploads\\\/2022\\\/05\\\/IMG_20220707_140324.jpg\",\"contentUrl\":\"https:\\\/\\\/novogreen.net\\\/wp-content\\\/uploads\\\/2022\\\/05\\\/IMG_20220707_140324.jpg\",\"width\":1200,\"height\":800},{\"@type\":\"BreadcrumbList\",\"@id\":\"https:\\\/\\\/novogreen.net\\\/producto\\\/hibridos\\\/#breadcrumb\",\"itemListElement\":[{\"@type\":\"ListItem\",\"position\":1,\"name\":\"Portada\",\"item\":\"https:\\\/\\\/novogreen.net\\\/\"},{\"@type\":\"ListItem\",\"position\":2,\"name\":\"Productos\",\"item\":\"https:\\\/\\\/novogreen.net\\\/tienda\\\/\"},{\"@type\":\"ListItem\",\"position\":3,\"name\":\"Novograss H-22 (h\u00edbrido)\"}]},{\"@type\":\"WebSite\",\"@id\":\"https:\\\/\\\/novogreen.net\\\/#website\",\"url\":\"https:\\\/\\\/novogreen.net\\\/\",\"name\":\"C\u00e9sped Natural Novogreen\",\"description\":\"\",\"potentialAction\":[{\"@type\":\"SearchAction\",\"target\":{\"@type\":\"EntryPoint\",\"urlTemplate\":\"https:\\\/\\\/novogreen.net\\\/?s={search_term_string}\"},\"query-input\":{\"@type\":\"PropertyValueSpecification\",\"valueRequired\":true,\"valueName\":\"search_term_string\"}}],\"inLanguage\":\"fr-FR\"}]}<\/script>\n<!-- \/ Yoast SEO plugin. -->","yoast_head_json":{"title":"Novograss H-22 (h\u00edbrido) - C\u00e9sped Natural Novogreen","robots":{"index":"index","follow":"follow","max-snippet":"max-snippet:-1","max-image-preview":"max-image-preview:large","max-video-preview":"max-video-preview:-1"},"canonical":"https:\/\/novogreen.net\/fr\/produit\/hibridos\/","og_locale":"fr_FR","og_type":"article","og_title":"Novograss H-22 (h\u00edbrido) - C\u00e9sped Natural Novogreen","og_description":"NovoGrass H22 es la perfecta simbiosis entre c\u00e9sped natural y artificial. Nuestro c\u00e9sped h\u00edbrido reforzado, producido en nuestras fincas con nuestra Mezcla Verd Elite, est\u00e1 especialmente desarrollado para terrenos deportivos.  Gracias a la malla de c\u00e9sped artificial de \u00faltima tecnolog\u00eda, las ra\u00edces pueden crecer y desarrollarse con una profundidad y estabilidad \u00fanicas, que evitan el mal apoyo del jugador, a la vez que favorece el drenaje y la ventilaci\u00f3n del c\u00e9sped natural.  NovoGrass H22 es una cubierta inmejorable para la pr\u00e1ctica de deportes, especialmente f\u00fatbol, duradera y 100% reciclable.","og_url":"https:\/\/novogreen.net\/fr\/produit\/hibridos\/","og_site_name":"C\u00e9sped Natural Novogreen","article_publisher":"https:\/\/www.facebook.com\/novogreencesped","article_modified_time":"2026-04-17T23:33:38+00:00","og_image":[{"width":1200,"height":800,"url":"https:\/\/novogreen.net\/wp-content\/uploads\/2022\/05\/IMG_20220707_140324.jpg","type":"image\/jpeg"}],"twitter_card":"summary_large_image","twitter_site":"@Novogreen_sod","twitter_misc":{"Dur\u00e9e de lecture estim\u00e9e":"1 minute"},"schema":{"@context":"https:\/\/schema.org","@graph":[{"@type":"WebPage","@id":"https:\/\/novogreen.net\/producto\/hibridos\/","url":"https:\/\/novogreen.net\/producto\/hibridos\/","name":"Novograss H-22 (h\u00edbrido) - C\u00e9sped Natural Novogreen","isPartOf":{"@id":"https:\/\/novogreen.net\/#website"},"primaryImageOfPage":{"@id":"https:\/\/novogreen.net\/producto\/hibridos\/#primaryimage"},"image":{"@id":"https:\/\/novogreen.net\/producto\/hibridos\/#primaryimage"},"thumbnailUrl":"https:\/\/novogreen.net\/wp-content\/uploads\/2022\/05\/IMG_20220707_140324.jpg","datePublished":"2022-05-06T11:38:52+00:00","dateModified":"2026-04-17T23:33:38+00:00","breadcrumb":{"@id":"https:\/\/novogreen.net\/producto\/hibridos\/#breadcrumb"},"inLanguage":"fr-FR","potentialAction":[{"@type":"ReadAction","target":["https:\/\/novogreen.net\/producto\/hibridos\/"]}]},{"@type":"ImageObject","inLanguage":"fr-FR","@id":"https:\/\/novogreen.net\/producto\/hibridos\/#primaryimage","url":"https:\/\/novogreen.net\/wp-content\/uploads\/2022\/05\/IMG_20220707_140324.jpg","contentUrl":"https:\/\/novogreen.net\/wp-content\/uploads\/2022\/05\/IMG_20220707_140324.jpg","width":1200,"height":800},{"@type":"BreadcrumbList","@id":"https:\/\/novogreen.net\/producto\/hibridos\/#breadcrumb","itemListElement":[{"@type":"ListItem","position":1,"name":"Portada","item":"https:\/\/novogreen.net\/"},{"@type":"ListItem","position":2,"name":"Productos","item":"https:\/\/novogreen.net\/tienda\/"},{"@type":"ListItem","position":3,"name":"Novograss H-22 (h\u00edbrido)"}]},{"@type":"WebSite","@id":"https:\/\/novogreen.net\/#website","url":"https:\/\/novogreen.net\/","name":"Gazon naturel Novogreen","description":"","potentialAction":[{"@type":"SearchAction","target":{"@type":"EntryPoint","urlTemplate":"https:\/\/novogreen.net\/?s={search_term_string}"},"query-input":{"@type":"PropertyValueSpecification","valueRequired":true,"valueName":"search_term_string"}}],"inLanguage":"fr-FR"}]}},"_links":{"self":[{"href":"https:\/\/novogreen.net\/fr\/wp-json\/wp\/v2\/product\/10817","targetHints":{"allow":["GET"]}}],"collection":[{"href":"https:\/\/novogreen.net\/fr\/wp-json\/wp\/v2\/product"}],"about":[{"href":"https:\/\/novogreen.net\/fr\/wp-json\/wp\/v2\/types\/product"}],"replies":[{"embeddable":true,"href":"https:\/\/novogreen.net\/fr\/wp-json\/wp\/v2\/comments?post=10817"}],"wp:featuredmedia":[{"embeddable":true,"href":"https:\/\/novogreen.net\/fr\/wp-json\/wp\/v2\/media\/14050"}],"wp:attachment":[{"href":"https:\/\/novogreen.net\/fr\/wp-json\/wp\/v2\/media?parent=10817"}],"wp:term":[{"taxonomy":"product_brand","embeddable":true,"href":"https:\/\/novogreen.net\/fr\/wp-json\/wp\/v2\/product_brand?post=10817"},{"taxonomy":"product_cat","embeddable":true,"href":"https:\/\/novogreen.net\/fr\/wp-json\/wp\/v2\/product_cat?post=10817"},{"taxonomy":"product_tag","embeddable":true,"href":"https:\/\/novogreen.net\/fr\/wp-json\/wp\/v2\/product_tag?post=10817"}],"curies":[{"name":"wp","href":"https:\/\/api.w.org\/{rel}","templated":true}]}}