{"id":3,"date":"2025-10-10T10:00:53","date_gmt":"2025-10-10T08:00:53","guid":{"rendered":"https:\/\/novogreen.net\/?page_id=3"},"modified":"2025-11-20T11:22:10","modified_gmt":"2025-11-20T10:22:10","slug":"politica-privacidad","status":"publish","type":"page","link":"https:\/\/novogreen.net\/fr\/politica-privacidad\/","title":{"rendered":"politique de confidentialit\u00e9"},"content":{"rendered":"<p>Los datos consignados tanto en el Formulario de Contacto, como en la Suscripci\u00f3n de la Newsletter, tendr\u00e1n la protecci\u00f3n derivada de la legislaci\u00f3n vigente sobre Protecci\u00f3n de Datos Personales (Ley Org\u00e1nica 15\/1999 y Reglamento UE 2016\/679).<\/p>\n\n\n\n<p><strong>Responsable del tratamiento de sus datos<\/strong><br>Entidad: NOVOGREEN CESPED NATURAL, S.A.<br>NIF: A91461400<br>Domicilio Social: C\/ Imagen, 10. 5\u00baB-C2 (41003-Sevilla)<br>T\u00e9l\u00e9phone : 954 99 14 39<\/p>\n\n\n\n<p><strong>Finalidad del tratamiento de sus datos<\/strong><br>\u00ab\u201c Formulario de Contacto: Trataremos la informaci\u00f3n que nos facilita con el fin de gestionar su solicitud o consulta, y en el caso de comenzar una relaci\u00f3n contractual prestarle el servicio que nos solicite, realizar la facturaci\u00f3n del mismo, y mantener la relaci\u00f3n comercial<br>\u00ab\u201c Suscripci\u00f3n de la Newsletter: Trataremos la informaci\u00f3n que nos facilita con el fin de enviarle, v\u00eda email, art\u00edculos de inter\u00e9s sobre Novogreen, y del \u00e1mbito en que nuestra empresa se desenvuelve.<\/p>\n\n\n\n<p><strong>Destinatario<\/strong><br>Los datos no se ceder\u00e1n a terceros, salvo obligaci\u00f3n legal.<\/p>\n\n\n\n<p><strong>Conservaci\u00f3n de sus datos<\/strong><br>Los datos proporcionados se conservar\u00e1n mientras se mantenga la relaci\u00f3n comercial, o durante los a\u00f1os necesarios para cumplir con las obligaciones legales.<\/p>\n\n\n\n<p><strong>Derechos<\/strong><br>Tiene usted derecho a acceder a sus datos personales, rectificar los datos inexactos, o solicitar su supresi\u00f3n cuando los datos ya no sean necesarios.<\/p>","protected":false},"excerpt":{"rendered":"<p>Los datos consignados tanto en el Formulario de Contacto, como en la Suscripci\u00f3n de la Newsletter, tendr\u00e1n la protecci\u00f3n derivada de la legislaci\u00f3n vigente sobre Protecci\u00f3n de Datos Personales (Ley Org\u00e1nica 15\/1999 y Reglamento UE 2016\/679). Responsable del tratamiento de sus datosEntidad: NOVOGREEN CESPED NATURAL, S.A.NIF: A91461400Domicilio Social: C\/ Imagen, 10. 5\u00baB-C2 (41003-Sevilla)Tel\u00e9fono: 954 99 [&hellip;]<\/p>\n","protected":false},"author":1,"featured_media":0,"parent":0,"menu_order":0,"comment_status":"closed","ping_status":"open","template":"","meta":{"_acf_changed":false,"_et_pb_use_builder":"","_et_pb_old_content":"","_et_gb_content_width":"","footnotes":""},"class_list":["post-3","page","type-page","status-publish","hentry"],"acf":[],"yoast_head":"<!-- This site is optimized with the Yoast SEO plugin v27.4 - https:\/\/yoast.com\/product\/yoast-seo-wordpress\/ -->\n<title>Pol\u00edtica de privacidad - C\u00e9sped Natural Novogreen<\/title>\n<meta name=\"robots\" content=\"index, follow, max-snippet:-1, max-image-preview:large, max-video-preview:-1\" \/>\n<link rel=\"canonical\" href=\"https:\/\/novogreen.net\/fr\/politica-privacidad\/\" \/>\n<meta property=\"og:locale\" content=\"fr_FR\" \/>\n<meta property=\"og:type\" content=\"article\" \/>\n<meta property=\"og:title\" content=\"Pol\u00edtica de privacidad - C\u00e9sped Natural Novogreen\" \/>\n<meta property=\"og:description\" content=\"Los datos consignados tanto en el Formulario de Contacto, como en la Suscripci\u00f3n de la Newsletter, tendr\u00e1n la protecci\u00f3n derivada de la legislaci\u00f3n vigente sobre Protecci\u00f3n de Datos Personales (Ley Org\u00e1nica 15\/1999 y Reglamento UE 2016\/679). Responsable del tratamiento de sus datosEntidad: NOVOGREEN CESPED NATURAL, S.A.NIF: A91461400Domicilio Social: C\/ Imagen, 10. 5\u00baB-C2 (41003-Sevilla)Tel\u00e9fono: 954 99 [&hellip;]\" \/>\n<meta property=\"og:url\" content=\"https:\/\/novogreen.net\/fr\/politica-privacidad\/\" \/>\n<meta property=\"og:site_name\" content=\"C\u00e9sped Natural Novogreen\" \/>\n<meta property=\"article:publisher\" content=\"https:\/\/www.facebook.com\/novogreencesped\" \/>\n<meta property=\"article:modified_time\" content=\"2025-11-20T10:22:10+00:00\" \/>\n<meta name=\"twitter:card\" content=\"summary_large_image\" \/>\n<meta name=\"twitter:site\" content=\"@Novogreen_sod\" \/>\n<meta name=\"twitter:label1\" content=\"Dur\u00e9e de lecture estim\u00e9e\" \/>\n\t<meta name=\"twitter:data1\" content=\"1 minute\" \/>\n<script type=\"application\/ld+json\" class=\"yoast-schema-graph\">{\"@context\":\"https:\\\/\\\/schema.org\",\"@graph\":[{\"@type\":\"WebPage\",\"@id\":\"https:\\\/\\\/novogreen.net\\\/politica-privacidad\\\/\",\"url\":\"https:\\\/\\\/novogreen.net\\\/politica-privacidad\\\/\",\"name\":\"Pol\u00edtica de privacidad - C\u00e9sped Natural Novogreen\",\"isPartOf\":{\"@id\":\"https:\\\/\\\/novogreen.net\\\/#website\"},\"datePublished\":\"2025-10-10T08:00:53+00:00\",\"dateModified\":\"2025-11-20T10:22:10+00:00\",\"breadcrumb\":{\"@id\":\"https:\\\/\\\/novogreen.net\\\/politica-privacidad\\\/#breadcrumb\"},\"inLanguage\":\"fr-FR\",\"potentialAction\":[{\"@type\":\"ReadAction\",\"target\":[\"https:\\\/\\\/novogreen.net\\\/politica-privacidad\\\/\"]}]},{\"@type\":\"BreadcrumbList\",\"@id\":\"https:\\\/\\\/novogreen.net\\\/politica-privacidad\\\/#breadcrumb\",\"itemListElement\":[{\"@type\":\"ListItem\",\"position\":1,\"name\":\"Portada\",\"item\":\"https:\\\/\\\/novogreen.net\\\/\"},{\"@type\":\"ListItem\",\"position\":2,\"name\":\"Pol\u00edtica de privacidad\"}]},{\"@type\":\"WebSite\",\"@id\":\"https:\\\/\\\/novogreen.net\\\/#website\",\"url\":\"https:\\\/\\\/novogreen.net\\\/\",\"name\":\"C\u00e9sped Natural Novogreen\",\"description\":\"\",\"potentialAction\":[{\"@type\":\"SearchAction\",\"target\":{\"@type\":\"EntryPoint\",\"urlTemplate\":\"https:\\\/\\\/novogreen.net\\\/?s={search_term_string}\"},\"query-input\":{\"@type\":\"PropertyValueSpecification\",\"valueRequired\":true,\"valueName\":\"search_term_string\"}}],\"inLanguage\":\"fr-FR\"}]}<\/script>\n<!-- \/ Yoast SEO plugin. -->","yoast_head_json":{"title":"Pol\u00edtica de privacidad - C\u00e9sped Natural Novogreen","robots":{"index":"index","follow":"follow","max-snippet":"max-snippet:-1","max-image-preview":"max-image-preview:large","max-video-preview":"max-video-preview:-1"},"canonical":"https:\/\/novogreen.net\/fr\/politica-privacidad\/","og_locale":"fr_FR","og_type":"article","og_title":"Pol\u00edtica de privacidad - C\u00e9sped Natural Novogreen","og_description":"Los datos consignados tanto en el Formulario de Contacto, como en la Suscripci\u00f3n de la Newsletter, tendr\u00e1n la protecci\u00f3n derivada de la legislaci\u00f3n vigente sobre Protecci\u00f3n de Datos Personales (Ley Org\u00e1nica 15\/1999 y Reglamento UE 2016\/679). Responsable del tratamiento de sus datosEntidad: NOVOGREEN CESPED NATURAL, S.A.NIF: A91461400Domicilio Social: C\/ Imagen, 10. 5\u00baB-C2 (41003-Sevilla)Tel\u00e9fono: 954 99 [&hellip;]","og_url":"https:\/\/novogreen.net\/fr\/politica-privacidad\/","og_site_name":"C\u00e9sped Natural Novogreen","article_publisher":"https:\/\/www.facebook.com\/novogreencesped","article_modified_time":"2025-11-20T10:22:10+00:00","twitter_card":"summary_large_image","twitter_site":"@Novogreen_sod","twitter_misc":{"Dur\u00e9e de lecture estim\u00e9e":"1 minute"},"schema":{"@context":"https:\/\/schema.org","@graph":[{"@type":"WebPage","@id":"https:\/\/novogreen.net\/politica-privacidad\/","url":"https:\/\/novogreen.net\/politica-privacidad\/","name":"Pol\u00edtica de privacidad - C\u00e9sped Natural Novogreen","isPartOf":{"@id":"https:\/\/novogreen.net\/#website"},"datePublished":"2025-10-10T08:00:53+00:00","dateModified":"2025-11-20T10:22:10+00:00","breadcrumb":{"@id":"https:\/\/novogreen.net\/politica-privacidad\/#breadcrumb"},"inLanguage":"fr-FR","potentialAction":[{"@type":"ReadAction","target":["https:\/\/novogreen.net\/politica-privacidad\/"]}]},{"@type":"BreadcrumbList","@id":"https:\/\/novogreen.net\/politica-privacidad\/#breadcrumb","itemListElement":[{"@type":"ListItem","position":1,"name":"Portada","item":"https:\/\/novogreen.net\/"},{"@type":"ListItem","position":2,"name":"Pol\u00edtica de privacidad"}]},{"@type":"WebSite","@id":"https:\/\/novogreen.net\/#website","url":"https:\/\/novogreen.net\/","name":"Gazon naturel Novogreen","description":"","potentialAction":[{"@type":"SearchAction","target":{"@type":"EntryPoint","urlTemplate":"https:\/\/novogreen.net\/?s={search_term_string}"},"query-input":{"@type":"PropertyValueSpecification","valueRequired":true,"valueName":"search_term_string"}}],"inLanguage":"fr-FR"}]}},"_links":{"self":[{"href":"https:\/\/novogreen.net\/fr\/wp-json\/wp\/v2\/pages\/3","targetHints":{"allow":["GET"]}}],"collection":[{"href":"https:\/\/novogreen.net\/fr\/wp-json\/wp\/v2\/pages"}],"about":[{"href":"https:\/\/novogreen.net\/fr\/wp-json\/wp\/v2\/types\/page"}],"author":[{"embeddable":true,"href":"https:\/\/novogreen.net\/fr\/wp-json\/wp\/v2\/users\/1"}],"replies":[{"embeddable":true,"href":"https:\/\/novogreen.net\/fr\/wp-json\/wp\/v2\/comments?post=3"}],"version-history":[{"count":0,"href":"https:\/\/novogreen.net\/fr\/wp-json\/wp\/v2\/pages\/3\/revisions"}],"wp:attachment":[{"href":"https:\/\/novogreen.net\/fr\/wp-json\/wp\/v2\/media?parent=3"}],"curies":[{"name":"wp","href":"https:\/\/api.w.org\/{rel}","templated":true}]}}