{"id":21083,"date":"2026-03-27T14:35:08","date_gmt":"2026-03-27T13:35:08","guid":{"rendered":"https:\/\/novogreen.net\/?page_id=21083"},"modified":"2026-03-27T14:49:27","modified_gmt":"2026-03-27T13:49:27","slug":"en-construccion","status":"publish","type":"page","link":"https:\/\/novogreen.net\/fr\/en-construccion\/","title":{"rendered":"En construcci\u00f3n"},"content":{"rendered":"<p>[et_pb_section fb_built=\u00bb1&#8243; _builder_version=\u00bb4.27.5&#8243; _module_preset=\u00bbdefault\u00bb global_colors_info=\u00bb{}\u00bb][et_pb_row _builder_version=\u00bb4.27.5&#8243; _module_preset=\u00bbdefault\u00bb global_colors_info=\u00bb{}\u00bb][et_pb_column type=\u00bb4_4&#8243; _builder_version=\u00bb4.27.5&#8243; _module_preset=\u00bbdefault\u00bb global_colors_info=\u00bb{}\u00bb][et_pb_text _builder_version=\u00bb4.27.5&#8243; _module_preset=\u00bbdefault\u00bb hover_enabled=\u00bb0&#8243; global_colors_info=\u00bb{}\u00bb header_2_text_align=\u00bbcenter\u00bb text_orientation=\u00bbcenter\u00bb sticky_enabled=\u00bb0&#8243;]<\/p>\n<h2 data-start=\"249\" data-end=\"275\">Pr\u00f3ximamente<\/h2>\n<p data-start=\"249\" data-end=\"275\">\n<p data-start=\"249\" data-end=\"275\">Estamos trabajando para traerte contenido valioso y relevante en esta secci\u00f3n.<\/p>\n<p data-start=\"249\" data-end=\"275\">Nuestro equipo se encuentra creando experiencias \u00fanicas y \u00fatiles para que puedas explorar la informaci\u00f3n que buscas.<\/p>\n<p data-start=\"490\" data-end=\"673\">Mientras tanto, te invitamos a navegar por otras \u00e1reas de nuestro sitio y descubrir todo lo que ya tenemos disponible.<\/p>\n<p data-start=\"490\" data-end=\"673\"><strong>Gracias por tu paciencia y por acompa\u00f1arnos en esta evoluci\u00f3n.<\/strong><\/p>\n<p>[\/et_pb_text][et_pb_image src=\u00bbhttps:\/\/novogreen.net\/wp-content\/uploads\/2025\/12\/comporta.jpg\u00bb title_text=\u00bbcomporta\u00bb align=\u00bbcenter\u00bb _builder_version=\u00bb4.27.5&#8243; _module_preset=\u00bbdefault\u00bb global_colors_info=\u00bb{}\u00bb][\/et_pb_image][\/et_pb_column][\/et_pb_row][\/et_pb_section]<\/p>\n","protected":false},"excerpt":{"rendered":"<p>Pr\u00f3ximamente Estamos trabajando para traerte contenido valioso y relevante en esta secci\u00f3n. Nuestro equipo se encuentra creando experiencias \u00fanicas y \u00fatiles para que puedas explorar la informaci\u00f3n que buscas. Mientras tanto, te invitamos a navegar por otras \u00e1reas de nuestro sitio y descubrir todo lo que ya tenemos disponible. Gracias por tu paciencia y por [&hellip;]<\/p>\n","protected":false},"author":1,"featured_media":0,"parent":0,"menu_order":0,"comment_status":"closed","ping_status":"closed","template":"","meta":{"_acf_changed":false,"_et_pb_use_builder":"on","_et_pb_old_content":"","_et_gb_content_width":"","footnotes":""},"class_list":["post-21083","page","type-page","status-publish","hentry"],"acf":[],"yoast_head":"<!-- This site is optimized with the Yoast SEO plugin v27.2 - https:\/\/yoast.com\/product\/yoast-seo-wordpress\/ -->\n<title>En construcci\u00f3n - C\u00e9sped Natural Novogreen<\/title>\n<meta name=\"robots\" content=\"index, follow, max-snippet:-1, max-image-preview:large, max-video-preview:-1\" \/>\n<link rel=\"canonical\" href=\"https:\/\/novogreen.net\/fr\/en-construccion\/\" \/>\n<meta property=\"og:locale\" content=\"fr_FR\" \/>\n<meta property=\"og:type\" content=\"article\" \/>\n<meta property=\"og:title\" content=\"En construcci\u00f3n - C\u00e9sped Natural Novogreen\" \/>\n<meta property=\"og:description\" content=\"Pr\u00f3ximamente Estamos trabajando para traerte contenido valioso y relevante en esta secci\u00f3n. Nuestro equipo se encuentra creando experiencias \u00fanicas y \u00fatiles para que puedas explorar la informaci\u00f3n que buscas. Mientras tanto, te invitamos a navegar por otras \u00e1reas de nuestro sitio y descubrir todo lo que ya tenemos disponible. Gracias por tu paciencia y por [&hellip;]\" \/>\n<meta property=\"og:url\" content=\"https:\/\/novogreen.net\/fr\/en-construccion\/\" \/>\n<meta property=\"og:site_name\" content=\"C\u00e9sped Natural Novogreen\" \/>\n<meta property=\"article:publisher\" content=\"https:\/\/www.facebook.com\/novogreencesped\" \/>\n<meta property=\"article:modified_time\" content=\"2026-03-27T13:49:27+00:00\" \/>\n<meta name=\"twitter:card\" content=\"summary_large_image\" \/>\n<meta name=\"twitter:site\" content=\"@Novogreen_sod\" \/>\n<script type=\"application\/ld+json\" class=\"yoast-schema-graph\">{\"@context\":\"https:\/\/schema.org\",\"@graph\":[{\"@type\":\"WebPage\",\"@id\":\"https:\/\/novogreen.net\/en-construccion\/\",\"url\":\"https:\/\/novogreen.net\/en-construccion\/\",\"name\":\"En construcci\u00f3n - C\u00e9sped Natural Novogreen\",\"isPartOf\":{\"@id\":\"https:\/\/novogreen.net\/#website\"},\"datePublished\":\"2026-03-27T13:35:08+00:00\",\"dateModified\":\"2026-03-27T13:49:27+00:00\",\"breadcrumb\":{\"@id\":\"https:\/\/novogreen.net\/en-construccion\/#breadcrumb\"},\"inLanguage\":\"fr-FR\",\"potentialAction\":[{\"@type\":\"ReadAction\",\"target\":[\"https:\/\/novogreen.net\/en-construccion\/\"]}]},{\"@type\":\"BreadcrumbList\",\"@id\":\"https:\/\/novogreen.net\/en-construccion\/#breadcrumb\",\"itemListElement\":[{\"@type\":\"ListItem\",\"position\":1,\"name\":\"Portada\",\"item\":\"https:\/\/novogreen.net\/\"},{\"@type\":\"ListItem\",\"position\":2,\"name\":\"En construcci\u00f3n\"}]},{\"@type\":\"WebSite\",\"@id\":\"https:\/\/novogreen.net\/#website\",\"url\":\"https:\/\/novogreen.net\/\",\"name\":\"C\u00e9sped Natural Novogreen\",\"description\":\"\",\"potentialAction\":[{\"@type\":\"SearchAction\",\"target\":{\"@type\":\"EntryPoint\",\"urlTemplate\":\"https:\/\/novogreen.net\/?s={search_term_string}\"},\"query-input\":{\"@type\":\"PropertyValueSpecification\",\"valueRequired\":true,\"valueName\":\"search_term_string\"}}],\"inLanguage\":\"fr-FR\"}]}<\/script>\n<!-- \/ Yoast SEO plugin. -->","yoast_head_json":{"title":"En construcci\u00f3n - C\u00e9sped Natural Novogreen","robots":{"index":"index","follow":"follow","max-snippet":"max-snippet:-1","max-image-preview":"max-image-preview:large","max-video-preview":"max-video-preview:-1"},"canonical":"https:\/\/novogreen.net\/fr\/en-construccion\/","og_locale":"fr_FR","og_type":"article","og_title":"En construcci\u00f3n - C\u00e9sped Natural Novogreen","og_description":"Pr\u00f3ximamente Estamos trabajando para traerte contenido valioso y relevante en esta secci\u00f3n. Nuestro equipo se encuentra creando experiencias \u00fanicas y \u00fatiles para que puedas explorar la informaci\u00f3n que buscas. Mientras tanto, te invitamos a navegar por otras \u00e1reas de nuestro sitio y descubrir todo lo que ya tenemos disponible. Gracias por tu paciencia y por [&hellip;]","og_url":"https:\/\/novogreen.net\/fr\/en-construccion\/","og_site_name":"C\u00e9sped Natural Novogreen","article_publisher":"https:\/\/www.facebook.com\/novogreencesped","article_modified_time":"2026-03-27T13:49:27+00:00","twitter_card":"summary_large_image","twitter_site":"@Novogreen_sod","schema":{"@context":"https:\/\/schema.org","@graph":[{"@type":"WebPage","@id":"https:\/\/novogreen.net\/en-construccion\/","url":"https:\/\/novogreen.net\/en-construccion\/","name":"En construcci\u00f3n - C\u00e9sped Natural Novogreen","isPartOf":{"@id":"https:\/\/novogreen.net\/#website"},"datePublished":"2026-03-27T13:35:08+00:00","dateModified":"2026-03-27T13:49:27+00:00","breadcrumb":{"@id":"https:\/\/novogreen.net\/en-construccion\/#breadcrumb"},"inLanguage":"fr-FR","potentialAction":[{"@type":"ReadAction","target":["https:\/\/novogreen.net\/en-construccion\/"]}]},{"@type":"BreadcrumbList","@id":"https:\/\/novogreen.net\/en-construccion\/#breadcrumb","itemListElement":[{"@type":"ListItem","position":1,"name":"Portada","item":"https:\/\/novogreen.net\/"},{"@type":"ListItem","position":2,"name":"En construcci\u00f3n"}]},{"@type":"WebSite","@id":"https:\/\/novogreen.net\/#website","url":"https:\/\/novogreen.net\/","name":"Gazon naturel Novogreen","description":"","potentialAction":[{"@type":"SearchAction","target":{"@type":"EntryPoint","urlTemplate":"https:\/\/novogreen.net\/?s={search_term_string}"},"query-input":{"@type":"PropertyValueSpecification","valueRequired":true,"valueName":"search_term_string"}}],"inLanguage":"fr-FR"}]}},"_links":{"self":[{"href":"https:\/\/novogreen.net\/fr\/wp-json\/wp\/v2\/pages\/21083","targetHints":{"allow":["GET"]}}],"collection":[{"href":"https:\/\/novogreen.net\/fr\/wp-json\/wp\/v2\/pages"}],"about":[{"href":"https:\/\/novogreen.net\/fr\/wp-json\/wp\/v2\/types\/page"}],"author":[{"embeddable":true,"href":"https:\/\/novogreen.net\/fr\/wp-json\/wp\/v2\/users\/1"}],"replies":[{"embeddable":true,"href":"https:\/\/novogreen.net\/fr\/wp-json\/wp\/v2\/comments?post=21083"}],"version-history":[{"count":4,"href":"https:\/\/novogreen.net\/fr\/wp-json\/wp\/v2\/pages\/21083\/revisions"}],"predecessor-version":[{"id":21087,"href":"https:\/\/novogreen.net\/fr\/wp-json\/wp\/v2\/pages\/21083\/revisions\/21087"}],"wp:attachment":[{"href":"https:\/\/novogreen.net\/fr\/wp-json\/wp\/v2\/media?parent=21083"}],"curies":[{"name":"wp","href":"https:\/\/api.w.org\/{rel}","templated":true}]}}