{"id":15689,"date":"2022-07-14T09:43:08","date_gmt":"2022-07-14T07:43:08","guid":{"rendered":"https:\/\/novogreen.net\/producto\/agrostis-stolonifera-tee-one\/"},"modified":"2026-03-25T16:07:13","modified_gmt":"2026-03-25T15:07:13","slug":"agrostis-stolonifera-tee-one","status":"publish","type":"product","link":"https:\/\/novogreen.net\/en\/product\/agrostis-stolonifera-tee-one\/","title":{"rendered":"Agrostis Stolonifera Tee One"},"content":{"rendered":"<table id=\"tablepress-20\" class=\"tablepress tablepress-id-20\">\n<tbody class=\"row-striping row-hover\">\n<tr class=\"row-1\">\n\t<td class=\"column-1\">Use<\/td><td class=\"column-2\">Golf course greens and tees, high-maintenance gardening and landscaping.<\/td>\n<\/tr>\n<tr class=\"row-2\">\n\t<td class=\"column-1\">Color<\/td><td class=\"column-2\">Dark blue-green.<\/td>\n<\/tr>\n<tr class=\"row-3\">\n\t<td class=\"column-1\">Blade width<\/td><td class=\"column-2\">Very fine.<\/td>\n<\/tr>\n<tr class=\"row-4\">\n\t<td class=\"column-1\">Yellowing\/winter discoloration<\/td><td class=\"column-2\">Very mild, it only occurs with very extreme temperatures.<\/td>\n<\/tr>\n<tr class=\"row-5\">\n\t<td class=\"column-1\">Soils<\/td><td class=\"column-2\">Sandy soils and well-drained soils. pH between 5.5 and 8.0.<\/td>\n<\/tr>\n<tr class=\"row-6\">\n\t<td class=\"column-1\">Growth\/reproduction<\/td><td class=\"column-2\">Erect and stoloniferous growth, very aggressive and vigorous.<\/td>\n<\/tr>\n<tr class=\"row-7\">\n\t<td class=\"column-1\">Wear and tear<\/td><td class=\"column-2\">High resistance.<\/td>\n<\/tr>\n<tr class=\"row-8\">\n\t<td class=\"column-1\">Recovery from damage<\/td><td class=\"column-2\">High resistance to trampling and pecking.<\/td>\n<\/tr>\n<tr class=\"row-9\">\n\t<td class=\"column-1\">Pests<\/td><td class=\"column-2\">High resistance.<\/td>\n<\/tr>\n<tr class=\"row-10\">\n\t<td class=\"column-1\">Diseases<\/td><td class=\"column-2\">High resistance.<\/td>\n<\/tr>\n<tr class=\"row-11\">\n\t<td class=\"column-1\">Heat<\/td><td class=\"column-2\">High resistance, provided you have the necessary amount of water.<\/td>\n<\/tr>\n<tr class=\"row-12\">\n\t<td class=\"column-1\">Cold<\/td><td class=\"column-2\">High resistance. Does not suffer from winter shutdown.<\/td>\n<\/tr>\n<tr class=\"row-13\">\n\t<td class=\"column-1\">Shade<\/td><td class=\"column-2\">Medium-high resistance.<\/td>\n<\/tr>\n<tr class=\"row-14\">\n\t<td class=\"column-1\">Drought<\/td><td class=\"column-2\">Medium resistance.<\/td>\n<\/tr>\n<tr class=\"row-15\">\n\t<td class=\"column-1\">Salinity<\/td><td class=\"column-2\">Medium resistance.<\/td>\n<\/tr>\n<tr class=\"row-16\">\n\t<td class=\"column-1\">Water requirements<\/td><td class=\"column-2\">Medium-high.<\/td>\n<\/tr>\n<tr class=\"row-17\">\n\t<td class=\"column-1\">Mowing<\/td><td class=\"column-2\">Very high frequency with helical blades. Cutting height between 3 and 10 mm.<\/td>\n<\/tr>\n<tr class=\"row-18\">\n\t<td class=\"column-1\">Weed control<\/td><td class=\"column-2\">High resistance if mowing height is low. It is mainly affected by Poa annua.<\/td>\n<\/tr>\n<tr class=\"row-19\">\n\t<td class=\"column-1\">Fertilizers<\/td><td class=\"column-2\">High needs.<\/td>\n<\/tr>\n<\/tbody>\n<\/table>\n<!-- #tablepress-20 from cache -->","protected":false},"excerpt":{"rendered":"<p>With a dark bluish-green color, this tufted species is ideal for use on golf course greens and tees and is one of the varieties most recommended by golf course designers.<\/p>\n<p>It has an excellent ability to recover from any external damage due to its aggressive growth and is very resistant to disease.<\/p>\n<p>It is a high-maintenance species.<\/p>","protected":false},"featured_media":19830,"comment_status":"closed","ping_status":"closed","template":"","meta":{"_acf_changed":false,"_et_pb_use_builder":"","_et_pb_old_content":"","_et_gb_content_width":""},"product_brand":[],"product_cat":[193,194,195],"product_tag":[],"class_list":{"0":"post-15689","1":"product","2":"type-product","3":"status-publish","4":"has-post-thumbnail","6":"product_cat-agrostis","7":"product_cat-frias","8":"product_cat-variedades","9":"pa_uso-golf","10":"pa_uso-ornamental","11":"pa_uso-otros-deportes","12":"pa_uso-paisajismo-premium","14":"first","15":"instock","16":"featured","17":"shipping-taxable","18":"product-type-simple"},"acf":[],"yoast_head":"<!-- This site is optimized with the Yoast SEO plugin v27.2 - https:\/\/yoast.com\/product\/yoast-seo-wordpress\/ -->\n<title>Agrostis Stolonifera Tee One - C\u00e9sped Natural Novogreen<\/title>\n<meta name=\"robots\" content=\"index, follow, max-snippet:-1, max-image-preview:large, max-video-preview:-1\" \/>\n<link rel=\"canonical\" href=\"https:\/\/novogreen.net\/en\/product\/agrostis-stolonifera-tee-one\/\" \/>\n<meta property=\"og:locale\" content=\"en_GB\" \/>\n<meta property=\"og:type\" content=\"article\" \/>\n<meta property=\"og:title\" content=\"Agrostis Stolonifera Tee One - C\u00e9sped Natural Novogreen\" \/>\n<meta property=\"og:description\" content=\"De un color verde azulado oscuro, esta especie cespitosa es ideal para su uso en greenes y tees de campos de golf y es una de las variedades m\u00e1s recomendadas por los dise\u00f1adores de campos de golf.  Tiene una excelente capacidad para recuperarse de cualquier da\u00f1o externo debido a su crecimiento agresivo y es muy resistente a las enfermedades.  Se trata de una especie de mantenimiento alto.\" \/>\n<meta property=\"og:url\" content=\"https:\/\/novogreen.net\/en\/product\/agrostis-stolonifera-tee-one\/\" \/>\n<meta property=\"og:site_name\" content=\"C\u00e9sped Natural Novogreen\" \/>\n<meta property=\"article:publisher\" content=\"https:\/\/www.facebook.com\/novogreencesped\" \/>\n<meta property=\"article:modified_time\" content=\"2026-03-25T15:07:13+00:00\" \/>\n<meta property=\"og:image\" content=\"https:\/\/novogreen.net\/wp-content\/uploads\/2022\/07\/MUESTRA_AGROSTIS_STOLONIFERA_PENN_CROSS-1.jpg\" \/>\n\t<meta property=\"og:image:width\" content=\"1200\" \/>\n\t<meta property=\"og:image:height\" content=\"800\" \/>\n\t<meta property=\"og:image:type\" content=\"image\/jpeg\" \/>\n<meta name=\"twitter:card\" content=\"summary_large_image\" \/>\n<meta name=\"twitter:site\" content=\"@Novogreen_sod\" \/>\n<meta name=\"twitter:label1\" content=\"Estimated reading time\" \/>\n\t<meta name=\"twitter:data1\" content=\"1 minute\" \/>\n<script type=\"application\/ld+json\" class=\"yoast-schema-graph\">{\"@context\":\"https:\/\/schema.org\",\"@graph\":[{\"@type\":\"WebPage\",\"@id\":\"https:\/\/novogreen.net\/producto\/agrostis-stolonifera-tee-one\/\",\"url\":\"https:\/\/novogreen.net\/producto\/agrostis-stolonifera-tee-one\/\",\"name\":\"Agrostis Stolonifera Tee One - C\u00e9sped Natural Novogreen\",\"isPartOf\":{\"@id\":\"https:\/\/novogreen.net\/#website\"},\"primaryImageOfPage\":{\"@id\":\"https:\/\/novogreen.net\/producto\/agrostis-stolonifera-tee-one\/#primaryimage\"},\"image\":{\"@id\":\"https:\/\/novogreen.net\/producto\/agrostis-stolonifera-tee-one\/#primaryimage\"},\"thumbnailUrl\":\"https:\/\/novogreen.net\/wp-content\/uploads\/2022\/07\/MUESTRA_AGROSTIS_STOLONIFERA_PENN_CROSS-1.jpg\",\"datePublished\":\"2022-07-14T07:43:08+00:00\",\"dateModified\":\"2026-03-25T15:07:13+00:00\",\"breadcrumb\":{\"@id\":\"https:\/\/novogreen.net\/producto\/agrostis-stolonifera-tee-one\/#breadcrumb\"},\"inLanguage\":\"en-GB\",\"potentialAction\":[{\"@type\":\"ReadAction\",\"target\":[\"https:\/\/novogreen.net\/producto\/agrostis-stolonifera-tee-one\/\"]}]},{\"@type\":\"ImageObject\",\"inLanguage\":\"en-GB\",\"@id\":\"https:\/\/novogreen.net\/producto\/agrostis-stolonifera-tee-one\/#primaryimage\",\"url\":\"https:\/\/novogreen.net\/wp-content\/uploads\/2022\/07\/MUESTRA_AGROSTIS_STOLONIFERA_PENN_CROSS-1.jpg\",\"contentUrl\":\"https:\/\/novogreen.net\/wp-content\/uploads\/2022\/07\/MUESTRA_AGROSTIS_STOLONIFERA_PENN_CROSS-1.jpg\",\"width\":1200,\"height\":800,\"caption\":\"User comments\"},{\"@type\":\"BreadcrumbList\",\"@id\":\"https:\/\/novogreen.net\/producto\/agrostis-stolonifera-tee-one\/#breadcrumb\",\"itemListElement\":[{\"@type\":\"ListItem\",\"position\":1,\"name\":\"Portada\",\"item\":\"https:\/\/novogreen.net\/\"},{\"@type\":\"ListItem\",\"position\":2,\"name\":\"Productos\",\"item\":\"https:\/\/novogreen.net\/tienda\/\"},{\"@type\":\"ListItem\",\"position\":3,\"name\":\"Agrostis Stolonifera Tee One\"}]},{\"@type\":\"WebSite\",\"@id\":\"https:\/\/novogreen.net\/#website\",\"url\":\"https:\/\/novogreen.net\/\",\"name\":\"C\u00e9sped Natural Novogreen\",\"description\":\"\",\"potentialAction\":[{\"@type\":\"SearchAction\",\"target\":{\"@type\":\"EntryPoint\",\"urlTemplate\":\"https:\/\/novogreen.net\/?s={search_term_string}\"},\"query-input\":{\"@type\":\"PropertyValueSpecification\",\"valueRequired\":true,\"valueName\":\"search_term_string\"}}],\"inLanguage\":\"en-GB\"}]}<\/script>\n<!-- \/ Yoast SEO plugin. -->","yoast_head_json":{"title":"Agrostis Stolonifera Tee One - C\u00e9sped Natural Novogreen","robots":{"index":"index","follow":"follow","max-snippet":"max-snippet:-1","max-image-preview":"max-image-preview:large","max-video-preview":"max-video-preview:-1"},"canonical":"https:\/\/novogreen.net\/en\/product\/agrostis-stolonifera-tee-one\/","og_locale":"en_GB","og_type":"article","og_title":"Agrostis Stolonifera Tee One - C\u00e9sped Natural Novogreen","og_description":"De un color verde azulado oscuro, esta especie cespitosa es ideal para su uso en greenes y tees de campos de golf y es una de las variedades m\u00e1s recomendadas por los dise\u00f1adores de campos de golf.  Tiene una excelente capacidad para recuperarse de cualquier da\u00f1o externo debido a su crecimiento agresivo y es muy resistente a las enfermedades.  Se trata de una especie de mantenimiento alto.","og_url":"https:\/\/novogreen.net\/en\/product\/agrostis-stolonifera-tee-one\/","og_site_name":"C\u00e9sped Natural Novogreen","article_publisher":"https:\/\/www.facebook.com\/novogreencesped","article_modified_time":"2026-03-25T15:07:13+00:00","og_image":[{"width":1200,"height":800,"url":"https:\/\/novogreen.net\/wp-content\/uploads\/2022\/07\/MUESTRA_AGROSTIS_STOLONIFERA_PENN_CROSS-1.jpg","type":"image\/jpeg"}],"twitter_card":"summary_large_image","twitter_site":"@Novogreen_sod","twitter_misc":{"Estimated reading time":"1 minute"},"schema":{"@context":"https:\/\/schema.org","@graph":[{"@type":"WebPage","@id":"https:\/\/novogreen.net\/producto\/agrostis-stolonifera-tee-one\/","url":"https:\/\/novogreen.net\/producto\/agrostis-stolonifera-tee-one\/","name":"Agrostis Stolonifera Tee One - C\u00e9sped Natural Novogreen","isPartOf":{"@id":"https:\/\/novogreen.net\/#website"},"primaryImageOfPage":{"@id":"https:\/\/novogreen.net\/producto\/agrostis-stolonifera-tee-one\/#primaryimage"},"image":{"@id":"https:\/\/novogreen.net\/producto\/agrostis-stolonifera-tee-one\/#primaryimage"},"thumbnailUrl":"https:\/\/novogreen.net\/wp-content\/uploads\/2022\/07\/MUESTRA_AGROSTIS_STOLONIFERA_PENN_CROSS-1.jpg","datePublished":"2022-07-14T07:43:08+00:00","dateModified":"2026-03-25T15:07:13+00:00","breadcrumb":{"@id":"https:\/\/novogreen.net\/producto\/agrostis-stolonifera-tee-one\/#breadcrumb"},"inLanguage":"en-GB","potentialAction":[{"@type":"ReadAction","target":["https:\/\/novogreen.net\/producto\/agrostis-stolonifera-tee-one\/"]}]},{"@type":"ImageObject","inLanguage":"en-GB","@id":"https:\/\/novogreen.net\/producto\/agrostis-stolonifera-tee-one\/#primaryimage","url":"https:\/\/novogreen.net\/wp-content\/uploads\/2022\/07\/MUESTRA_AGROSTIS_STOLONIFERA_PENN_CROSS-1.jpg","contentUrl":"https:\/\/novogreen.net\/wp-content\/uploads\/2022\/07\/MUESTRA_AGROSTIS_STOLONIFERA_PENN_CROSS-1.jpg","width":1200,"height":800,"caption":"User comments"},{"@type":"BreadcrumbList","@id":"https:\/\/novogreen.net\/producto\/agrostis-stolonifera-tee-one\/#breadcrumb","itemListElement":[{"@type":"ListItem","position":1,"name":"Portada","item":"https:\/\/novogreen.net\/"},{"@type":"ListItem","position":2,"name":"Productos","item":"https:\/\/novogreen.net\/tienda\/"},{"@type":"ListItem","position":3,"name":"Agrostis Stolonifera Tee One"}]},{"@type":"WebSite","@id":"https:\/\/novogreen.net\/#website","url":"https:\/\/novogreen.net\/","name":"Novogreen Natural Grass","description":"","potentialAction":[{"@type":"SearchAction","target":{"@type":"EntryPoint","urlTemplate":"https:\/\/novogreen.net\/?s={search_term_string}"},"query-input":{"@type":"PropertyValueSpecification","valueRequired":true,"valueName":"search_term_string"}}],"inLanguage":"en-GB"}]}},"_links":{"self":[{"href":"https:\/\/novogreen.net\/en\/wp-json\/wp\/v2\/product\/15689","targetHints":{"allow":["GET"]}}],"collection":[{"href":"https:\/\/novogreen.net\/en\/wp-json\/wp\/v2\/product"}],"about":[{"href":"https:\/\/novogreen.net\/en\/wp-json\/wp\/v2\/types\/product"}],"replies":[{"embeddable":true,"href":"https:\/\/novogreen.net\/en\/wp-json\/wp\/v2\/comments?post=15689"}],"wp:featuredmedia":[{"embeddable":true,"href":"https:\/\/novogreen.net\/en\/wp-json\/wp\/v2\/media\/19830"}],"wp:attachment":[{"href":"https:\/\/novogreen.net\/en\/wp-json\/wp\/v2\/media?parent=15689"}],"wp:term":[{"taxonomy":"product_brand","embeddable":true,"href":"https:\/\/novogreen.net\/en\/wp-json\/wp\/v2\/product_brand?post=15689"},{"taxonomy":"product_cat","embeddable":true,"href":"https:\/\/novogreen.net\/en\/wp-json\/wp\/v2\/product_cat?post=15689"},{"taxonomy":"product_tag","embeddable":true,"href":"https:\/\/novogreen.net\/en\/wp-json\/wp\/v2\/product_tag?post=15689"}],"curies":[{"name":"wp","href":"https:\/\/api.w.org\/{rel}","templated":true}]}}