{"id":15511,"date":"2022-06-03T07:49:40","date_gmt":"2022-06-03T05:49:40","guid":{"rendered":"https:\/\/novogreen.net\/producto\/paspalum-platinum\/"},"modified":"2026-03-25T16:08:02","modified_gmt":"2026-03-25T15:08:02","slug":"paspalum-platinum","status":"publish","type":"product","link":"https:\/\/novogreen.net\/en\/product\/paspalum-platinum\/","title":{"rendered":"Paspalum PlatinumTE"},"content":{"rendered":"<table id=\"tablepress-25\" class=\"tablepress tablepress-id-25\">\n<tbody class=\"row-striping row-hover\">\n<tr class=\"row-1\">\n\t<td class=\"column-1\">Use<\/td><td class=\"column-2\">Gardening, landscaping, golf, sports stadiums<\/td>\n<\/tr>\n<tr class=\"row-2\">\n\t<td class=\"column-1\">Color<\/td><td class=\"column-2\">Emerald green<\/td>\n<\/tr>\n<tr class=\"row-3\">\n\t<td class=\"column-1\">Blade width<\/td><td class=\"column-2\">Very fine<\/td>\n<\/tr>\n<tr class=\"row-4\">\n\t<td class=\"column-1\">Winter dormancy<\/td><td class=\"column-2\">P\u00e9rdida de color por debajo de los 8\u00b0C<\/td>\n<\/tr>\n<tr class=\"row-5\">\n\t<td class=\"column-1\">Soils<\/td><td class=\"column-2\">It tolerates soils with salinity and high water retention.<\/td>\n<\/tr>\n<tr class=\"row-6\">\n\t<td class=\"column-1\">Growth\/Reproduction<\/td><td class=\"column-2\">Spread by stolons and rhizomes<\/td>\n<\/tr>\n<tr class=\"row-7\">\n\t<td class=\"column-1\">Wear\/Trampling<\/td><td class=\"column-2\">High<\/td>\n<\/tr>\n<tr class=\"row-8\">\n\t<td class=\"column-1\">Recovery from damage<\/td><td class=\"column-2\">High<\/td>\n<\/tr>\n<tr class=\"row-9\">\n\t<td class=\"column-1\">Heat<\/td><td class=\"column-2\">High resistance.<\/td>\n<\/tr>\n<tr class=\"row-10\">\n\t<td class=\"column-1\">Cold<\/td><td class=\"column-2\">Medium resistance<\/td>\n<\/tr>\n<tr class=\"row-11\">\n\t<td class=\"column-1\">Shade<\/td><td class=\"column-2\">High<\/td>\n<\/tr>\n<tr class=\"row-12\">\n\t<td class=\"column-1\">Drought<\/td><td class=\"column-2\">High resistance.<\/td>\n<\/tr>\n<tr class=\"row-13\">\n\t<td class=\"column-1\">Salinity<\/td><td class=\"column-2\">Very high resistance: no other species tolerates salinity in soil or water better. It tolerates flooding or waterlogging very well.<\/td>\n<\/tr>\n<tr class=\"row-14\">\n\t<td class=\"column-1\">Water requirements<\/td><td class=\"column-2\">Very low, tolerates long periods without watering<\/td>\n<\/tr>\n<tr class=\"row-15\">\n\t<td class=\"column-1\">Mowing<\/td><td class=\"column-2\">Low frequency<\/td>\n<\/tr>\n<tr class=\"row-16\">\n\t<td class=\"column-1\">Weeds<\/td><td class=\"column-2\">Low weed impact<\/td>\n<\/tr>\n<tr class=\"row-17\">\n\t<td class=\"column-1\">Pests<\/td><td class=\"column-2\">High<\/td>\n<\/tr>\n<tr class=\"row-18\">\n\t<td class=\"column-1\">Diseases<\/td><td class=\"column-2\">High<\/td>\n<\/tr>\n<tr class=\"row-19\">\n\t<td class=\"column-1\">Fertilizers<\/td><td class=\"column-2\">Low requirements<\/td>\n<\/tr>\n<\/tbody>\n<\/table>\n<!-- #tablepress-25 from cache -->\n<p>&nbsp;<\/p>","protected":false},"excerpt":{"rendered":"<p>The world&#039;s number one Paspalum.<\/p>\n<p>When passion and precision meet on a turf, the result is Platinum TE\u00e2\u201e\u00a2<\/p>\n<p>This innovation from Paspalum by Dr. Ron R. Duncan offers unsurpassed playability and appearance.<\/p>\n<p>Platinum TE has a darker green color than other Paspalum varieties, a very fine leaf texture, and a very compact density.<\/p>\n<p>This naturally selected Paspalum is certified and approved, and perfect for installation from tee to green.<\/p>\n<p>Platinum TE is the turf chosen for more than 150 golf course and sports field projects worldwide, because it is shade tolerant, highly salt tolerant and exhibits very rapid chop recovery.<\/p>\n<p>License recently acquired by Novogreen in 2022<\/p>\n<p><a href=\"https:\/\/www.platinumte.com\/\">https:\/\/www.platinumte.com\/<\/a><\/p>","protected":false},"featured_media":11693,"comment_status":"closed","ping_status":"closed","template":"","meta":{"_acf_changed":false,"_et_pb_use_builder":"","_et_pb_old_content":"","_et_gb_content_width":""},"product_brand":[],"product_cat":[196,197,198,195],"product_tag":[],"class_list":{"0":"post-15511","1":"product","2":"type-product","3":"status-publish","4":"has-post-thumbnail","6":"product_cat-clima-calido","7":"product_cat-otras","8":"product_cat-paspalum","9":"product_cat-variedades","10":"pa_uso-futbol","11":"pa_uso-golf","12":"pa_uso-ornamental","13":"pa_uso-otros-deportes","15":"first","16":"instock","17":"shipping-taxable","18":"product-type-simple"},"acf":[],"yoast_head":"<!-- This site is optimized with the Yoast SEO plugin v27.2 - https:\/\/yoast.com\/product\/yoast-seo-wordpress\/ -->\n<title>Paspalum PlatinumTE - C\u00e9sped Natural Novogreen<\/title>\n<meta name=\"robots\" content=\"index, follow, max-snippet:-1, max-image-preview:large, max-video-preview:-1\" \/>\n<link rel=\"canonical\" href=\"https:\/\/novogreen.net\/en\/product\/paspalum-platinum\/\" \/>\n<meta property=\"og:locale\" content=\"en_GB\" \/>\n<meta property=\"og:type\" content=\"article\" \/>\n<meta property=\"og:title\" content=\"Paspalum PlatinumTE - C\u00e9sped Natural Novogreen\" \/>\n<meta property=\"og:description\" content=\"El Paspalum n\u00ba1 en el mundo.  Cuando la pasi\u00f3n y la precisi\u00f3n se encuentran en un c\u00e9sped, el resultado es Platinum TE\u00e2\u201e\u00a2  Esta innovaci\u00f3n de Paspalum del Dr. Ron R. Duncan ofrece una jugabilidad y una apariencia insuperables.  Platinum TE presenta un color verde m\u00e1s oscuro que otras variedades de Paspalum, textura de hoja muy fina y densidad muy compacta.  Este Paspalum seleccionado naturalmente est\u00e1 certificado y autorizado, y es perfecto para la instalaci\u00f3n desde el tee hasta el green.  Platinum TE es el c\u00e9sped elegido para m\u00e1s de 150 proyectos de campos de golf y campos deportivos en todo el mundo, por ser tolerante a la sombra, muy tolerante a la sal y presentar una rapid\u00edsima recuperaci\u00f3n de las chuletas.  Licencia recientemente adquirida por Novogreen en 2022  https:\/\/www.platinumte.com\/\" \/>\n<meta property=\"og:url\" content=\"https:\/\/novogreen.net\/en\/product\/paspalum-platinum\/\" \/>\n<meta property=\"og:site_name\" content=\"C\u00e9sped Natural Novogreen\" \/>\n<meta property=\"article:publisher\" content=\"https:\/\/www.facebook.com\/novogreencesped\" \/>\n<meta property=\"article:modified_time\" content=\"2026-03-25T15:08:02+00:00\" \/>\n<meta property=\"og:image\" content=\"https:\/\/novogreen.net\/wp-content\/uploads\/2022\/06\/platinum-te-paspalum-golf.jpg\" \/>\n\t<meta property=\"og:image:width\" content=\"1200\" \/>\n\t<meta property=\"og:image:height\" content=\"800\" \/>\n\t<meta property=\"og:image:type\" content=\"image\/jpeg\" \/>\n<meta name=\"twitter:card\" content=\"summary_large_image\" \/>\n<meta name=\"twitter:site\" content=\"@Novogreen_sod\" \/>\n<meta name=\"twitter:label1\" content=\"Estimated reading time\" \/>\n\t<meta name=\"twitter:data1\" content=\"1 minute\" \/>\n<script type=\"application\/ld+json\" class=\"yoast-schema-graph\">{\"@context\":\"https:\/\/schema.org\",\"@graph\":[{\"@type\":\"WebPage\",\"@id\":\"https:\/\/novogreen.net\/producto\/paspalum-platinum\/\",\"url\":\"https:\/\/novogreen.net\/producto\/paspalum-platinum\/\",\"name\":\"Paspalum PlatinumTE - C\u00e9sped Natural Novogreen\",\"isPartOf\":{\"@id\":\"https:\/\/novogreen.net\/#website\"},\"primaryImageOfPage\":{\"@id\":\"https:\/\/novogreen.net\/producto\/paspalum-platinum\/#primaryimage\"},\"image\":{\"@id\":\"https:\/\/novogreen.net\/producto\/paspalum-platinum\/#primaryimage\"},\"thumbnailUrl\":\"https:\/\/novogreen.net\/wp-content\/uploads\/2022\/06\/platinum-te-paspalum-golf.jpg\",\"datePublished\":\"2022-06-03T05:49:40+00:00\",\"dateModified\":\"2026-03-25T15:08:02+00:00\",\"breadcrumb\":{\"@id\":\"https:\/\/novogreen.net\/producto\/paspalum-platinum\/#breadcrumb\"},\"inLanguage\":\"en-GB\",\"potentialAction\":[{\"@type\":\"ReadAction\",\"target\":[\"https:\/\/novogreen.net\/producto\/paspalum-platinum\/\"]}]},{\"@type\":\"ImageObject\",\"inLanguage\":\"en-GB\",\"@id\":\"https:\/\/novogreen.net\/producto\/paspalum-platinum\/#primaryimage\",\"url\":\"https:\/\/novogreen.net\/wp-content\/uploads\/2022\/06\/platinum-te-paspalum-golf.jpg\",\"contentUrl\":\"https:\/\/novogreen.net\/wp-content\/uploads\/2022\/06\/platinum-te-paspalum-golf.jpg\",\"width\":1200,\"height\":800},{\"@type\":\"BreadcrumbList\",\"@id\":\"https:\/\/novogreen.net\/producto\/paspalum-platinum\/#breadcrumb\",\"itemListElement\":[{\"@type\":\"ListItem\",\"position\":1,\"name\":\"Portada\",\"item\":\"https:\/\/novogreen.net\/\"},{\"@type\":\"ListItem\",\"position\":2,\"name\":\"Productos\",\"item\":\"https:\/\/novogreen.net\/tienda\/\"},{\"@type\":\"ListItem\",\"position\":3,\"name\":\"Paspalum PlatinumTE\"}]},{\"@type\":\"WebSite\",\"@id\":\"https:\/\/novogreen.net\/#website\",\"url\":\"https:\/\/novogreen.net\/\",\"name\":\"C\u00e9sped Natural Novogreen\",\"description\":\"\",\"potentialAction\":[{\"@type\":\"SearchAction\",\"target\":{\"@type\":\"EntryPoint\",\"urlTemplate\":\"https:\/\/novogreen.net\/?s={search_term_string}\"},\"query-input\":{\"@type\":\"PropertyValueSpecification\",\"valueRequired\":true,\"valueName\":\"search_term_string\"}}],\"inLanguage\":\"en-GB\"}]}<\/script>\n<!-- \/ Yoast SEO plugin. -->","yoast_head_json":{"title":"Paspalum PlatinumTE - C\u00e9sped Natural Novogreen","robots":{"index":"index","follow":"follow","max-snippet":"max-snippet:-1","max-image-preview":"max-image-preview:large","max-video-preview":"max-video-preview:-1"},"canonical":"https:\/\/novogreen.net\/en\/product\/paspalum-platinum\/","og_locale":"en_GB","og_type":"article","og_title":"Paspalum PlatinumTE - C\u00e9sped Natural Novogreen","og_description":"El Paspalum n\u00ba1 en el mundo.  Cuando la pasi\u00f3n y la precisi\u00f3n se encuentran en un c\u00e9sped, el resultado es Platinum TE\u00e2\u201e\u00a2  Esta innovaci\u00f3n de Paspalum del Dr. Ron R. Duncan ofrece una jugabilidad y una apariencia insuperables.  Platinum TE presenta un color verde m\u00e1s oscuro que otras variedades de Paspalum, textura de hoja muy fina y densidad muy compacta.  Este Paspalum seleccionado naturalmente est\u00e1 certificado y autorizado, y es perfecto para la instalaci\u00f3n desde el tee hasta el green.  Platinum TE es el c\u00e9sped elegido para m\u00e1s de 150 proyectos de campos de golf y campos deportivos en todo el mundo, por ser tolerante a la sombra, muy tolerante a la sal y presentar una rapid\u00edsima recuperaci\u00f3n de las chuletas.  Licencia recientemente adquirida por Novogreen en 2022  https:\/\/www.platinumte.com\/","og_url":"https:\/\/novogreen.net\/en\/product\/paspalum-platinum\/","og_site_name":"C\u00e9sped Natural Novogreen","article_publisher":"https:\/\/www.facebook.com\/novogreencesped","article_modified_time":"2026-03-25T15:08:02+00:00","og_image":[{"width":1200,"height":800,"url":"https:\/\/novogreen.net\/wp-content\/uploads\/2022\/06\/platinum-te-paspalum-golf.jpg","type":"image\/jpeg"}],"twitter_card":"summary_large_image","twitter_site":"@Novogreen_sod","twitter_misc":{"Estimated reading time":"1 minute"},"schema":{"@context":"https:\/\/schema.org","@graph":[{"@type":"WebPage","@id":"https:\/\/novogreen.net\/producto\/paspalum-platinum\/","url":"https:\/\/novogreen.net\/producto\/paspalum-platinum\/","name":"Paspalum PlatinumTE - C\u00e9sped Natural Novogreen","isPartOf":{"@id":"https:\/\/novogreen.net\/#website"},"primaryImageOfPage":{"@id":"https:\/\/novogreen.net\/producto\/paspalum-platinum\/#primaryimage"},"image":{"@id":"https:\/\/novogreen.net\/producto\/paspalum-platinum\/#primaryimage"},"thumbnailUrl":"https:\/\/novogreen.net\/wp-content\/uploads\/2022\/06\/platinum-te-paspalum-golf.jpg","datePublished":"2022-06-03T05:49:40+00:00","dateModified":"2026-03-25T15:08:02+00:00","breadcrumb":{"@id":"https:\/\/novogreen.net\/producto\/paspalum-platinum\/#breadcrumb"},"inLanguage":"en-GB","potentialAction":[{"@type":"ReadAction","target":["https:\/\/novogreen.net\/producto\/paspalum-platinum\/"]}]},{"@type":"ImageObject","inLanguage":"en-GB","@id":"https:\/\/novogreen.net\/producto\/paspalum-platinum\/#primaryimage","url":"https:\/\/novogreen.net\/wp-content\/uploads\/2022\/06\/platinum-te-paspalum-golf.jpg","contentUrl":"https:\/\/novogreen.net\/wp-content\/uploads\/2022\/06\/platinum-te-paspalum-golf.jpg","width":1200,"height":800},{"@type":"BreadcrumbList","@id":"https:\/\/novogreen.net\/producto\/paspalum-platinum\/#breadcrumb","itemListElement":[{"@type":"ListItem","position":1,"name":"Portada","item":"https:\/\/novogreen.net\/"},{"@type":"ListItem","position":2,"name":"Productos","item":"https:\/\/novogreen.net\/tienda\/"},{"@type":"ListItem","position":3,"name":"Paspalum PlatinumTE"}]},{"@type":"WebSite","@id":"https:\/\/novogreen.net\/#website","url":"https:\/\/novogreen.net\/","name":"Novogreen Natural Grass","description":"","potentialAction":[{"@type":"SearchAction","target":{"@type":"EntryPoint","urlTemplate":"https:\/\/novogreen.net\/?s={search_term_string}"},"query-input":{"@type":"PropertyValueSpecification","valueRequired":true,"valueName":"search_term_string"}}],"inLanguage":"en-GB"}]}},"_links":{"self":[{"href":"https:\/\/novogreen.net\/en\/wp-json\/wp\/v2\/product\/15511","targetHints":{"allow":["GET"]}}],"collection":[{"href":"https:\/\/novogreen.net\/en\/wp-json\/wp\/v2\/product"}],"about":[{"href":"https:\/\/novogreen.net\/en\/wp-json\/wp\/v2\/types\/product"}],"replies":[{"embeddable":true,"href":"https:\/\/novogreen.net\/en\/wp-json\/wp\/v2\/comments?post=15511"}],"wp:featuredmedia":[{"embeddable":true,"href":"https:\/\/novogreen.net\/en\/wp-json\/wp\/v2\/media\/11693"}],"wp:attachment":[{"href":"https:\/\/novogreen.net\/en\/wp-json\/wp\/v2\/media?parent=15511"}],"wp:term":[{"taxonomy":"product_brand","embeddable":true,"href":"https:\/\/novogreen.net\/en\/wp-json\/wp\/v2\/product_brand?post=15511"},{"taxonomy":"product_cat","embeddable":true,"href":"https:\/\/novogreen.net\/en\/wp-json\/wp\/v2\/product_cat?post=15511"},{"taxonomy":"product_tag","embeddable":true,"href":"https:\/\/novogreen.net\/en\/wp-json\/wp\/v2\/product_tag?post=15511"}],"curies":[{"name":"wp","href":"https:\/\/api.w.org\/{rel}","templated":true}]}}