{"id":19850,"date":"2025-11-20T11:23:25","date_gmt":"2025-11-20T10:23:25","guid":{"rendered":"https:\/\/novogreen.net\/?page_id=19850"},"modified":"2026-04-14T23:29:22","modified_gmt":"2026-04-14T21:29:22","slug":"aviso-legal","status":"publish","type":"page","link":"https:\/\/novogreen.net\/en\/aviso-legal\/","title":{"rendered":"Legal notice"},"content":{"rendered":"<p>El presente Aviso Legal regula las condiciones generales de acceso y utilizaci\u00f3n del sitio web accesible en la direcci\u00f3n URL www.novogreen.net (en adelante, el sitio web), que NOVOGREEN, pone a disposici\u00f3n de los usuarios de Internet.<\/p>\n\n\n\n<p>La utilizaci\u00f3n del sitio web implica la aceptaci\u00f3n plena y sin reservas de todas y cada una de las disposiciones incluidas en este Aviso Legal. En consecuencia, el usuario del sitio web debe leer atentamente el presente Aviso Legal en cada una de las ocasiones en que se proponga utilizar la web, ya que el texto podr\u00eda sufrir modificaciones a criterio del titular de la web, o a causa de un cambio legislativo, jurisprudencial o en la pr\u00e1ctica empresarial.<\/p>\n\n\n\n<p>1.- TITULARIDAD DEL SITIO WEB.<\/p>\n\n\n\n<p>Nombre del titular: NOVOGREEN CESPED NATURAL, S.A.<\/p>\n\n\n\n<p>Domicilio social: C\/ Imagen, 10. 5\u00baB-C2 (41003-Sevilla)<\/p>\n\n\n\n<p>C.I.F.: A91461400<\/p>\n\n\n\n<p>Tel\u00e9fono de contacto: 954 99 14 39<\/p>\n\n\n\n<p>2.- OBJETO.<\/p>\n\n\n\n<p>El sitio web facilita a los usuarios del mismo el acceso a informaci\u00f3n y servicios prestados por NOVOGREEN, a aquellas personas u organizaciones interesadas en los mismos.<\/p>\n\n\n\n<p>3.- ACCESO Y UTILIZACI\u00c1\u201cN DE LA WEB.<\/p>\n\n\n\n<p>3.1.- Car\u00e1cter gratuito del acceso y utilizaci\u00f3n de la web. El acceso a la web tiene car\u00e1cter gratuito para los usuarios de la misma.<\/p>\n\n\n\n<p>3.2.- Registro de usuarios. Con car\u00e1cter general el acceso y utilizaci\u00f3n de la web no exige la previa suscripci\u00f3n o registro de los usuarios de la misma.<\/p>\n\n\n\n<p>4.- CONTENIDOS DE LA WEB.<\/p>\n\n\n\n<p>El idioma utilizado por el titular en la web ser\u00e1 el castellano. NOVOGREEN, no se responsabiliza de la no comprensi\u00f3n o entendimiento del idioma de la web por el usuario, ni de sus consecuencias.<\/p>\n\n\n\n<p>NOVOGREEN, podr\u00e1 modificar los contenidos sin previo aviso, as\u00ed como suprimir y cambiar \u00e9stos dentro de la web, como la forma en que se accede a \u00e9stos, sin justificaci\u00f3n alguna y libremente, no responsabiliz\u00e1ndose de las consecuencias que los mismos puedan ocasionar a los usuarios.<\/p>\n\n\n\n<p>NOVOGREEN, no responder\u00e1 de los da\u00f1os o perjuicios causados por decisiones tomadas en base a la informaci\u00f3n difundida por este medio; ni de posibles inexactitudes, omisiones o errores contenidos en el mismo, siendo el usuario el \u00fanico responsable por el uso que le da al sitio web, los resultados, las conclusiones o las decisiones que adopte con base a ese contenido. Nada en la web ser\u00e1 considerado o tomado como asesoramiento financiero.<\/p>\n\n\n\n<p>Se proh\u00edbe el uso de los contenidos de la web para promocionar, contratar o divulgar publicidad o informaci\u00f3n propia o de terceras personas sin la autorizaci\u00f3n de NOVOGREEN, ni remitir publicidad o informaci\u00f3n vali\u00e9ndose para ello de los servicios o informaci\u00f3n que se ponen a disposici\u00f3n de los usuarios, independientemente de si la utilizaci\u00f3n es gratuita o no.<\/p>\n\n\n\n<p>Los enlaces o hiperenlaces que incorporen terceros en sus p\u00e1ginas web, dirigidos a esta web, ser\u00e1n para la apertura de la p\u00e1gina web completa, no pudiendo manifestar, directa o indirectamente, indicaciones falsas, inexactas o confusas, ni incurrir en acciones desleales o il\u00edcitas en contra de NOVOGREEN.<\/p>\n\n\n\n<p>5.- LIMITACI\u00c1\u201cN DE RESPONSABILIDAD.<\/p>\n\n\n\n<p>Tanto el acceso a la web como el uso no consentido que pueda efectuarse de la informaci\u00f3n contenida en la misma es de la exclusiva responsabilidad de quien lo realiza. NOVOGREEN, no responder\u00e1 de ninguna consecuencia, da\u00f1o o perjuicio que pudieran derivarse de dicho acceso o uso. NOVOGREEN, no se hace responsable de los errores de seguridad, que se puedan producir ni de los da\u00f1os que puedan causarse al sistema inform\u00e1tico del usuario (hardware y software), o a los ficheros o documentos almacenados en el mismo, como consecuencia de:<\/p>\n\n\n\n<ul class=\"wp-block-list\">\n<li>La presencia de un virus en el ordenador del usuario que sea utilizado para la conexi\u00f3n a los servicios y contenidos de la web.<\/li>\n\n\n\n<li>Un mal funcionamiento del navegador. y\/o el uso de versiones no actualizadas del mismo.<\/li>\n<\/ul>\n\n\n\n<p>NOVOGREEN, no se hace responsable de la fiabilidad y rapidez de los hiperenlaces que se incorporen en la web para la apertura de otras. NOVOGREEN, no garantiza la utilidad de estos enlaces, ni se responsabiliza de los contenidos o servicios a los que pueda acceder el usuario por medio de estos enlaces, ni del buen funcionamiento de estas webs.<\/p>\n\n\n\n<p>NOVOGREEN, no ser\u00e1 responsable de los virus o dem\u00e1s programas inform\u00e1ticos que deterioren o puedan deteriorar los sistemas o equipos inform\u00e1ticos de los usuarios al acceder a su web u otras webs a las que se haya accedido mediante enlaces de esta web.<\/p>\n\n\n\n<p>6.- EMPLEO DE LA TECNOLOG\u00c1\u008dA \u00abCOOKIE\u00bb\u009d.<\/p>\n\n\n\n<p>La web emplea cookies, puede consultar nuestra Pol\u00edtica de Cookies, que respeta en todo momento la confidencialidad e intimidad del mismo.<\/p>\n\n\n\n<p>7.- PROPIEDAD INTELECTUAL E INDUSTRIAL.<\/p>\n\n\n\n<p>NOVOGREEN, ostenta todos los derechos de propiedad industrial e intelectual, directamente o a trav\u00e9s de acuerdos con terceros, de los textos, fotograf\u00edas, logotipo y dem\u00e1s elementos gr\u00e1ficos, as\u00ed como su forma de presentaci\u00f3n, protegidas por sus derechos de autor.<\/p>\n\n\n\n<p>Cualquier uso de la web o sus contenidos deber\u00e1 tener un car\u00e1cter exclusivamente particular.<\/p>\n\n\n\n<p>Ning\u00fan usuario podr\u00e1 llevar a cabo la copia, reproducci\u00f3n, distribuci\u00f3n, transformaci\u00f3n, comunicaci\u00f3n p\u00fablica o cualquier otra acci\u00f3n similar, de todo o parte de los contenidos de la web, sin la autorizaci\u00f3n previa y por escrito de NOVOGREEN.<\/p>\n\n\n\n<p>8.- LEGISLACI\u00c1\u201cN APLICABLE Y JURISDICCI\u00c1\u201cN COMPETENTE.<\/p>\n\n\n\n<p>El presente Aviso Legal se interpretar\u00e1 y regir\u00e1 de conformidad con la legislaci\u00f3n espa\u00f1ola. NOVOGREEN, y los usuarios, con renuncia expresa a cualquier otro fuero que pudiera corresponderles, se someten al de los juzgados y tribunales del domicilio del usuario para cualquier controversia que pudiera derivarse del acceso o uso de la web. En el caso de que el usuario tenga su domicilio fuera de Espa\u00f1a, NOVOGREEN, y el usuario, se someten, con renuncia expresa a cualquier otro fuero, a los juzgados y tribunales de Sevilla.OVOGREEN CESPED NATURAL, S.A.<br>NIF: A91461400<br>Domicilio Social: C\/ Imagen, 10. 5\u00baB-C2 (41003-Sevilla)<br>Telephone: 954 99 14 39<\/p>\n\n\n\n<p><strong>Finalidad del tratamiento de sus datos<\/strong><br>\u00ab\u201c Formulario de Contacto: Trataremos la informaci\u00f3n que nos facilita con el fin de gestionar su solicitud o consulta, y en el caso de comenzar una relaci\u00f3n contractual prestarle el servicio que nos solicite, realizar la facturaci\u00f3n del mismo, y mantener la relaci\u00f3n comercial<br>\u00ab\u201c Suscripci\u00f3n de la Newsletter: Trataremos la informaci\u00f3n que nos facilita con el fin de enviarle, v\u00eda email, art\u00edculos de inter\u00e9s sobre Novogreen, y del \u00e1mbito en que nuestra empresa se desenvuelve.<\/p>\n\n\n\n<p><strong>Destinatario<\/strong><br>Los datos no se ceder\u00e1n a terceros, salvo obligaci\u00f3n legal.<\/p>\n\n\n\n<p><strong>Conservaci\u00f3n de sus datos<\/strong><br>Los datos proporcionados se conservar\u00e1n mientras se mantenga la relaci\u00f3n comercial, o durante los a\u00f1os necesarios para cumplir con las obligaciones legales.<\/p>\n\n\n\n<p><strong>Derechos<\/strong><br>Tiene usted derecho a acceder a sus datos personales, rectificar los datos inexactos, o solicitar su supresi\u00f3n cuando los datos ya no sean necesarios.<\/p>","protected":false},"excerpt":{"rendered":"<p>El presente Aviso Legal regula las condiciones generales de acceso y utilizaci\u00f3n del sitio web accesible en la direcci\u00f3n URL www.novogreen.net (en adelante, el sitio web), que NOVOGREEN, pone a disposici\u00f3n de los usuarios de Internet. La utilizaci\u00f3n del sitio web implica la aceptaci\u00f3n plena y sin reservas de todas y cada una de las [&hellip;]<\/p>\n","protected":false},"author":1,"featured_media":0,"parent":0,"menu_order":0,"comment_status":"closed","ping_status":"closed","template":"","meta":{"_acf_changed":false,"_et_pb_use_builder":"","_et_pb_old_content":"","_et_gb_content_width":"1440","footnotes":""},"class_list":["post-19850","page","type-page","status-publish","hentry"],"acf":[],"yoast_head":"<!-- This site is optimized with the Yoast SEO plugin v27.4 - https:\/\/yoast.com\/product\/yoast-seo-wordpress\/ -->\n<title>Aviso legal - C\u00e9sped Natural Novogreen<\/title>\n<meta name=\"robots\" content=\"index, follow, max-snippet:-1, max-image-preview:large, max-video-preview:-1\" \/>\n<link rel=\"canonical\" href=\"https:\/\/novogreen.net\/en\/aviso-legal\/\" \/>\n<meta property=\"og:locale\" content=\"en_GB\" \/>\n<meta property=\"og:type\" content=\"article\" \/>\n<meta property=\"og:title\" content=\"Aviso legal - C\u00e9sped Natural Novogreen\" \/>\n<meta property=\"og:description\" content=\"El presente Aviso Legal regula las condiciones generales de acceso y utilizaci\u00f3n del sitio web accesible en la direcci\u00f3n URL www.novogreen.net (en adelante, el sitio web), que NOVOGREEN, pone a disposici\u00f3n de los usuarios de Internet. La utilizaci\u00f3n del sitio web implica la aceptaci\u00f3n plena y sin reservas de todas y cada una de las [&hellip;]\" \/>\n<meta property=\"og:url\" content=\"https:\/\/novogreen.net\/en\/aviso-legal\/\" \/>\n<meta property=\"og:site_name\" content=\"C\u00e9sped Natural Novogreen\" \/>\n<meta property=\"article:publisher\" content=\"https:\/\/www.facebook.com\/novogreencesped\" \/>\n<meta property=\"article:modified_time\" content=\"2026-04-14T21:29:22+00:00\" \/>\n<meta name=\"twitter:card\" content=\"summary_large_image\" \/>\n<meta name=\"twitter:site\" content=\"@Novogreen_sod\" \/>\n<meta name=\"twitter:label1\" content=\"Estimated reading time\" \/>\n\t<meta name=\"twitter:data1\" content=\"6 minutes\" \/>\n<script type=\"application\/ld+json\" class=\"yoast-schema-graph\">{\"@context\":\"https:\\\/\\\/schema.org\",\"@graph\":[{\"@type\":\"WebPage\",\"@id\":\"https:\\\/\\\/novogreen.net\\\/aviso-legal\\\/\",\"url\":\"https:\\\/\\\/novogreen.net\\\/aviso-legal\\\/\",\"name\":\"Aviso legal - C\u00e9sped Natural Novogreen\",\"isPartOf\":{\"@id\":\"https:\\\/\\\/novogreen.net\\\/#website\"},\"datePublished\":\"2025-11-20T10:23:25+00:00\",\"dateModified\":\"2026-04-14T21:29:22+00:00\",\"breadcrumb\":{\"@id\":\"https:\\\/\\\/novogreen.net\\\/aviso-legal\\\/#breadcrumb\"},\"inLanguage\":\"en-GB\",\"potentialAction\":[{\"@type\":\"ReadAction\",\"target\":[\"https:\\\/\\\/novogreen.net\\\/aviso-legal\\\/\"]}]},{\"@type\":\"BreadcrumbList\",\"@id\":\"https:\\\/\\\/novogreen.net\\\/aviso-legal\\\/#breadcrumb\",\"itemListElement\":[{\"@type\":\"ListItem\",\"position\":1,\"name\":\"Portada\",\"item\":\"https:\\\/\\\/novogreen.net\\\/\"},{\"@type\":\"ListItem\",\"position\":2,\"name\":\"Aviso legal\"}]},{\"@type\":\"WebSite\",\"@id\":\"https:\\\/\\\/novogreen.net\\\/#website\",\"url\":\"https:\\\/\\\/novogreen.net\\\/\",\"name\":\"C\u00e9sped Natural Novogreen\",\"description\":\"\",\"potentialAction\":[{\"@type\":\"SearchAction\",\"target\":{\"@type\":\"EntryPoint\",\"urlTemplate\":\"https:\\\/\\\/novogreen.net\\\/?s={search_term_string}\"},\"query-input\":{\"@type\":\"PropertyValueSpecification\",\"valueRequired\":true,\"valueName\":\"search_term_string\"}}],\"inLanguage\":\"en-GB\"}]}<\/script>\n<!-- \/ Yoast SEO plugin. -->","yoast_head_json":{"title":"Aviso legal - C\u00e9sped Natural Novogreen","robots":{"index":"index","follow":"follow","max-snippet":"max-snippet:-1","max-image-preview":"max-image-preview:large","max-video-preview":"max-video-preview:-1"},"canonical":"https:\/\/novogreen.net\/en\/aviso-legal\/","og_locale":"en_GB","og_type":"article","og_title":"Aviso legal - C\u00e9sped Natural Novogreen","og_description":"El presente Aviso Legal regula las condiciones generales de acceso y utilizaci\u00f3n del sitio web accesible en la direcci\u00f3n URL www.novogreen.net (en adelante, el sitio web), que NOVOGREEN, pone a disposici\u00f3n de los usuarios de Internet. La utilizaci\u00f3n del sitio web implica la aceptaci\u00f3n plena y sin reservas de todas y cada una de las [&hellip;]","og_url":"https:\/\/novogreen.net\/en\/aviso-legal\/","og_site_name":"C\u00e9sped Natural Novogreen","article_publisher":"https:\/\/www.facebook.com\/novogreencesped","article_modified_time":"2026-04-14T21:29:22+00:00","twitter_card":"summary_large_image","twitter_site":"@Novogreen_sod","twitter_misc":{"Estimated reading time":"6 minutes"},"schema":{"@context":"https:\/\/schema.org","@graph":[{"@type":"WebPage","@id":"https:\/\/novogreen.net\/aviso-legal\/","url":"https:\/\/novogreen.net\/aviso-legal\/","name":"Aviso legal - C\u00e9sped Natural Novogreen","isPartOf":{"@id":"https:\/\/novogreen.net\/#website"},"datePublished":"2025-11-20T10:23:25+00:00","dateModified":"2026-04-14T21:29:22+00:00","breadcrumb":{"@id":"https:\/\/novogreen.net\/aviso-legal\/#breadcrumb"},"inLanguage":"en-GB","potentialAction":[{"@type":"ReadAction","target":["https:\/\/novogreen.net\/aviso-legal\/"]}]},{"@type":"BreadcrumbList","@id":"https:\/\/novogreen.net\/aviso-legal\/#breadcrumb","itemListElement":[{"@type":"ListItem","position":1,"name":"Portada","item":"https:\/\/novogreen.net\/"},{"@type":"ListItem","position":2,"name":"Aviso legal"}]},{"@type":"WebSite","@id":"https:\/\/novogreen.net\/#website","url":"https:\/\/novogreen.net\/","name":"Novogreen Natural Grass","description":"","potentialAction":[{"@type":"SearchAction","target":{"@type":"EntryPoint","urlTemplate":"https:\/\/novogreen.net\/?s={search_term_string}"},"query-input":{"@type":"PropertyValueSpecification","valueRequired":true,"valueName":"search_term_string"}}],"inLanguage":"en-GB"}]}},"_links":{"self":[{"href":"https:\/\/novogreen.net\/en\/wp-json\/wp\/v2\/pages\/19850","targetHints":{"allow":["GET"]}}],"collection":[{"href":"https:\/\/novogreen.net\/en\/wp-json\/wp\/v2\/pages"}],"about":[{"href":"https:\/\/novogreen.net\/en\/wp-json\/wp\/v2\/types\/page"}],"author":[{"embeddable":true,"href":"https:\/\/novogreen.net\/en\/wp-json\/wp\/v2\/users\/1"}],"replies":[{"embeddable":true,"href":"https:\/\/novogreen.net\/en\/wp-json\/wp\/v2\/comments?post=19850"}],"version-history":[{"count":1,"href":"https:\/\/novogreen.net\/en\/wp-json\/wp\/v2\/pages\/19850\/revisions"}],"predecessor-version":[{"id":21254,"href":"https:\/\/novogreen.net\/en\/wp-json\/wp\/v2\/pages\/19850\/revisions\/21254"}],"wp:attachment":[{"href":"https:\/\/novogreen.net\/en\/wp-json\/wp\/v2\/media?parent=19850"}],"curies":[{"name":"wp","href":"https:\/\/api.w.org\/{rel}","templated":true}]}}